{"id":883,"date":"2017-05-24T16:00:02","date_gmt":"2017-05-24T14:00:02","guid":{"rendered":"https:\/\/www.esaf2019.ch\/fr\/?page_id=883"},"modified":"2019-08-15T14:22:50","modified_gmt":"2019-08-15T12:22:50","slug":"supporters","status":"publish","type":"page","link":"https:\/\/www.esaf2019.ch\/fr\/partenaires\/supporters\/","title":{"rendered":"Supporters"},"content":{"rendered":"<div style='height:90px' class='hr hr-invisible '><span class='hr-inner ' ><span class='hr-inner-style'><\/span><\/span><\/div>\n<div style='padding-bottom:30px;font-size:35px;' class='av-special-heading av-special-heading-h4  blockquote modern-quote   av-thin-font av-inherit-size'><h4 class='av-special-heading-tag'  itemprop=\"headline\"  >Supporters<strong>.<\/strong><\/h4><div class='special-heading-border'><div class='special-heading-inner-border' ><\/div><\/div><\/div>\n<div class=\"flex_column av_one_third  flex_column_div av-zero-column-padding first  \" style='border-radius:0px; '><p><div style='padding-bottom:4px;' class='av-special-heading av-special-heading-h6  blockquote modern-quote  '><h6 class='av-special-heading-tag'  itemprop=\"headline\"  >A &#8211; G<\/h6><div class='special-heading-border'><div class='special-heading-inner-border' ><\/div><\/div><\/div><br \/>\n<section class=\"av_textblock_section\"  itemscope=\"itemscope\" itemtype=\"https:\/\/schema.org\/CreativeWork\" ><div class='avia_textblock '   itemprop=\"text\" ><p><a href=\"https:\/\/www.abadis.ch\/\" target=\"_blank\" rel=\"noopener noreferrer\">Abadis AG, Baar\u00a0<\/a><br \/>\n<a href=\"http:\/\/aibit.ch\" target=\"_blank\" rel=\"noopener noreferrer\">aibIT GmbH, Altendorf<\/a><br \/>\n<a href=\"http:\/\/www.aloisbaderag.ch\">Alois Bader AG, Seelisberg<\/a><br \/>\n<a href=\"http:\/\/www.axpo.com\/axpo\/ch\/de\/home.html\" target=\"_blank\" rel=\"noopener noreferrer\">A<\/a><a href=\"http:\/\/arnold-pfister.ch\/\" target=\"_blank\" rel=\"noopener noreferrer\">rnold Pfister AG, Sch\u00f6nenberg<\/a><br \/>\nAlropa AG, Rotkreuz<br \/>\n<a href=\"http:\/\/www.alu-menziken.com\" target=\"_blank\" rel=\"noopener noreferrer\">Alu Menziken Extrusion AG, Reinach<\/a><br \/>\n<a href=\"https:\/\/www.audisana.ch\" target=\"_blank\" rel=\"noopener noreferrer\">audisana GmbH, Wallisellen<\/a><br \/>\n<a href=\"https:\/\/www.portmann.ag\" target=\"_blank\" rel=\"noopener noreferrer\">August Portmann AG, Zug<\/a><br \/>\n<a href=\"http:\/\/www.axess.ch\" target=\"_blank\" rel=\"noopener noreferrer\">Axess Architekten AG, Zug <\/a><br \/>\n<a href=\"http:\/\/www.axpo.com\/axpo\/ch\/de\/home.html\" target=\"_blank\" rel=\"noopener noreferrer\">Axpo Holding AG, Baden<\/a><br \/>\n<a href=\"http:\/\/www.axpo.com\/axpo\/ch\/de\/home.html\" target=\"_blank\" rel=\"noopener noreferrer\">Axpo Services AG, Baden<\/a><br \/>\n<a href=\"http:\/\/www.bachmann-bau.ch\" target=\"_blank\" rel=\"noopener noreferrer\">Peter Bachmann AG Bauunternehmung, Kirchleerau<\/a><br \/>\n<a href=\"https:\/\/www.backaldrin.com\/fr-ch\/)\" target=\"_blank\" rel=\"noopener noreferrer\">backaldrin Suisse AG, Winterthur<\/a><br \/>\n<a href=\"https:\/\/www.baerkarrer.ch\" target=\"_blank\" rel=\"noopener noreferrer\">B\u00e4r &amp; Karrer AG, Z\u00fcrich <\/a><br \/>\n<a href=\"http:\/\/www.baulink.ch\" target=\"_blank\" rel=\"noopener noreferrer\">Baulink AG, Davos<\/a><br \/>\n<a href=\"https:\/\/www.bentru-reinigung.ch\/\" target=\"_blank\" rel=\"noopener noreferrer\">bentru Geb\u00e4udereinigung GmbH, Baar<\/a><br \/>\n<a href=\"https:\/\/www.schlafwohl.ch\/\" target=\"_blank\" rel=\"noopener noreferrer\">Bettenfachgesch\u00e4ft Schlafwohl, Baar<\/a><br \/>\n<a href=\"https:\/\/www.bkw.ch\" target=\"_blank\" rel=\"noopener noreferrer\">BKW AG, Bern<\/a><br \/>\n<a href=\"https:\/\/www.body-worx.ch\/willkommen\/\" target=\"_blank\" rel=\"noopener noreferrer\">BodyWorx Fitness Company AG, Steinhausen<\/a><br \/>\n<a href=\"https:\/\/www.bossard.com\/fr\" target=\"_blank\" rel=\"noopener noreferrer\">Bossard AG, Zug<\/a><br \/>\n<a href=\"https:\/\/www.bruno-gubler.ch\" target=\"_blank\" rel=\"noopener noreferrer\">Bruno Gubler AG, Oberentfelden<\/a><br \/>\n<a href=\"http:\/\/www.buehlmann-partner.ch\/\" target=\"_blank\" rel=\"noopener noreferrer\">B\u00fchlmann &amp; Partner Baumanagement GmbH, Steinhausen<\/a><br \/>\n<a href=\"http:\/\/www.bfbag.ch\" target=\"_blank\" rel=\"noopener noreferrer\">B\u00fcro f\u00fcr Bau\u00f6konomie AG, Luzern<\/a><br \/>\n<a href=\"http:\/\/www.busi-gartenbau.ch\" target=\"_blank\" rel=\"noopener noreferrer\">Busi Gartenbau GmbH, Seengen<\/a><br \/>\n<a href=\"https:\/\/www.lindt.ch\/fr\" target=\"_blank\" rel=\"noopener noreferrer\">Chocoladefabriken Lindt &amp; Spr\u00fcngli AG, Kilchberg<\/a><br \/>\n<a href=\"https:\/\/www.cliveden-trading.ch\/v2\/index.php\" target=\"_blank\" rel=\"noopener noreferrer\">Cliveden Trading AG, Zug<\/a><br \/>\n<a href=\"https:\/\/www.comfox.ch\/\" target=\"_blank\" rel=\"noopener noreferrer\">Comfox AG, H\u00fcnenberg<\/a><br \/>\n<a href=\"http:\/\/communicaziun.ch\" target=\"_blank\" rel=\"noopener noreferrer\" data-saferedirecturl=\"https:\/\/www.google.com\/url?hl=de&amp;q=http:\/\/communicaziun.ch&amp;source=gmail&amp;ust=1502977691634000&amp;usg=AFQjCNFeDlX1VtAba24iLUuKeamuYmdg0Q\">communicaziun.ch<\/a> <a href=\"http:\/\/communicaziun.ch\/\">ag, Ilanz<\/a><br \/>\n<a href=\"https:\/\/www.condecta.ch\/\" target=\"_blank\" rel=\"noopener noreferrer\">Condecta AG, Winterthur<\/a><br \/>\n<a href=\"https:\/\/coundco.ch\" target=\"_blank\" rel=\"noopener noreferrer\">coUNDco AG, Z\u00fcrich <\/a><br \/>\n<a href=\"https:\/\/www.createch.ch\/fr\/\" target=\"_blank\" rel=\"noopener noreferrer\">createch ag, Langenthal <\/a><br \/>\n<a href=\"https:\/\/www.team.jobs\" target=\"_blank\" rel=\"noopener noreferrer\">das team ag, Luzern<\/a><br \/>\n<a href=\"http:\/\/www.databaar.ch\/\" target=\"_blank\" rel=\"noopener noreferrer\">Databaar (Stadtantennen AG), Baar<\/a><br \/>\nD. D. Industrie Service GmbH, H\u00fcnenberg<br \/>\n<a href=\"http:\/\/www.della-casa-ag.ch\/\" target=\"_blank\" rel=\"noopener noreferrer\">Della Casa AG, H\u00fcnenberg<\/a><br \/>\n<a href=\"http:\/\/www.feliton.ch\/\" target=\"_blank\" rel=\"noopener noreferrer\">Feliton AG, Gerlafingen<\/a><br \/>\n<a href=\"http:\/\/www.fineac.ch\" target=\"_blank\" rel=\"noopener noreferrer\">Fineac Treuhand Zug AG, Zug<\/a><br \/>\n<a href=\"https:\/\/www.suterpumpen.ch\" target=\"_blank\" rel=\"noopener noreferrer\">Franz Suter GmbH, Sins<\/a><br \/>\n<a href=\"https:\/\/www.fundamentagroup.com\/\" target=\"_blank\" rel=\"noopener noreferrer\">Fundamenta Group (Schweiz) AG, Zug<\/a><br \/>\n<a href=\"https:\/\/www.glastroesch.ch\/fr\/\" target=\"_blank\" rel=\"noopener noreferrer\">Glas Tr\u00f6sch Holding AG, B\u00fctzberg <\/a><br \/>\n<a href=\"http:\/\/www.gregorfurrer.ch\" target=\"_blank\" rel=\"noopener noreferrer\">Gregor Furrer &amp; Partner Holding AG, Baar<\/a><br \/>\n<a href=\"https:\/\/www.grp-ing.ch\/\" target=\"_blank\" rel=\"noopener noreferrer\">GRP Ingenieure AG, Rotkreuz <\/a><br \/>\n<a href=\"https:\/\/www.gysi.ch\" target=\"_blank\" rel=\"noopener noreferrer\">Gysi AG, Baar<\/a><\/p>\n<\/div><\/section><\/p><\/div>\n<div class=\"flex_column av_one_third  flex_column_div av-zero-column-padding   \" style='border-radius:0px; '><p><div style='padding-bottom:4px;' class='av-special-heading av-special-heading-h6  blockquote modern-quote  '><h6 class='av-special-heading-tag'  itemprop=\"headline\"  >H &#8211; N<\/h6><div class='special-heading-border'><div class='special-heading-inner-border' ><\/div><\/div><\/div><br \/>\n<section class=\"av_textblock_section\"  itemscope=\"itemscope\" itemtype=\"https:\/\/schema.org\/CreativeWork\" ><div class='avia_textblock '   itemprop=\"text\" ><p><a href=\"http:\/\/www.halter.ch\/fr\" target=\"_blank\" rel=\"noopener noreferrer\">Halter AG, Bern<\/a><br \/>\n<a href=\"https:\/\/eisenring-kuechenbau.ch\/\" target=\"_blank\" rel=\"noopener noreferrer\">Hans Eisenring AG, Sirnach<\/a><br \/>\n<a href=\"http:\/\/www.huerlimann-tiefbau.ch\/\" target=\"_blank\" rel=\"noopener noreferrer\">Hans H\u00fcrlimann AG, Cham<\/a><br \/>\nHans Hulliger Treuhand, Belp<br \/>\n<a href=\"http:\/\/www.hausheer-elektro.ch\" target=\"_blank\" rel=\"noopener noreferrer\">Hausheer Elektro AG, Cham<\/a><br \/>\n<a href=\"https:\/\/www.conciergepro.ch\" target=\"_blank\" rel=\"noopener noreferrer\">hauswartprofis AG, M\u00e4genwil <\/a><br \/>\n<a href=\"https:\/\/www.heimgartner.com\/fr\/\" target=\"_blank\" rel=\"noopener noreferrer\">Heimgartner Fahnen AG, Will SG<\/a><br \/>\n<a href=\"https:\/\/www.hilti.ch\/fr\" target=\"_blank\" rel=\"noopener noreferrer\">Hilti (Schweiz) AG, Adliswil<\/a><br \/>\nErnst H\u00f6hener AG, Obfelden<br \/>\nH\u00f6hener Immobilien AG, Obfelden<br \/>\nH\u00f6nag Merenschwand AG, Merenschwand<br \/>\n<a href=\"http:\/\/www.altepost.swiss\/\" target=\"_blank\" rel=\"noopener noreferrer\">Hotel Alte Post, Bonaduz<\/a><br \/>\n<a href=\"https:\/\/www.baeren-guttannen.ch\/\" target=\"_blank\" rel=\"noopener noreferrer\">Hotel B\u00e4ren, Guttannen<\/a><br \/>\n<a href=\"http:\/\/www.hunziker.ag\" target=\"_blank\" rel=\"noopener noreferrer\">Hunziker<\/a><br \/>\n<a href=\"http:\/\/www.ineichen-ag.ch\/\" target=\"_blank\" rel=\"noopener noreferrer\">Ineichen AG Zug Bauunternehmung, Baar<\/a><br \/>\n<a href=\"https:\/\/www.infra-com.ch\" target=\"_blank\" rel=\"noopener noreferrer\">Infra-Com Swiss AG, Sursee <\/a><br \/>\n<a href=\"https:\/\/www.innflow.com\" target=\"_blank\" rel=\"noopener noreferrer\">Innflow AG, Rotkreuz<\/a><br \/>\n<a href=\"http:\/\/www.intercity.ch\" target=\"_blank\" rel=\"noopener noreferrer\">Intercity Verwaltungs-AG, Z\u00fcrich<\/a><br \/>\n<a href=\"http:\/\/intersnack.ch\" target=\"_blank\" rel=\"noopener noreferrer\">Intersnack Schweiz AG, Givisiez<\/a><br \/>\n<a href=\"http:\/\/investas.vfischer.ch\/\" target=\"_blank\" rel=\"noopener noreferrer\">Investas AG, Bern<\/a><br \/>\n<a href=\"https:\/\/www.invision.ch\/en\/\" target=\"_blank\" rel=\"noopener noreferrer\">Invision AG, Zug <\/a><br \/>\n<a href=\"https:\/\/www.iso4.ch\" target=\"_blank\" rel=\"noopener noreferrer\">iso4 AG, Cham<\/a><br \/>\n<a href=\"https:\/\/chde.joiebaby.com\/\" target=\"_blank\" rel=\"noopener noreferrer\">Joie Baby Schweiz<\/a><br \/>\n<a href=\"https:\/\/www.jokerpersonal.ch\/\" target=\"_blank\" rel=\"noopener noreferrer\">Joker Personal AG, Affoltern am Albis<\/a><br \/>\n<a href=\"https:\/\/www.juris.ch\/treuhand\" target=\"_blank\" rel=\"noopener noreferrer\">Juris Treuhand AG, Zug<\/a><br \/>\n<a href=\"http:\/\/www.kanal-engel.ch\/\" target=\"_blank\" rel=\"noopener noreferrer\">Kanal Engel AG, Abtwil<\/a><br \/>\n<a href=\"http:\/\/kbt.ch\" target=\"_blank\" rel=\"noopener noreferrer\">KBT Treuhand AG Zug, Baar<\/a><br \/>\n<a href=\"http:\/\/kbt-businesscenters.ch\" target=\"_blank\" rel=\"noopener noreferrer\">KBT Treuhand Business Center AG, Baar<\/a><br \/>\n<a href=\"http:\/\/www.knueselmeier.ch\/\" target=\"_blank\" rel=\"noopener noreferrer\">Kn\u00fcsel + Meier AG, Sins<\/a><br \/>\n<u><\/u>Kolin Holding AG, Zug<br \/>\n<a href=\"http:\/\/www.lawzug.ch\" target=\"_blank\" rel=\"noopener noreferrer\">Lenzlinger Advokatur, Zug<\/a><br \/>\nLMB Haustechnik GmbH<br \/>\n<a href=\"https:\/\/www.loreal.ch\" target=\"_blank\" rel=\"noopener noreferrer\">L\u2019Or\u00e9al Suisse SA, Vernier<\/a><br \/>\n<a href=\"http:\/\/hammerteam.ch\/\" target=\"_blank\" rel=\"noopener noreferrer\">L\u00fcdi Ariel (Hammer Team), Cham<\/a><br \/>\n<a href=\"https:\/\/www.marquart-treuhand.ch\/\" target=\"_blank\" rel=\"noopener noreferrer\">Marquart Treuhand AG, Z\u00fcrich<\/a><br \/>\n<a href=\"http:\/\/www.metallumgroup.com\" target=\"_blank\" rel=\"noopener noreferrer\">METALLUM Metallhandel AG, Regensdorf<\/a><br \/>\n<a href=\"http:\/\/www.montaserv.ch\" target=\"_blank\" rel=\"noopener noreferrer\">Montaserv Montagebau AG, H\u00fcnenberg<\/a><br \/>\n<a href=\"https:\/\/www.mpseuropa.ch\/\" target=\"_blank\" rel=\"noopener noreferrer\">MPS Europa AG, Baar<\/a><br \/>\n<a href=\"https:\/\/www.naef-group.ch\/fr\/Home.2.html\" target=\"_blank\" rel=\"noopener noreferrer\">Naef GROUP, Freienbach<\/a><br \/>\n<a href=\"http:\/\/www.newemag.ch\/de\" target=\"_blank\" rel=\"noopener noreferrer\">Newemag AG, Eschenbach<\/a><br \/>\n<a href=\"http:\/\/www.niedermann-ag.ch\" target=\"_blank\" rel=\"noopener noreferrer\">Niedermann AG, Baar<\/a><br \/>\n<a href=\"https:\/\/nordwandgroup.com\/de\/\" target=\"_blank\" rel=\"noopener noreferrer\">Nordwand Group AG, Z\u00fcrich<\/a><br \/>\n<a href=\"http:\/\/www.novosan.ch\/\" target=\"_blank\" rel=\"noopener noreferrer\">Novosan AG, Deisswil bei Stettlen<\/a><br \/>\n<a href=\"http:\/\/www.rmt-ag.ch\" target=\"_blank\" rel=\"noopener noreferrer\">RMT Engineering AG, Zug<\/a><br \/>\n<a href=\"https:\/\/www.nussbaum.ch\/fr\" target=\"_blank\" rel=\"noopener noreferrer\">R. Nussbaum AG, Olten<\/a><\/p>\n<\/div><\/section><\/p><\/div>\n<div class=\"flex_column av_one_third  flex_column_div av-zero-column-padding   \" style='border-radius:0px; '><p><div style='padding-bottom:4px;' class='av-special-heading av-special-heading-h6  blockquote modern-quote  '><h6 class='av-special-heading-tag'  itemprop=\"headline\"  >O &#8211; Z<\/h6><div class='special-heading-border'><div class='special-heading-inner-border' ><\/div><\/div><\/div><br \/>\n<section class=\"av_textblock_section\"  itemscope=\"itemscope\" itemtype=\"https:\/\/schema.org\/CreativeWork\" ><div class='avia_textblock '   itemprop=\"text\" ><p><a href=\"http:\/\/www.otthag.ch\/\" target=\"_blank\" rel=\"noopener noreferrer\">H. Otth AG, Baar<\/a><br \/>\n<a href=\"https:\/\/www.pens-expert.ch\/fr\/\" target=\"_blank\" rel=\"noopener noreferrer\">PensExpert AG, Luzern<\/a><br \/>\n<a href=\"https:\/\/www.plafondnova.ch\" target=\"_blank\" rel=\"noopener noreferrer\">Plafondnova AG, Rotkreuz<\/a><br \/>\n<a href=\"https:\/\/polygate.ch\" target=\"_blank\" rel=\"noopener noreferrer\">Polygate AG, Zug<\/a><br \/>\n<a href=\"http:\/\/www.primepool.ch\/\" target=\"_blank\" rel=\"noopener noreferrer\">primepool AG, Zug<\/a><br \/>\n<a href=\"https:\/\/kleiderbuegel-shop.ch\/\" target=\"_blank\" rel=\"noopener noreferrer\">Prochema Baar AG, Baar<\/a><br \/>\nQuorum Consulting GmbH, Zug<br \/>\n<a href=\"https:\/\/www.reichmuthco.ch\/\" target=\"_blank\" rel=\"noopener noreferrer\">Reichmuth &amp; Co Investement Management AG, Luzern<\/a><br \/>\n<a href=\"https:\/\/richnerstutz.ch\/\" target=\"_blank\" rel=\"noopener noreferrer\">Richnerstutz AG, Villmergen<\/a><br \/>\n<a href=\"http:\/\/www.ritcon.ch\/\" target=\"_blank\" rel=\"noopener noreferrer\">RITCON GmbH, Luzern<\/a><br \/>\n<a href=\"https:\/\/www.roto-dachfenster.ch\/\" target=\"_blank\" rel=\"noopener noreferrer\">Roto Frank (Schweiz) GmbH, Dietikon<\/a><br \/>\n<a href=\"http:\/\/www.schilliger.ch\/\" target=\"_blank\" rel=\"noopener noreferrer\">Schilliger Holz AG, K\u00fcssnacht<\/a><br \/>\n<a href=\"http:\/\/www.rmt-ag.ch\" target=\"_blank\" rel=\"noopener noreferrer\">RMT Engineering AG, Zug<\/a><br \/>\n<a href=\"https:\/\/www.roth.ch\" target=\"_blank\" rel=\"noopener noreferrer\">Roth AG, Gerlafingen<\/a><br \/>\n<a href=\"https:\/\/schubiger-online.ch\" target=\"_blank\" rel=\"noopener noreferrer\">SCHUBIGER Haushalt, St. Gallen<\/a><br \/>\n<a href=\"https:\/\/www.securitas.ch\/fr\" target=\"_blank\" rel=\"noopener noreferrer\">Securitas AG, Luzern<\/a><br \/>\n<a href=\"http:\/\/www.si-schwarz.ch\" target=\"_blank\" rel=\"noopener noreferrer\">SI Schwarz Investments AG, Zug<\/a><br \/>\n<a href=\"https:\/\/www.sportility.ch\/\" target=\"_blank\" rel=\"noopener noreferrer\">Sportility AG Premium Sportoutlet, Root<\/a><br \/>\n<a href=\"https:\/\/www.steinkeller-hunger.ch\" target=\"_blank\" rel=\"noopener noreferrer\">Steinkeller &amp; Hunger Lebensmittel AG, Jenins<\/a><br \/>\n<a href=\"http:\/\/www.stelinvest.ch\" target=\"_blank\" rel=\"noopener noreferrer\">Stelinvest SA, Chiasso<\/a><br \/>\nSTICO AG, Riedholz<br \/>\n<a href=\"https:\/\/www.stiebel-eltron.ch\/\" target=\"_blank\" rel=\"noopener noreferrer\">Stiebel Eltron AG, Lupfig<\/a><br \/>\n<a href=\"https:\/\/www.stihl.ch\" target=\"_blank\" rel=\"noopener noreferrer\">STIHL Vertriebs AG, M\u00f6nchaltorf<\/a><br \/>\nTatneft Europe AG, Zug<br \/>\n<a href=\"https:\/\/www.teco.ch\" target=\"_blank\" rel=\"noopener noreferrer\">TECO Engineering AG, H\u00fcnenberg<\/a><br \/>\n<a href=\"https:\/\/www.tellco.ch\/prevoyance\" target=\"_blank\" rel=\"noopener noreferrer\">Tellco AG, Schwyz <\/a><br \/>\n<a href=\"https:\/\/www.thali.ch\" target=\"_blank\" rel=\"noopener noreferrer\">Thali AG, Hitzkirch<\/a><br \/>\n<a href=\"http:\/\/www.thommen-recycling.ch\" target=\"_blank\" rel=\"noopener noreferrer\">Thommen AG, Kaiseraugst<\/a><br \/>\n<a href=\"http:\/\/www.tobias-huerlimann.ch\/flash\/index_fla.html\" target=\"_blank\" rel=\"noopener noreferrer\">Tobias H\u00fcrlimann &#8211; Sanit\u00e4r Heizung Schlosserei, Walchwil<\/a><br \/>\n<a href=\"https:\/\/www.toitoi.ch\/\" target=\"_blank\" rel=\"noopener noreferrer\">TOI TOI AG, Buchs<\/a><br \/>\n<a href=\"http:\/\/www.topkomevents.ch\/\" target=\"_blank\" rel=\"noopener noreferrer\">Topkom Events GmbH, Bolligen<\/a><br \/>\n<a href=\"https:\/\/www.torotoro.ch\/restaurant\/willkommen\/\" target=\"_blank\" rel=\"noopener noreferrer\">ToroToro Steak &amp; Burger, Steinhausen<\/a><br \/>\n<a href=\"https:\/\/www.tracopower.com\" target=\"_blank\" rel=\"noopener noreferrer\">Traco Power, Baar<\/a><br \/>\n<a href=\"https:\/\/trb-treuhand.ch\/\" target=\"_blank\" rel=\"noopener noreferrer\">TRB Treuhand-, Revisions- &amp; Beratungs AG, Wollerau<\/a><br \/>\n<a href=\"http:\/\/www.treureva.ch\/\" target=\"_blank\" rel=\"noopener noreferrer\">Treureva AG, Z\u00fcrich\u00a0<\/a><br \/>\n<a href=\"https:\/\/www.trueb-ag.ch\" target=\"_blank\" rel=\"noopener noreferrer\">Tr\u00fcb f\u00fcr Gr\u00fcn<\/a><br \/>\n<a href=\"https:\/\/www.tschuemperlin-ag.ch\/\" target=\"_blank\" rel=\"noopener noreferrer\">A. Tsch\u00fcmperlin AG, Baar<\/a><br \/>\n<a href=\"http:\/\/www.tt-tueren.ch\" target=\"_blank\" rel=\"noopener noreferrer\">TT T\u00fcrenfabrik Turbenthal AG, Turbenthal<\/a><br \/>\n<a href=\"https:\/\/www.veeam.com\" target=\"_blank\" rel=\"noopener noreferrer\">Veeam Software AG, Baar<\/a><br \/>\n<a href=\"https:\/\/www.vipets.ch\/\" target=\"_blank\" rel=\"noopener noreferrer\">V.I.Pets AG, Ober\u00e4geri<\/a><br \/>\n<a href=\"https:\/\/www.weissappetito.com\" target=\"_blank\" rel=\"noopener noreferrer\">Weiss+Appetito AG, Bern<\/a><br \/>\n<a href=\"https:\/\/www.wercotrade.com\" target=\"_blank\" rel=\"noopener noreferrer\">Werco Trade AG, Zug<\/a><br \/>\n<a href=\"https:\/\/winkler.ch\/\" target=\"_blank\" rel=\"noopener noreferrer\">Winkler Livecom AG<\/a><br \/>\n<a href=\"https:\/\/www.you-are-special.ch\" target=\"_blank\" rel=\"noopener noreferrer\">You Are Special \u2013 Events AG, Opfikon-Glattbrugg<\/a><br \/>\n<a href=\"http:\/\/piconorm.de\/kontakt.htm\" target=\"_blank\" rel=\"noopener noreferrer\">Zagro AG Elevator Components, Uitikon<\/a><br \/>\n<a href=\"https:\/\/www.swisscloture.ch\/fr\" target=\"_blank\" rel=\"noopener noreferrer\">Zaunteam AG, Frauenfeld<\/a><br \/>\n<a href=\"https:\/\/www.angiologie-aargau.ch\" target=\"_blank\" rel=\"noopener noreferrer\">Zentrum f\u00fcr Gef\u00e4ssmedizin Mittelland AG, Aarau<\/a><br \/>\n<a href=\"http:\/\/www.kieferorthopaedie-zug.ch\/\" target=\"_blank\" rel=\"noopener noreferrer\">Zentrum f\u00fcr Kieferorthop\u00e4die, Kinder- und Jugendzahnmedizin AG, Zug<\/a><br \/>\n<a href=\"https:\/\/www.zvb.ch\/\" target=\"_blank\" rel=\"noopener noreferrer\">Zugerland Verkehrsbetriebe AG, Zug<\/a><br \/>\nZulauf Asset Management AG, Baar<\/p>\n<\/div><\/section><\/p><\/div>\n","protected":false},"excerpt":{"rendered":"","protected":false},"author":2,"featured_media":0,"parent":515,"menu_order":0,"comment_status":"closed","ping_status":"closed","template":"","meta":{"footnotes":""},"class_list":["post-883","page","type-page","status-publish","hentry"],"_links":{"self":[{"href":"https:\/\/www.esaf2019.ch\/fr\/wp-json\/wp\/v2\/pages\/883","targetHints":{"allow":["GET"]}}],"collection":[{"href":"https:\/\/www.esaf2019.ch\/fr\/wp-json\/wp\/v2\/pages"}],"about":[{"href":"https:\/\/www.esaf2019.ch\/fr\/wp-json\/wp\/v2\/types\/page"}],"author":[{"embeddable":true,"href":"https:\/\/www.esaf2019.ch\/fr\/wp-json\/wp\/v2\/users\/2"}],"replies":[{"embeddable":true,"href":"https:\/\/www.esaf2019.ch\/fr\/wp-json\/wp\/v2\/comments?post=883"}],"version-history":[{"count":88,"href":"https:\/\/www.esaf2019.ch\/fr\/wp-json\/wp\/v2\/pages\/883\/revisions"}],"predecessor-version":[{"id":6142,"href":"https:\/\/www.esaf2019.ch\/fr\/wp-json\/wp\/v2\/pages\/883\/revisions\/6142"}],"up":[{"embeddable":true,"href":"https:\/\/www.esaf2019.ch\/fr\/wp-json\/wp\/v2\/pages\/515"}],"wp:attachment":[{"href":"https:\/\/www.esaf2019.ch\/fr\/wp-json\/wp\/v2\/media?parent=883"}],"curies":[{"name":"wp","href":"https:\/\/api.w.org\/{rel}","templated":true}]}}