{"id":560,"date":"2016-05-11T23:25:50","date_gmt":"2016-05-11T23:25:50","guid":{"rendered":"http:\/\/test.kriesi.at\/enfold-gym\/?page_id=560"},"modified":"2018-10-17T09:09:57","modified_gmt":"2018-10-17T07:09:57","slug":"sport","status":"publish","type":"page","link":"https:\/\/www.esaf2019.ch\/fr\/sport\/","title":{"rendered":"Sport"},"content":{"rendered":"<\/div><\/div><\/div><!-- close content main div --><\/div><\/div><div id='av_section_1' class='avia-section main_color avia-section-default avia-no-border-styling avia-full-stretch avia-bg-style-scroll  av-minimum-height av-minimum-height-25 container_wrap sidebar_right' style = 'background-repeat: no-repeat; background-image: url(https:\/\/www.esaf2019.ch\/fr\/wp-content\/uploads\/2018\/08\/schwinghosen.jpg); background-attachment: scroll; background-position: top left; ' data-section-bg-repeat='stretch' ><div class='container' ><div class='template-page content  av-content-small alpha units'><div class='post-entry post-entry-type-page post-entry-560'><div class='entry-content-wrapper clearfix'><\/div><\/div><\/div><!-- close content main div --><\/div><\/div><div id='after_section_1' class='main_color av_default_container_wrap container_wrap sidebar_right'   ><div class='container' ><div class='template-page content  av-content-small alpha units'><div class='post-entry post-entry-type-page post-entry-560'><div class='entry-content-wrapper clearfix'>\n<\/div><\/div><\/div><!-- close content main div --><\/div><\/div><div id='av_section_2' class='avia-section main_color avia-section-large avia-no-border-styling avia-bg-style-scroll  container_wrap sidebar_right'   ><div class='container' ><div class='template-page content  av-content-small alpha units'><div class='post-entry post-entry-type-page post-entry-560'><div class='entry-content-wrapper clearfix'>\n<div class=\"flex_column av_one_half  flex_column_div av-zero-column-padding first  \" style='border-radius:0px; '><section class=\"av_textblock_section\"  itemscope=\"itemscope\" itemtype=\"https:\/\/schema.org\/CreativeWork\" ><div class='avia_textblock '   itemprop=\"text\" ><h3><strong>La lutte suisse<\/strong><\/h3>\n<p>La lutte suisse est une discipline sportive moderne qui a su garder ses origines tr\u00e8s anciennes. De nombreuses coutumes et traditions sont \u00e9troitement li\u00e9es \u00e0 ce sport et aux f\u00eates de lutte. En r\u00e9sum\u00e9 : la lutte est un lien id\u00e9al entre les traditions, le sport et le progr\u00e8s.<\/p>\n<\/div><\/section><\/div><div class=\"flex_column av_one_half  flex_column_div av-zero-column-padding   \" style='border-radius:0px; '><section class=\"av_textblock_section\"  itemscope=\"itemscope\" itemtype=\"https:\/\/schema.org\/CreativeWork\" ><div class='avia_textblock '   itemprop=\"text\" ><h3><strong>Lancer la pierre<\/strong><\/h3>\n<p>Le lancer de la pierre fait partie des plus anciennes disciplines sportives. L&#8217;utilisation pr\u00e9historique de pierres comme arme de jet n\u00e9cessitait un entra\u00eenement sp\u00e9cial quant \u00e0 la distance et la pr\u00e9cision de tir; ensuite, le lancer de la pierre est devenu une activit\u00e9 ludique.<\/p>\n<\/div><\/section><\/div><div class=\"flex_column av_one_half  flex_column_div av-zero-column-padding first  \" style='border-radius:0px; '><div class='avia-button-wrap avia-button-left '><a href='https:\/\/www.esaf2019.ch\/fr\/sport\/lutte\/' class='avia-button  avia-icon_select-no avia-color-theme-color avia-size-x-large avia-position-left '   ><span class='avia_iconbox_title' >La lutte suisse<\/span><\/a><\/div><\/div><div class=\"flex_column av_one_half  flex_column_div av-zero-column-padding   \" style='border-radius:0px; '><div class='avia-button-wrap avia-button-left '><a href='https:\/\/www.esaf2019.ch\/fr\/sport\/lancerdelapierre\/' class='avia-button  avia-icon_select-no avia-color-theme-color avia-size-x-large avia-position-left '   ><span class='avia_iconbox_title' >Lancer la pierre<\/span><\/a><\/div><\/div><div style='height:50px' class='hr hr-invisible '><span class='hr-inner ' ><span class='hr-inner-style'><\/span><\/span><\/div>\n<\/div><\/div><\/div><!-- close content main div --><\/div><\/div><div id='after_section_2' class='main_color av_default_container_wrap container_wrap sidebar_right'   ><div class='container' ><div class='template-page content  av-content-small alpha units'><div class='post-entry post-entry-type-page post-entry-560'><div class='entry-content-wrapper clearfix'>\n<div id='av-masonry-1' class='av-masonry noHover av-fixed-size av-no-gap av-hover-overlay-active av-masonry-col-4 av-caption-always av-caption-style- av-masonry-gallery    '  ><div class='av-masonry-container isotope av-js-disabled ' ><div class='av-masonry-entry isotope-item av-masonry-item-no-image '><\/div><a href=\"https:\/\/www.esaf2019.ch\/fr\/wp-content\/uploads\/2017\/06\/ESAF-2019-Zug_Bilderpool_S24-1030x687.jpg\" id='av-masonry-1-item-1701' data-av-masonry-item='1701' class='av-masonry-entry isotope-item post-1701 attachment type-attachment status-inherit hentry  av-masonry-item-with-image' title=\"ESAF Zug - Eidg. Schwing- und \u00c4lplerfest 2019\"  itemprop=\"thumbnailUrl\" ><div class='av-inner-masonry-sizer'><\/div><figure class='av-inner-masonry main_color'><div class=\"av-masonry-outerimage-container\"><div class=\"av-masonry-image-container\" style=\"background-image: url(https:\/\/www.esaf2019.ch\/fr\/wp-content\/uploads\/2017\/06\/ESAF-2019-Zug_Bilderpool_S24-705x470.jpg);\"><img decoding=\"async\" src=\"https:\/\/www.esaf2019.ch\/fr\/wp-content\/uploads\/2017\/06\/ESAF-2019-Zug_Bilderpool_S24-705x470.jpg\" title=\"ESAF Zug &#8211; Eidg. Schwing- und \u00c4lplerfest 2019\" alt=\"ESAF Zug - Eidg. Schwing- und \u00c4lplerfest 2019\" \/><\/div><\/div><\/figure><\/a><!--end av-masonry entry--><a href=\"https:\/\/www.esaf2019.ch\/fr\/wp-content\/uploads\/2017\/06\/ESAF-2019-Kanton-Zug-1030x687.jpg\" id='av-masonry-1-item-1697' data-av-masonry-item='1697' class='av-masonry-entry isotope-item post-1697 attachment type-attachment status-inherit hentry  av-masonry-item-with-image' title=\"ESAF Zug - Eidg. Schwing- und \u00c4lplerfest 2019\"  itemprop=\"thumbnailUrl\" ><div class='av-inner-masonry-sizer'><\/div><figure class='av-inner-masonry main_color'><div class=\"av-masonry-outerimage-container\"><div class=\"av-masonry-image-container\" style=\"background-image: url(https:\/\/www.esaf2019.ch\/fr\/wp-content\/uploads\/2017\/06\/ESAF-2019-Kanton-Zug-705x470.jpg);\"><img decoding=\"async\" src=\"https:\/\/www.esaf2019.ch\/fr\/wp-content\/uploads\/2017\/06\/ESAF-2019-Kanton-Zug-705x470.jpg\" title=\"ESAF Zug &#8211; Eidg. Schwing- und \u00c4lplerfest 2019\" alt=\"ESAF Zug - Eidg. Schwing- und \u00c4lplerfest 2019\" \/><\/div><\/div><\/figure><\/a><!--end av-masonry entry--><a href=\"https:\/\/www.esaf2019.ch\/fr\/wp-content\/uploads\/2018\/06\/steinstossen-341.jpg\" id='av-masonry-1-item-4161' data-av-masonry-item='4161' class='av-masonry-entry isotope-item post-4161 attachment type-attachment status-inherit hentry  av-masonry-item-with-image' title=\"\"  itemprop=\"thumbnailUrl\" ><div class='av-inner-masonry-sizer'><\/div><figure class='av-inner-masonry main_color'><div class=\"av-masonry-outerimage-container\"><div class=\"av-masonry-image-container\" style=\"background-image: url(https:\/\/www.esaf2019.ch\/fr\/wp-content\/uploads\/2018\/06\/steinstossen-341-705x470.jpg);\"><img decoding=\"async\" src=\"https:\/\/www.esaf2019.ch\/fr\/wp-content\/uploads\/2018\/06\/steinstossen-341-705x470.jpg\" title=\"steinstossen-341\" alt=\"\" \/><\/div><\/div><\/figure><\/a><!--end av-masonry entry--><a href=\"https:\/\/www.esaf2019.ch\/fr\/wp-content\/uploads\/2018\/06\/steinstossen-415.jpg\" id='av-masonry-1-item-4159' data-av-masonry-item='4159' class='av-masonry-entry isotope-item post-4159 attachment type-attachment status-inherit hentry  av-masonry-item-with-image' title=\"\"  itemprop=\"thumbnailUrl\" ><div class='av-inner-masonry-sizer'><\/div><figure class='av-inner-masonry main_color'><div class=\"av-masonry-outerimage-container\"><div class=\"av-masonry-image-container\" style=\"background-image: url(https:\/\/www.esaf2019.ch\/fr\/wp-content\/uploads\/2018\/06\/steinstossen-415-705x474.jpg);\"><img decoding=\"async\" src=\"https:\/\/www.esaf2019.ch\/fr\/wp-content\/uploads\/2018\/06\/steinstossen-415-705x474.jpg\" title=\"steinstossen-415\" alt=\"\" \/><\/div><\/div><\/figure><\/a><!--end av-masonry entry--><\/div><\/div>\n","protected":false},"excerpt":{"rendered":"","protected":false},"author":2,"featured_media":0,"parent":0,"menu_order":0,"comment_status":"closed","ping_status":"closed","template":"","meta":{"footnotes":""},"class_list":["post-560","page","type-page","status-publish","hentry"],"_links":{"self":[{"href":"https:\/\/www.esaf2019.ch\/fr\/wp-json\/wp\/v2\/pages\/560","targetHints":{"allow":["GET"]}}],"collection":[{"href":"https:\/\/www.esaf2019.ch\/fr\/wp-json\/wp\/v2\/pages"}],"about":[{"href":"https:\/\/www.esaf2019.ch\/fr\/wp-json\/wp\/v2\/types\/page"}],"author":[{"embeddable":true,"href":"https:\/\/www.esaf2019.ch\/fr\/wp-json\/wp\/v2\/users\/2"}],"replies":[{"embeddable":true,"href":"https:\/\/www.esaf2019.ch\/fr\/wp-json\/wp\/v2\/comments?post=560"}],"version-history":[{"count":48,"href":"https:\/\/www.esaf2019.ch\/fr\/wp-json\/wp\/v2\/pages\/560\/revisions"}],"predecessor-version":[{"id":4592,"href":"https:\/\/www.esaf2019.ch\/fr\/wp-json\/wp\/v2\/pages\/560\/revisions\/4592"}],"wp:attachment":[{"href":"https:\/\/www.esaf2019.ch\/fr\/wp-json\/wp\/v2\/media?parent=560"}],"curies":[{"name":"wp","href":"https:\/\/api.w.org\/{rel}","templated":true}]}}