{"id":5546,"date":"2019-05-14T11:54:59","date_gmt":"2019-05-14T09:54:59","guid":{"rendered":"https:\/\/www.esaf2019.ch\/fr\/?page_id=5546"},"modified":"2019-05-14T14:53:07","modified_gmt":"2019-05-14T12:53:07","slug":"srf-am-schwingfest","status":"publish","type":"page","link":"https:\/\/www.esaf2019.ch\/fr\/fete\/srf-am-schwingfest\/","title":{"rendered":"SRF am Schwingfest"},"content":{"rendered":"<\/div><\/div><\/div><!-- close content main div --><\/div><\/div><div id='av_section_1' class='avia-section header_color avia-section-default avia-no-border-styling avia-full-stretch avia-bg-style-scroll  av-minimum-height av-minimum-height-25 container_wrap sidebar_right' style = 'background-repeat: no-repeat; background-image: url(https:\/\/www.esaf2019.ch\/fr\/wp-content\/uploads\/2019\/05\/srf_seitenbild.jpg); background-attachment: scroll; background-position: top center; ' data-section-bg-repeat='stretch' ><div class='container' ><div class='template-page content  av-content-small alpha units'><div class='post-entry post-entry-type-page post-entry-5546'><div class='entry-content-wrapper clearfix'><\/div><\/div><\/div><!-- close content main div --><\/div><\/div><div id='after_section_1' class='main_color av_default_container_wrap container_wrap sidebar_right'   ><div class='container' ><div class='template-page content  av-content-small alpha units'><div class='post-entry post-entry-type-page post-entry-5546'><div class='entry-content-wrapper clearfix'>\n<div style='padding-bottom:30px;font-size:35px;' class='av-special-heading av-special-heading-h4  blockquote modern-quote modern-centered   av-thin-font av-inherit-size'><h4 class='av-special-heading-tag'  itemprop=\"headline\"  >SRF am Schwingfest<strong>.<\/strong><\/h4><div class='special-heading-border'><div class='special-heading-inner-border' ><\/div><\/div><\/div>\n<div style='padding-bottom:30px;font-size:30px;' class='av-special-heading av-special-heading-h3  blockquote modern-quote modern-centered   av-thin-font av-inherit-size'><h3 class='av-special-heading-tag'  itemprop=\"headline\"  >TV<strong>.<\/strong><\/h3><div class ='av-subheading av-subheading_below ' style='font-size:15px;'><p>Live dabei<\/p>\n<\/div><div class='special-heading-border'><div class='special-heading-inner-border' ><\/div><\/div><\/div>\n<\/div><\/div><\/div><!-- close content main div --><\/div><\/div><div id='av-layout-grid-1' class='av-layout-grid-container entry-content-wrapper main_color av-flex-cells  container_wrap sidebar_right'   >\n<div class=\"flex_cell no_margin av_two_fifth   \" style='background-image:url(https:\/\/www.esaf2019.ch\/fr\/wp-content\/uploads\/2019\/05\/srf-2.jpg); background-position:top left; background-repeat:no-repeat; background-attachment:scroll; vertical-align:top; padding:10px; '><div class='flex_cell_inner' ><\/div><\/div><div class=\"flex_cell no_margin av_three_fifth   \" style='vertical-align:top; padding:30px; '><div class='flex_cell_inner' ><section class=\"av_textblock_section\"  itemscope=\"itemscope\" itemtype=\"https:\/\/schema.org\/CreativeWork\" ><div class='avia_textblock '   itemprop=\"text\" ><p style=\"text-align: center;\"><strong>Samstag, 24. August 2019<\/strong><\/p>\n<\/div><\/section><br \/>\n<div class='avia-data-table-wrap avia_responsive_table'><table class='avia-table avia-data-table avia-table-1  avia_pricing_default'  itemscope=\"itemscope\" itemtype=\"https:\/\/schema.org\/Table\" ><tbody><tr class=''><th class='avia-desc-col'>07.15 &#8211; 12.00 Uhr<\/th><td class=''>Anschwingen, 1. und 2. Gang<\/td><\/tr><tr class=''><th class='avia-desc-col'>13.15 &#8211; 17.15 Uhr<\/th><td class=''>Ausschwingen, 3. und 4. Gang<\/td><\/tr><tr class=''><th class='avia-desc-col'>18.10 &#8211; 19.15 Uhr<\/th><td class=''>Potzmusig live mit Nicolas Senn<\/td><\/tr><\/tbody><\/table><\/div><style type='text\/css'>.avia-table-1 td:nth-of-type(1):before { content: '07.15 \u2013 12.00 Uhr'; } <\/style><br \/>\n<section class=\"av_textblock_section\"  itemscope=\"itemscope\" itemtype=\"https:\/\/schema.org\/CreativeWork\" ><div class='avia_textblock '   itemprop=\"text\" ><p style=\"text-align: center;\"><strong>Sonntag, 25. August 2019<\/strong><\/p>\n<\/div><\/section><br \/>\n<div class='avia-data-table-wrap avia_responsive_table'><table class='avia-table avia-data-table avia-table-2  avia_pricing_default'  itemscope=\"itemscope\" itemtype=\"https:\/\/schema.org\/Table\" ><tbody><tr class=''><th class='avia-desc-col'>07.30 &#8211; 12.00 Uhr<\/th><td class=''>Ausstich, 5. und 6. Gang<\/td><\/tr><tr class=''><th class='avia-desc-col'>13.15 &#8211; 16.45 Uhr<\/th><td class=''>Kranzausstich, 7. und 8. Gang<\/td><\/tr><tr class=''><th class='avia-desc-col'>16.45 &#8211; 17.15 Uhr<\/th><td class=''>Schlussgang<\/td><\/tr><\/tbody><\/table><\/div><style type='text\/css'>.avia-table-2 td:nth-of-type(1):before { content: '07.30 \u2013 12.00 Uhr'; } <\/style><br \/>\n<section class=\"av_textblock_section\"  itemscope=\"itemscope\" itemtype=\"https:\/\/schema.org\/CreativeWork\" ><div class='avia_textblock '   itemprop=\"text\" ><p style=\"text-align: center;\">Livestream auf <a href=\"https:\/\/www.srf.ch\/sport\" target=\"_blank\" rel=\"noopener\">www.srf.ch\/sport<\/a> und in der SRF Sport APP.<\/p>\n<p style=\"text-align: center;\">Das detaillierte Fernsehprogramm folgt zu einem sp\u00e4teren Zeitpunkt.<\/p>\n<\/div><\/section><\/p>\n<\/div><\/div><\/div><div style='height:30px' class='hr hr-invisible '><span class='hr-inner ' ><span class='hr-inner-style'><\/span><\/span><\/div><\/p>\n<div style='padding-bottom:30px;font-size:30px;' class='av-special-heading av-special-heading-h3  blockquote modern-quote modern-centered   av-thin-font av-inherit-size'><h3 class='av-special-heading-tag'  itemprop=\"headline\"  >Radio<strong>.<\/strong><\/h3><div class='special-heading-border'><div class='special-heading-inner-border' ><\/div><\/div><\/div>\n<\/div><\/div><\/div><!-- close content main div --><\/div><\/div><div id='av-layout-grid-2' class='av-layout-grid-container entry-content-wrapper main_color av-flex-cells  container_wrap sidebar_right'   >\n<div class=\"flex_cell no_margin av_one_half   \" style='background-image:url(https:\/\/www.esaf2019.ch\/fr\/wp-content\/uploads\/2019\/05\/srf-5767253.jpg); background-position:top left; background-repeat:no-repeat; background-attachment:scroll; vertical-align:top; padding:30px; '><div class='flex_cell_inner' ><\/div><\/div><div class=\"flex_cell no_margin av_one_half   \" style='vertical-align:top; padding:30px; '><div class='flex_cell_inner' ><p><div style='padding-bottom:30px;font-size:23px;' class='av-special-heading av-special-heading-h4  blockquote modern-quote   av-thin-font av-inherit-size'><h4 class='av-special-heading-tag'  itemprop=\"headline\"  >Bei Radio SRF 1 sind \u00abDie chline B\u00f6se\u00bb ganz gross<strong>.<\/strong><\/h4><div class='special-heading-border'><div class='special-heading-inner-border' ><\/div><\/div><\/div><br \/>\n<section class=\"av_textblock_section\"  itemscope=\"itemscope\" itemtype=\"https:\/\/schema.org\/CreativeWork\" ><div class='avia_textblock '   itemprop=\"text\" ><p style=\"text-align: left;\">Wenn sich diesen Sommer am ESAF die B\u00f6sen messen, r\u00fcckt Radio SRF 1 den Schwinger-Nachwuchs ins Rampenlicht. F\u00fcr \u00abDie chline B\u00f6se\u00bb steigen jeweils f\u00fcnf Kinder f\u00fcr ihren Regionalverband ins Rennen. Den Gewinnern winkt ein unvergesslicher Preis: Sie d\u00fcrfen zusammen mit ihren grossen Vorbildern das ESAF 2019 in Zug er\u00f6ffnen.<br \/>\nDie sch\u00f6nsten Momente vom letzten Wettbewerb finden Sie hier:<a href=\"https:\/\/www.srf.ch\/radio-srf-1\/boesi-buebe-der-grosse-kampf-der-jungschwinger\" target=\"_blank\" rel=\"noopener\">\u00a0B\u00f6si Buebe<\/a><\/p>\n<p style=\"text-align: left;\">Wer dieses Jahr zu den Gl\u00fccklichen geh\u00f6rt, entscheiden Sie in einer Publikumsabstimmung \u2013 am 16. August geht es los!<\/p>\n<\/div><\/section><br \/>\n<div style='height:60px' class='hr hr-invisible '><span class='hr-inner ' ><span class='hr-inner-style'><\/span><\/span><\/div><br \/>\n<div style='height:60px' class='hr hr-invisible '><span class='hr-inner ' ><span class='hr-inner-style'><\/span><\/span><\/div><\/p>\n<\/div><\/div>\n<\/div>\n<div style='height:50px' class='hr hr-invisible '><span class='hr-inner ' ><span class='hr-inner-style'><\/span><\/span><\/div>\n<div class=\"flex_column av_one_half  flex_column_div av-zero-column-padding first  \" style='border-radius:0px; '><p><div style='padding-bottom:30px;font-size:23px;' class='av-special-heading av-special-heading-h4  blockquote modern-quote  av-thin-font av-inherit-size'><h4 class='av-special-heading-tag'  itemprop=\"headline\"  >Mit Radio SRF 1 am ESAF mit dabei<strong>.<\/strong><\/h4><div class='special-heading-border'><div class='special-heading-inner-border' ><\/div><\/div><\/div><br \/>\n<section class=\"av_textblock_section\"  itemscope=\"itemscope\" itemtype=\"https:\/\/schema.org\/CreativeWork\" ><div class='avia_textblock '   itemprop=\"text\" ><p>Vom Anschwingen bis zum Schlussgang berichtet Radio SRF 1 intensiv aus der Arena und vom Festgel\u00e4nde. Wir halten Sie mit einer intensiven Sportberichterstattung w\u00e4hrend des ganzen ESAF auf dem Laufenden und \u00fcbertragen den Schlussgang live. Zudem sendet Radio SRF 1 diverse Informationssendungen live vom Festgel\u00e4nde:<\/p>\n<ul>\n<li>FR 23. August: 13:00 Uhr \u00abTagesgespr\u00e4ch\u00bb live vom Festgel\u00e4nde mit der vierfachen ehemaligen Schwingerk\u00f6nigin Sonia K\u00e4lin<\/li>\n<li>FR 23. August: 17:30 Uhr \u00abRegionaljournal Zentralschweiz\u00bb<\/li>\n<li>SA 24. August: 12:03 Uhr \u00abRegional Diagonal &#8211; Das Magazin\u00bb<\/li>\n<li>SA 24.August: 17:30 Uhr \u00abRegional Diagonal Spezial\u00bb<\/li>\n<li>SO 25.August: 17:30 Uhr \u00abRegional Diagonal Spezial\u00bb<\/li>\n<\/ul>\n<\/div><\/section><\/p><\/div>\n<div class=\"flex_column av_one_half  flex_column_div av-zero-column-padding   \" style='border-radius:0px; '><p><div style='padding-bottom:30px;font-size:23px;' class='av-special-heading av-special-heading-h4  blockquote modern-quote  av-thin-font av-inherit-size'><h4 class='av-special-heading-tag'  itemprop=\"headline\"  >Mit der SRF Musikwelle ans ESAF<strong>.<\/strong><\/h4><div class ='av-subheading av-subheading_below ' style='font-size:15px;'><p>Wo sich Sport und Volkskultur die Hand reichen<\/p>\n<\/div><div class='special-heading-border'><div class='special-heading-inner-border' ><\/div><\/div><\/div><br \/>\n<section class=\"av_textblock_section\"  itemscope=\"itemscope\" itemtype=\"https:\/\/schema.org\/CreativeWork\" ><div class='avia_textblock '   itemprop=\"text\" ><p>Von den Aufbauarbeiten bis zum Einlaufen in der Arena: Die Musikwelle l\u00e4sst Sie das ESAF miterleben. Zur sportlichen H\u00f6chstleistung geh\u00f6rt auf der SRF Musikwelle auch das Zusammensein auf dem Festgel\u00e4nde. \u00abZoog\u00e4-n-am Boog\u00e4\u00bb sendet am Freitagabend von 20.00 bis 22.00 Uhr live aus dem SRF-Chalet vom Festgel\u00e4nde. Die Moderatoren Dani H\u00e4usler und Christine Gertschen freuen sich auch \u00fcber Ihren Besuch. Anmelden? Nicht n\u00f6tig!<\/p>\n<\/div><\/section><\/p><\/div>\n<div id='av-masonry-1' class='av-masonry noHover av-fixed-size av-no-gap av-hover-overlay-active av-masonry-col-4 av-caption-always av-caption-style- av-masonry-gallery    '  ><div class='av-masonry-container isotope av-js-disabled ' ><div class='av-masonry-entry isotope-item av-masonry-item-no-image '><\/div><a href=\"https:\/\/www.esaf2019.ch\/fr\/wp-content\/uploads\/2019\/05\/srf-2942.jpg\" id='av-masonry-1-item-5543' data-av-masonry-item='5543' class='av-masonry-entry isotope-item post-5543 attachment type-attachment status-inherit hentry  av-masonry-item-with-image' title=\"\"  itemprop=\"thumbnailUrl\" ><div class='av-inner-masonry-sizer'><\/div><figure class='av-inner-masonry main_color'><div class=\"av-masonry-outerimage-container\"><div class=\"av-masonry-image-container\" style=\"background-image: url(https:\/\/www.esaf2019.ch\/fr\/wp-content\/uploads\/2019\/05\/srf-2942-705x469.jpg);\"><img decoding=\"async\" src=\"https:\/\/www.esaf2019.ch\/fr\/wp-content\/uploads\/2019\/05\/srf-2942-705x469.jpg\" title=\"FOTO: PETER MOSIMANN, 26. 8. 2016, ESTAVAYER FR: ESAF\" alt=\"\" \/><\/div><\/div><\/figure><\/a><!--end av-masonry entry--><a href=\"https:\/\/www.esaf2019.ch\/fr\/wp-content\/uploads\/2019\/05\/srf-5773216.jpg\" id='av-masonry-1-item-5540' data-av-masonry-item='5540' class='av-masonry-entry isotope-item post-5540 attachment type-attachment status-inherit hentry  av-masonry-item-with-image' title=\"\"  itemprop=\"thumbnailUrl\" ><div class='av-inner-masonry-sizer'><\/div><figure class='av-inner-masonry main_color'><div class=\"av-masonry-outerimage-container\"><div class=\"av-masonry-image-container\" style=\"background-image: url(https:\/\/www.esaf2019.ch\/fr\/wp-content\/uploads\/2019\/05\/srf-5773216-705x509.jpg);\"><img decoding=\"async\" src=\"https:\/\/www.esaf2019.ch\/fr\/wp-content\/uploads\/2019\/05\/srf-5773216-705x509.jpg\" title=\"Q:_Bildarchiv_Sendungen_MagazineB\u00f6si_Buebe20160805_Boesi_Buebe_Kerzers\" alt=\"\" \/><\/div><\/div><\/figure><\/a><!--end av-masonry entry--><a href=\"https:\/\/www.esaf2019.ch\/fr\/wp-content\/uploads\/2019\/05\/srf-.jpg\" id='av-masonry-1-item-5541' data-av-masonry-item='5541' class='av-masonry-entry isotope-item post-5541 attachment type-attachment status-inherit hentry  av-masonry-item-with-image' title=\"\"  itemprop=\"thumbnailUrl\" ><div class='av-inner-masonry-sizer'><\/div><figure class='av-inner-masonry main_color'><div class=\"av-masonry-outerimage-container\"><div class=\"av-masonry-image-container\" style=\"background-image: url(https:\/\/www.esaf2019.ch\/fr\/wp-content\/uploads\/2019\/05\/srf--705x469.jpg);\"><img decoding=\"async\" src=\"https:\/\/www.esaf2019.ch\/fr\/wp-content\/uploads\/2019\/05\/srf--705x469.jpg\" title=\"FOTO: PETER MOSIMANN, 26. 8. 2016, ESTAVAYER FR: ESAF\" alt=\"\" \/><\/div><\/div><\/figure><\/a><!--end av-masonry entry--><a href=\"https:\/\/www.esaf2019.ch\/fr\/wp-content\/uploads\/2019\/05\/srf-5767313.jpg\" id='av-masonry-1-item-5538' data-av-masonry-item='5538' class='av-masonry-entry isotope-item post-5538 attachment type-attachment status-inherit hentry  av-masonry-item-with-image' title=\"\"  itemprop=\"thumbnailUrl\" ><div class='av-inner-masonry-sizer'><\/div><figure class='av-inner-masonry main_color'><div class=\"av-masonry-outerimage-container\"><div class=\"av-masonry-image-container\" style=\"background-image: url(https:\/\/www.esaf2019.ch\/fr\/wp-content\/uploads\/2019\/05\/srf-5767313-705x509.jpg);\"><img decoding=\"async\" src=\"https:\/\/www.esaf2019.ch\/fr\/wp-content\/uploads\/2019\/05\/srf-5767313-705x509.jpg\" title=\"Q:_Bildarchiv_Sendungen_MagazineB\u00f6si_Buebe20160727_Boesi_Buebe_Fricktal\" alt=\"\" \/><\/div><\/div><\/figure><\/a><!--end av-masonry entry--><\/div><\/div>\n","protected":false},"excerpt":{"rendered":"","protected":false},"author":9,"featured_media":0,"parent":511,"menu_order":0,"comment_status":"closed","ping_status":"closed","template":"","meta":{"footnotes":""},"class_list":["post-5546","page","type-page","status-publish","hentry"],"_links":{"self":[{"href":"https:\/\/www.esaf2019.ch\/fr\/wp-json\/wp\/v2\/pages\/5546","targetHints":{"allow":["GET"]}}],"collection":[{"href":"https:\/\/www.esaf2019.ch\/fr\/wp-json\/wp\/v2\/pages"}],"about":[{"href":"https:\/\/www.esaf2019.ch\/fr\/wp-json\/wp\/v2\/types\/page"}],"author":[{"embeddable":true,"href":"https:\/\/www.esaf2019.ch\/fr\/wp-json\/wp\/v2\/users\/9"}],"replies":[{"embeddable":true,"href":"https:\/\/www.esaf2019.ch\/fr\/wp-json\/wp\/v2\/comments?post=5546"}],"version-history":[{"count":4,"href":"https:\/\/www.esaf2019.ch\/fr\/wp-json\/wp\/v2\/pages\/5546\/revisions"}],"predecessor-version":[{"id":5569,"href":"https:\/\/www.esaf2019.ch\/fr\/wp-json\/wp\/v2\/pages\/5546\/revisions\/5569"}],"up":[{"embeddable":true,"href":"https:\/\/www.esaf2019.ch\/fr\/wp-json\/wp\/v2\/pages\/511"}],"wp:attachment":[{"href":"https:\/\/www.esaf2019.ch\/fr\/wp-json\/wp\/v2\/media?parent=5546"}],"curies":[{"name":"wp","href":"https:\/\/api.w.org\/{rel}","templated":true}]}}