{"id":5247,"date":"2019-03-26T10:45:05","date_gmt":"2019-03-26T09:45:05","guid":{"rendered":"https:\/\/www.esaf2019.ch\/fr\/?page_id=5247"},"modified":"2019-03-26T10:45:05","modified_gmt":"2019-03-26T09:45:05","slug":"skulptur","status":"publish","type":"page","link":"https:\/\/www.esaf2019.ch\/fr\/skulptur\/","title":{"rendered":"Skulptur"},"content":{"rendered":"<\/div><\/div><\/div><!-- close content main div --><\/div><\/div><div id='schwingen' class='av-layout-grid-container entry-content-wrapper alternate_color av-flex-cells  container_wrap sidebar_right'   >\n<div class=\"flex_cell no_margin av_one_half   avia-full-stretch av-zero-padding \" style='background-image:url(https:\/\/www.esaf2019.ch\/fr\/wp-content\/uploads\/2019\/02\/skulptur-20-von-22.jpg); background-position:center left; background-repeat:no-repeat; background-attachment:scroll; vertical-align:bottom; padding:0px; '><div class='flex_cell_inner' ><\/div><\/div><div class=\"flex_cell no_margin av_one_half   \" style='vertical-align:middle; padding:100px; background-color:#0071b7; '><div class='flex_cell_inner' ><p><div style='padding-bottom:20px;color:#ffffff;font-size:35px;' class='av-special-heading av-special-heading-h1 custom-color-heading blockquote modern-quote   av-thin-font av-inherit-size'><h1 class='av-special-heading-tag'  itemprop=\"headline\"  >Die Skulptur <strong>.<\/strong><\/h1><div class='special-heading-border'><div class='special-heading-inner-border' style='border-color:#ffffff'><\/div><\/div><\/div><br \/>\n<section class=\"av_textblock_section\"  itemscope=\"itemscope\" itemtype=\"https:\/\/schema.org\/CreativeWork\" ><div class='avia_textblock  av_inherit_color'  style='color:#ffffff; '  itemprop=\"text\" ><p>Als Skulpteur Stephan Schmidlin vor rund vier Jahren von den Pl\u00e4nen einiger Zuger Schwingerfreunde h\u00f6rte, das Eidgen\u00f6ssische 2019 in Zug zu organisieren, war f\u00fcr ihn klar, dass man daf\u00fcr etwas Bleibendes schaffen m\u00fcsste. Etwas, das die Zuger immer an diesen einmaligen Anlass erinnern sollte. Was lag da f\u00fcr den Holzbildhauer n\u00e4her als eine Skulptur. Aber wie soll sie aussehen? F\u00fcr Schmidlin stand schnell fest, \u00abdas m\u00fcssen zwei B\u00f6se vor dem Schweizer Kreuz sein\u00bb. Damit werden n\u00e4mlich nicht nur die bodenst\u00e4ndigen und traditionellen Werte sondern auch die Verbundenheit des Schwingsportes mit unserem Land symbolisiert. Dank der im Kanton Zug ans\u00e4ssigen Beisheim Holding, die sich bereit erkl\u00e4rt hat, die Skulptur zu finanzieren, stand dem Vorhaben nichts mehr im Wege.<\/p>\n<\/div><\/section><\/p>\n<\/div><\/div>\n<\/div>\n<div style='height:50px' class='hr hr-invisible '><span class='hr-inner ' ><span class='hr-inner-style'><\/span><\/span><\/div>\n<div style='padding-bottom:30px;font-size:35px;' class='av-special-heading av-special-heading-h4  blockquote modern-quote modern-centered   av-thin-font av-inherit-size'><h4 class='av-special-heading-tag'  itemprop=\"headline\"  >Vom Mammutbaum zur Skulptur<strong>.<\/strong><\/h4><div class='special-heading-border'><div class='special-heading-inner-border' ><\/div><\/div><\/div>\n<\/div><\/div><\/div><!-- close content main div --><\/div><\/div><div id='av-layout-grid-2' class='av-layout-grid-container entry-content-wrapper main_color av-flex-cells  container_wrap sidebar_right'   >\n<div class=\"flex_cell no_margin av_one_fourth   \" style='vertical-align:top; padding:30px; '><div class='flex_cell_inner' >\n<\/div><\/div><div class=\"flex_cell no_margin av_one_fourth   \" style='vertical-align:top; padding:30px; '><div class='flex_cell_inner' ><p><div style='padding-bottom:20px;font-size:20px;' class='av-special-heading av-special-heading-h5  blockquote modern-quote   av-thin-font av-inherit-size'><h5 class='av-special-heading-tag'  itemprop=\"headline\"  >Der Baum<strong>.<\/strong><\/h5><div class='special-heading-border'><div class='special-heading-inner-border' ><\/div><\/div><\/div><br \/>\n<section class=\"av_textblock_section\"  itemscope=\"itemscope\" itemtype=\"https:\/\/schema.org\/CreativeWork\" ><div class='avia_textblock '   itemprop=\"text\" ><p>Als Stephan Schmidlin\u00a0 h\u00f6rte, dass der Mammutbaum auf dem Nestl\u00e9 Areal in Cham wegen Krankheit gef\u00e4llt werden musste,\u00a0 war f\u00fcr ihn keine Frage, dass dies der ideale Baum f\u00fcr sein Vorhaben ist. So hat der Baum, der \u00fcber die Gemeindegrenze von Cham bekannt war, eine neue Bestimmung erhalten.<\/p>\n<\/div><\/section><\/p>\n<\/div><\/div><div class=\"flex_cell no_margin av_one_fourth   \" style='vertical-align:top; padding:30px; '><div class='flex_cell_inner' ><div  data-size='no scaling'  data-lightbox_size='large'  data-animation='fade'  data-ids='5001,4999,4998,4996,5009,5015'  data-video_counter='0'  data-autoplay='true'  data-bg_slider='false'  data-slide_height=''  data-handle='av_slideshow'  data-interval='5'  data-class=''  data-css_id=''  data-scroll_down=''  data-control_layout='av-control-minimal'  data-custom_markup=''  data-perma_caption=''  data-autoplay_stopper=''  data-image_attachment=''  data-min_height='0px'  class='avia-slideshow avia-slideshow-1  av-control-minimal av-default-height-applied avia-slideshow-no scaling av_slideshow  avia-fade-slider '  itemscope=\"itemscope\" itemtype=\"https:\/\/schema.org\/ImageObject\" ><ul class='avia-slideshow-inner' style='padding-bottom: 66.625%;'><li  class=' slide-1 ' ><div data-rel='slideshow-1' class='avia-slide-wrap'  ><img src='https:\/\/www.esaf2019.ch\/fr\/wp-content\/uploads\/2019\/02\/skulptur-7-von-22.jpg' width='800' height='533' title='skulptur (7 von 22)' alt=''  itemprop=\"thumbnailUrl\"   \/><\/div><\/li><li  class=' slide-2 ' ><div data-rel='slideshow-1' class='avia-slide-wrap'  ><img src='https:\/\/www.esaf2019.ch\/fr\/wp-content\/uploads\/2019\/02\/skulptur-5-von-22.jpg' width='800' height='533' title='skulptur (5 von 22)' alt=''  itemprop=\"thumbnailUrl\"   \/><\/div><\/li><li  class=' slide-3 ' ><div data-rel='slideshow-1' class='avia-slide-wrap'  ><img src='https:\/\/www.esaf2019.ch\/fr\/wp-content\/uploads\/2019\/02\/skulptur-4-von-22.jpg' width='800' height='533' title='skulptur (4 von 22)' alt=''  itemprop=\"thumbnailUrl\"   \/><\/div><\/li><li  class=' slide-4 ' ><div data-rel='slideshow-1' class='avia-slide-wrap'  ><img src='https:\/\/www.esaf2019.ch\/fr\/wp-content\/uploads\/2019\/02\/skulptur-2-von-22.jpg' width='800' height='532' title='skulptur (2 von 22)' alt=''  itemprop=\"thumbnailUrl\"   \/><\/div><\/li><li  class=' slide-5 ' ><div data-rel='slideshow-1' class='avia-slide-wrap'  ><img src='https:\/\/www.esaf2019.ch\/fr\/wp-content\/uploads\/2019\/02\/skulptur24.jpg' width='800' height='533' title='skulptur24' alt=''  itemprop=\"thumbnailUrl\"   \/><\/div><\/li><li  class=' slide-6 ' ><div data-rel='slideshow-1' class='avia-slide-wrap'  ><img src='https:\/\/www.esaf2019.ch\/fr\/wp-content\/uploads\/2019\/02\/baum-2-von-2.jpg' width='800' height='532' title='Faellung  des Mammutbaums bei der  Nestle in Cham' alt=''  itemprop=\"thumbnailUrl\"   \/><\/div><\/li><\/ul><div class='avia-slideshow-arrows avia-slideshow-controls'><a href='#prev' class='prev-slide' aria-hidden='true' data-av_icon='\ue87c' data-av_iconfont='entypo-fontello'>Zur\u00fcck<\/a><a href='#next' class='next-slide' aria-hidden='true' data-av_icon='\ue87d' data-av_iconfont='entypo-fontello'>Weiter<\/a><\/div><div class='avia-slideshow-dots avia-slideshow-controls'><a href='#1' class='goto-slide active' >1<\/a><a href='#2' class='goto-slide ' >2<\/a><a href='#3' class='goto-slide ' >3<\/a><a href='#4' class='goto-slide ' >4<\/a><a href='#5' class='goto-slide ' >5<\/a><a href='#6' class='goto-slide ' >6<\/a><\/div><\/div>\n<\/div><\/div><div class=\"flex_cell no_margin av_one_fourth   \" style='vertical-align:top; padding:30px; '><div class='flex_cell_inner' ><p><div style='padding-bottom:20px;font-size:20px;' class='av-special-heading av-special-heading-h5  blockquote modern-quote   av-thin-font av-inherit-size'><h5 class='av-special-heading-tag'  itemprop=\"headline\"  >Die F\u00e4llung<strong>.<\/strong><\/h5><div class='special-heading-border'><div class='special-heading-inner-border' ><\/div><\/div><\/div><br \/>\n<section class=\"av_textblock_section\"  itemscope=\"itemscope\" itemtype=\"https:\/\/schema.org\/CreativeWork\" ><div class='avia_textblock '   itemprop=\"text\" ><p>An Weihnachten 2016 leuchteten die Lichter des gr\u00f6ssten Weihnachtsbaumes im Kanton Zug zum letzten Mal. Am 23. Februar 2017 war es dann soweit. Die Forstarbeiter gingen ans Werk. Zahlreiche Zuschauer aus der ganzen Region wollten sich dieses Spektakel nicht entgehen lassen.<\/p>\n<\/div><\/section><\/p>\n<\/div><\/div><\/div><\/div><\/div><\/div><!-- close content main div --><\/div><\/div><div id='av-layout-grid-3' class='av-layout-grid-container entry-content-wrapper main_color av-flex-cells  container_wrap sidebar_right'   >\n<div class=\"flex_cell no_margin av_one_fourth   \" style='vertical-align:top; padding:30px; '><div class='flex_cell_inner' ><p><div style='padding-bottom:20px;font-size:20px;' class='av-special-heading av-special-heading-h5  blockquote modern-quote   av-thin-font av-inherit-size'><h5 class='av-special-heading-tag'  itemprop=\"headline\"  >Die Arbeit beginnt<strong>.<\/strong><\/h5><div class='special-heading-border'><div class='special-heading-inner-border' ><\/div><\/div><\/div><br \/>\n<section class=\"av_textblock_section\"  itemscope=\"itemscope\" itemtype=\"https:\/\/schema.org\/CreativeWork\" ><div class='avia_textblock '   itemprop=\"text\" ><p>Im Papieri-Areal in einer ausrangierten Werkhalle in Cham wo Stephan Schmidlin sein Atelier hat, macht sich der Bildhauer ans Werk. Eindr\u00fcckliche 4 Meter hoch, auf einem Sockel aus Holz mit rund 3 Metern Durchmesser und 10 Tonnen schwer, erschafft er die offizielle Skulptur des Eidgen\u00f6ssischen Schwing- und \u00c4lplerfests 2019 in Zug.<\/p>\n<\/div><\/section><\/p>\n<\/div><\/div><div class=\"flex_cell no_margin av_one_fourth   \" style='vertical-align:top; padding:30px; '><div class='flex_cell_inner' ><div  data-size='no scaling'  data-lightbox_size='large'  data-animation='fade'  data-ids='4991,4989,4988,4987,5006'  data-video_counter='0'  data-autoplay='true'  data-bg_slider='false'  data-slide_height=''  data-handle='av_slideshow'  data-interval='5'  data-class=''  data-css_id=''  data-scroll_down=''  data-control_layout='av-control-minimal'  data-custom_markup=''  data-perma_caption=''  data-autoplay_stopper=''  data-image_attachment=''  data-min_height='0px'  class='avia-slideshow avia-slideshow-2  av-control-minimal av-default-height-applied avia-slideshow-no scaling av_slideshow  avia-fade-slider '  itemscope=\"itemscope\" itemtype=\"https:\/\/schema.org\/ImageObject\" ><ul class='avia-slideshow-inner' style='padding-bottom: 66.5%;'><li  class=' slide-1 ' ><div data-rel='slideshow-2' class='avia-slide-wrap'  ><img src='https:\/\/www.esaf2019.ch\/fr\/wp-content\/uploads\/2019\/02\/skulptur-19-von-22.jpg' width='800' height='532' title='skulptur (19 von 22)' alt=''  itemprop=\"thumbnailUrl\"   \/><\/div><\/li><li  class=' slide-2 ' ><div data-rel='slideshow-2' class='avia-slide-wrap'  ><img src='https:\/\/www.esaf2019.ch\/fr\/wp-content\/uploads\/2019\/02\/skulptur-17-von-22.jpg' width='800' height='533' title='skulptur (17 von 22)' alt=''  itemprop=\"thumbnailUrl\"   \/><\/div><\/li><li  class=' slide-3 ' ><div data-rel='slideshow-2' class='avia-slide-wrap'  ><img src='https:\/\/www.esaf2019.ch\/fr\/wp-content\/uploads\/2019\/02\/skulptur-16-von-22.jpg' width='800' height='533' title='skulptur (16 von 22)' alt=''  itemprop=\"thumbnailUrl\"   \/><\/div><\/li><li  class=' slide-4 ' ><div data-rel='slideshow-2' class='avia-slide-wrap'  ><img src='https:\/\/www.esaf2019.ch\/fr\/wp-content\/uploads\/2019\/02\/skulptur-15-von-22.jpg' width='800' height='532' title='skulptur (15 von 22)' alt=''  itemprop=\"thumbnailUrl\"   \/><\/div><\/li><li  class=' slide-5 ' ><div data-rel='slideshow-2' class='avia-slide-wrap'  ><img src='https:\/\/www.esaf2019.ch\/fr\/wp-content\/uploads\/2019\/02\/skulptur-12-von-22.jpg' width='800' height='533' title='skulptur (12 von 22)' alt=''  itemprop=\"thumbnailUrl\"   \/><\/div><\/li><\/ul><div class='avia-slideshow-arrows avia-slideshow-controls'><a href='#prev' class='prev-slide' aria-hidden='true' data-av_icon='\ue87c' data-av_iconfont='entypo-fontello'>Zur\u00fcck<\/a><a href='#next' class='next-slide' aria-hidden='true' data-av_icon='\ue87d' data-av_iconfont='entypo-fontello'>Weiter<\/a><\/div><div class='avia-slideshow-dots avia-slideshow-controls'><a href='#1' class='goto-slide active' >1<\/a><a href='#2' class='goto-slide ' >2<\/a><a href='#3' class='goto-slide ' >3<\/a><a href='#4' class='goto-slide ' >4<\/a><a href='#5' class='goto-slide ' >5<\/a><\/div><\/div>\n<\/div><\/div><div class=\"flex_cell no_margin av_one_fourth   \" style='vertical-align:top; padding:30px; '><div class='flex_cell_inner' ><p><div style='padding-bottom:20px;font-size:20px;' class='av-special-heading av-special-heading-h5  blockquote modern-quote   av-thin-font av-inherit-size'><h5 class='av-special-heading-tag'  itemprop=\"headline\"  >Die Rohfassung wird pr\u00e4sentiert<strong>.<\/strong><\/h5><div class='special-heading-border'><div class='special-heading-inner-border' ><\/div><\/div><\/div><br \/>\n<section class=\"av_textblock_section\"  itemscope=\"itemscope\" itemtype=\"https:\/\/schema.org\/CreativeWork\" ><div class='avia_textblock '   itemprop=\"text\" ><p>Im Juni 2018 wurde die Rohfassung der Skulptur den Medien und dem OK ESAF pr\u00e4sentiert und stiess durchwegs auf grosse Zustimmung. Die \u201ebeiden B\u00f6sen\u201c stellen die Merkmale des Schwingsports \u2013 Kraft, Technik, Dynamik und Konzentration \u2013 eindr\u00fccklich dar.<\/p>\n<\/div><\/section><\/p>\n<\/div><\/div><div class=\"flex_cell no_margin av_one_fourth   \" style='vertical-align:top; padding:30px; '><div class='flex_cell_inner' ><div  data-size='no scaling'  data-lightbox_size='large'  data-animation='fade'  data-ids='5014,5012,5011,5013,4985'  data-video_counter='0'  data-autoplay='true'  data-bg_slider='false'  data-slide_height=''  data-handle='av_slideshow'  data-interval='5'  data-class=''  data-css_id=''  data-scroll_down=''  data-control_layout='av-control-minimal'  data-custom_markup=''  data-perma_caption=''  data-autoplay_stopper=''  data-image_attachment=''  data-min_height='0px'  class='avia-slideshow avia-slideshow-3  av-control-minimal av-default-height-applied avia-slideshow-no scaling av_slideshow  avia-fade-slider '  itemscope=\"itemscope\" itemtype=\"https:\/\/schema.org\/ImageObject\" ><ul class='avia-slideshow-inner' style='padding-bottom: 66.625%;'><li  class=' slide-1 ' ><div data-rel='slideshow-3' class='avia-slide-wrap'  ><img src='https:\/\/www.esaf2019.ch\/fr\/wp-content\/uploads\/2019\/02\/praesentation1.jpg' width='800' height='533' title='praesentation1' alt=''  itemprop=\"thumbnailUrl\"   \/><\/div><\/li><li  class=' slide-2 ' ><div data-rel='slideshow-3' class='avia-slide-wrap'  ><img src='https:\/\/www.esaf2019.ch\/fr\/wp-content\/uploads\/2019\/02\/praesentation3.jpg' width='800' height='533' title='praesentation3' alt=''  itemprop=\"thumbnailUrl\"   \/><\/div><\/li><li  class=' slide-3 ' ><div data-rel='slideshow-3' class='avia-slide-wrap'  ><img src='https:\/\/www.esaf2019.ch\/fr\/wp-content\/uploads\/2019\/02\/praesentation2.jpg' width='800' height='533' title='praesentation2' alt=''  itemprop=\"thumbnailUrl\"   \/><\/div><\/li><li  class=' slide-4 ' ><div data-rel='slideshow-3' class='avia-slide-wrap'  ><img src='https:\/\/www.esaf2019.ch\/fr\/wp-content\/uploads\/2019\/02\/logo-1.jpg' width='800' height='533' title='logo' alt=''  itemprop=\"thumbnailUrl\"   \/><\/div><\/li><li  class=' slide-5 ' ><div data-rel='slideshow-3' class='avia-slide-wrap'  ><img src='https:\/\/www.esaf2019.ch\/fr\/wp-content\/uploads\/2019\/02\/skulptur-13-von-22.jpg' width='800' height='533' title='skulptur (13 von 22)' alt=''  itemprop=\"thumbnailUrl\"   \/><\/div><\/li><\/ul><div class='avia-slideshow-arrows avia-slideshow-controls'><a href='#prev' class='prev-slide' aria-hidden='true' data-av_icon='\ue87c' data-av_iconfont='entypo-fontello'>Zur\u00fcck<\/a><a href='#next' class='next-slide' aria-hidden='true' data-av_icon='\ue87d' data-av_iconfont='entypo-fontello'>Weiter<\/a><\/div><div class='avia-slideshow-dots avia-slideshow-controls'><a href='#1' class='goto-slide active' >1<\/a><a href='#2' class='goto-slide ' >2<\/a><a href='#3' class='goto-slide ' >3<\/a><a href='#4' class='goto-slide ' >4<\/a><a href='#5' class='goto-slide ' >5<\/a><\/div><\/div>\n<\/div><\/div>\n<\/div><\/p>\n<\/div><\/div><\/div><!-- close content main div --><\/div><\/div><div id='av-layout-grid-4' class='av-layout-grid-container entry-content-wrapper main_color av-flex-cells  container_wrap sidebar_right'   >\n<div class=\"flex_cell no_margin av_one_fourth   \" style='vertical-align:top; padding:30px; '><div class='flex_cell_inner' ><div class='avia-image-container  av-styling- av-hover-grow  avia-align-right '  itemscope=\"itemscope\" itemtype=\"https:\/\/schema.org\/ImageObject\"  ><div class='avia-image-container-inner'><img class='avia_image ' src='https:\/\/www.esaf2019.ch\/fr\/wp-content\/uploads\/2019\/08\/schwinger-raebmatter-patrick.jpg' alt='R\u00e4bmatter Patrick' title='R\u00e4bmatter Patrick'   itemprop=\"thumbnailUrl\"  \/><\/div><\/div>\n<\/div><\/div><div class=\"flex_cell no_margin av_one_fourth   \" style='vertical-align:top; padding:30px; '><div class='flex_cell_inner' ><p><div style='padding-bottom:20px;font-size:20px;' class='av-special-heading av-special-heading-h5  blockquote modern-quote   av-thin-font av-inherit-size'><h5 class='av-special-heading-tag'  itemprop=\"headline\"  >Der K\u00fcnstler<strong>.<\/strong><\/h5><div class='special-heading-border'><div class='special-heading-inner-border' ><\/div><\/div><\/div><br \/>\n<section class=\"av_textblock_section\"  itemscope=\"itemscope\" itemtype=\"https:\/\/schema.org\/CreativeWork\" ><div class='avia_textblock '   itemprop=\"text\" ><p>Der geb\u00fcrtige Baarer B\u00fcrger Stephan Schmidlin ist vielen Schweizern noch vom Comedy-Duo Schmirinski mit Ren\u00e9 Rindlisbacher bekannt. Heute ist Schmidlin ein gefragter Bildhauer dessen Skulpturen wie z.B. der \u201eLothar\u201c sich auch in Monaco wiederfinden.<\/p>\n<p>Seine Skulpturen sind Momentaufnahmen der Bewegung im Wechselspiel von Harmonie und Anspannung, wobei Schmidlin Rundes mit Kantigem verschmelzen l\u00e4sst.<\/p>\n<\/div><\/section><\/p>\n<\/div><\/div><div class=\"flex_cell no_margin av_one_fourth   \" style='background-image:url(https:\/\/www.esaf2019.ch\/fr\/wp-content\/uploads\/2019\/01\/Logo_BeisheimHolding_01_RGB-300x111.jpg); background-position:top left; background-repeat:no-repeat; background-attachment:scroll; vertical-align:top; padding:30px; '><div class='flex_cell_inner' ><div class='avia-image-container  av-styling- av-hover-grow  avia-align-right '  itemscope=\"itemscope\" itemtype=\"https:\/\/schema.org\/ImageObject\"  ><div class='avia-image-container-inner'><a href='https:\/\/www.beisheim.com\/ch\/de' class='avia_image'   target=\"_blank\" ><img class='avia_image ' src='https:\/\/www.esaf2019.ch\/fr\/wp-content\/uploads\/2019\/01\/beisheim_holding.jpg' alt='' title='beisheim_holding'  itemprop=\"thumbnailUrl\"  \/><\/a><\/div><\/div>\n<\/div><\/div><div class=\"flex_cell no_margin av_one_fourth   \" style='vertical-align:top; padding:30px; '><div class='flex_cell_inner' ><p><div style='padding-bottom:20px;font-size:20px;' class='av-special-heading av-special-heading-h5  blockquote modern-quote   av-thin-font av-inherit-size'><h5 class='av-special-heading-tag'  itemprop=\"headline\"  >Die Sponsoren<strong>.<\/strong><\/h5><div class='special-heading-border'><div class='special-heading-inner-border' ><\/div><\/div><\/div><br \/>\n<section class=\"av_textblock_section\"  itemscope=\"itemscope\" itemtype=\"https:\/\/schema.org\/CreativeWork\" ><div class='avia_textblock '   itemprop=\"text\" ><p>Die Beisheim Holding hat seit rund 50 Jahren ihren Sitz im Kanton Zug und verwaltet das Verm\u00f6gen der Prof. Otto Beisheim Stiftung. Die Basis des Stiftungsverm\u00f6gens wurde vom Unternehmer Otto Beisheim vor allem durch seine Gr\u00fcndung des internationalen Handelskonzerns Metro (Cash &amp; Carry) geschaffen. Otto Beisheim selbst war begeisterter Sportler und zu Lebzeiten als grossz\u00fcgiger M\u00e4zen bekannt. Seit seinem Tod 2013 f\u00fchrt seine Stiftung das gemeinn\u00fctzige Engagement von Otto Beisheim fort.<\/p>\n<\/div><\/section><\/p>\n<\/div><\/div><\/div><div style='height:20px' class='hr hr-invisible '><span class='hr-inner ' ><span class='hr-inner-style'><\/span><\/span><\/div><\/p>\n<div id='av-masonry-1' class='av-masonry noHover av-fixed-size av-no-gap av-hover-overlay-active av-masonry-col-4 av-caption-always av-caption-style- av-masonry-gallery    '  ><div class='av-masonry-container isotope av-js-disabled ' ><div class='av-masonry-entry isotope-item av-masonry-item-no-image '><\/div><a href=\"https:\/\/www.esaf2019.ch\/fr\/wp-content\/uploads\/2019\/02\/skulptur-4-von-22.jpg\" id='av-masonry-1-item-4998' data-av-masonry-item='4998' class='av-masonry-entry isotope-item post-4998 attachment type-attachment status-inherit hentry  av-masonry-item-with-image' title=\"\"  itemprop=\"thumbnailUrl\" ><div class='av-inner-masonry-sizer'><\/div><figure class='av-inner-masonry main_color'><div class=\"av-masonry-outerimage-container\"><div class=\"av-masonry-image-container\" style=\"background-image: url(https:\/\/www.esaf2019.ch\/fr\/wp-content\/uploads\/2019\/02\/skulptur-4-von-22-705x470.jpg);\"><img decoding=\"async\" src=\"https:\/\/www.esaf2019.ch\/fr\/wp-content\/uploads\/2019\/02\/skulptur-4-von-22-705x470.jpg\" title=\"skulptur (4 von 22)\" alt=\"\" \/><\/div><\/div><\/figure><\/a><!--end av-masonry entry--><a href=\"https:\/\/www.esaf2019.ch\/fr\/wp-content\/uploads\/2019\/02\/skulptur-16-von-22.jpg\" id='av-masonry-1-item-4988' data-av-masonry-item='4988' class='av-masonry-entry isotope-item post-4988 attachment type-attachment status-inherit hentry  av-masonry-item-with-image' title=\"\"  itemprop=\"thumbnailUrl\" ><div class='av-inner-masonry-sizer'><\/div><figure class='av-inner-masonry main_color'><div class=\"av-masonry-outerimage-container\"><div class=\"av-masonry-image-container\" style=\"background-image: url(https:\/\/www.esaf2019.ch\/fr\/wp-content\/uploads\/2019\/02\/skulptur-16-von-22-705x470.jpg);\"><img decoding=\"async\" src=\"https:\/\/www.esaf2019.ch\/fr\/wp-content\/uploads\/2019\/02\/skulptur-16-von-22-705x470.jpg\" title=\"skulptur (16 von 22)\" alt=\"\" \/><\/div><\/div><\/figure><\/a><!--end av-masonry entry--><a href=\"https:\/\/www.esaf2019.ch\/fr\/wp-content\/uploads\/2019\/02\/skulptur-640.jpg\" id='av-masonry-1-item-5018' data-av-masonry-item='5018' class='av-masonry-entry isotope-item post-5018 attachment type-attachment status-inherit hentry  av-masonry-item-with-image' title=\"\"  itemprop=\"thumbnailUrl\" ><div class='av-inner-masonry-sizer'><\/div><figure class='av-inner-masonry main_color'><div class=\"av-masonry-outerimage-container\"><div class=\"av-masonry-image-container\" style=\"background-image: url(https:\/\/www.esaf2019.ch\/fr\/wp-content\/uploads\/2019\/02\/skulptur-640-705x469.jpg);\"><img decoding=\"async\" src=\"https:\/\/www.esaf2019.ch\/fr\/wp-content\/uploads\/2019\/02\/skulptur-640-705x469.jpg\" title=\"Faellung  des Mammutbaums bei der  Nestle in Cham\" alt=\"\" \/><\/div><\/div><\/figure><\/a><!--end av-masonry entry--><a href=\"https:\/\/www.esaf2019.ch\/fr\/wp-content\/uploads\/2019\/02\/skulptur-018.jpg\" id='av-masonry-1-item-5017' data-av-masonry-item='5017' class='av-masonry-entry isotope-item post-5017 attachment type-attachment status-inherit hentry  av-masonry-item-with-image' title=\"\"  itemprop=\"thumbnailUrl\" ><div class='av-inner-masonry-sizer'><\/div><figure class='av-inner-masonry main_color'><div class=\"av-masonry-outerimage-container\"><div class=\"av-masonry-image-container\" style=\"background-image: url(https:\/\/www.esaf2019.ch\/fr\/wp-content\/uploads\/2019\/02\/skulptur-018-705x470.jpg);\"><img decoding=\"async\" src=\"https:\/\/www.esaf2019.ch\/fr\/wp-content\/uploads\/2019\/02\/skulptur-018-705x470.jpg\" title=\"stephan schmidlin, skulptur ESAF19\" alt=\"\" \/><\/div><\/div><\/figure><\/a><!--end av-masonry entry--><\/div><\/div>\n","protected":false},"excerpt":{"rendered":"","protected":false},"author":9,"featured_media":0,"parent":0,"menu_order":0,"comment_status":"closed","ping_status":"closed","template":"","meta":{"footnotes":""},"class_list":["post-5247","page","type-page","status-publish","hentry"],"_links":{"self":[{"href":"https:\/\/www.esaf2019.ch\/fr\/wp-json\/wp\/v2\/pages\/5247","targetHints":{"allow":["GET"]}}],"collection":[{"href":"https:\/\/www.esaf2019.ch\/fr\/wp-json\/wp\/v2\/pages"}],"about":[{"href":"https:\/\/www.esaf2019.ch\/fr\/wp-json\/wp\/v2\/types\/page"}],"author":[{"embeddable":true,"href":"https:\/\/www.esaf2019.ch\/fr\/wp-json\/wp\/v2\/users\/9"}],"replies":[{"embeddable":true,"href":"https:\/\/www.esaf2019.ch\/fr\/wp-json\/wp\/v2\/comments?post=5247"}],"version-history":[{"count":4,"href":"https:\/\/www.esaf2019.ch\/fr\/wp-json\/wp\/v2\/pages\/5247\/revisions"}],"predecessor-version":[{"id":5252,"href":"https:\/\/www.esaf2019.ch\/fr\/wp-json\/wp\/v2\/pages\/5247\/revisions\/5252"}],"wp:attachment":[{"href":"https:\/\/www.esaf2019.ch\/fr\/wp-json\/wp\/v2\/media?parent=5247"}],"curies":[{"name":"wp","href":"https:\/\/api.w.org\/{rel}","templated":true}]}}