{"id":513,"date":"2016-05-11T13:48:44","date_gmt":"2016-05-11T13:48:44","guid":{"rendered":"http:\/\/wpoffice\/enfold-fitness\/?page_id=513"},"modified":"2019-04-16T16:36:20","modified_gmt":"2019-04-16T14:36:20","slug":"medias","status":"publish","type":"page","link":"https:\/\/www.esaf2019.ch\/fr\/medias\/","title":{"rendered":"M\u00e9dias"},"content":{"rendered":"<\/div><\/div><\/div><!-- close content main div --><\/div><\/div><div id='av_section_1' class='avia-section main_color avia-section-default avia-no-border-styling avia-full-stretch avia-bg-style-scroll  av-minimum-height av-minimum-height-25 container_wrap sidebar_right' style = 'background-repeat: no-repeat; background-image: url(https:\/\/www.esaf2019.ch\/fr\/wp-content\/uploads\/2018\/09\/medien.jpg); background-attachment: scroll; background-position: top center; ' data-section-bg-repeat='stretch' ><div class='container' ><div class='template-page content  av-content-small alpha units'><div class='post-entry post-entry-type-page post-entry-513'><div class='entry-content-wrapper clearfix'><\/div><\/div><\/div><!-- close content main div --><\/div><\/div><div id='after_section_1' class='main_color av_default_container_wrap container_wrap sidebar_right'   ><div class='container' ><div class='template-page content  av-content-small alpha units'><div class='post-entry post-entry-type-page post-entry-513'><div class='entry-content-wrapper clearfix'>\n<\/div><\/div><\/div><!-- close content main div --><\/div><\/div><div id='av_section_2' class='avia-section main_color avia-section-large avia-no-border-styling avia-bg-style-scroll  container_wrap sidebar_right'   ><div class='container' ><div class='template-page content  av-content-small alpha units'><div class='post-entry post-entry-type-page post-entry-513'><div class='entry-content-wrapper clearfix'>\n<div class=\"flex_column av_one_third  flex_column_div av-zero-column-padding first  \" style='border-radius:0px; '><div class='avia-image-container  av-styling-   avia-align-left '  itemscope=\"itemscope\" itemtype=\"https:\/\/schema.org\/ImageObject\"  ><div class='avia-image-container-inner'><img class='avia_image ' src='https:\/\/www.esaf2019.ch\/fr\/wp-content\/uploads\/2017\/06\/ESAF_OK_Freddy_Truetsch-300x200.jpeg' alt='Freddy Truetsch' title='Freddy Truetsch'   itemprop=\"thumbnailUrl\"  \/><\/div><\/div><\/div><div class=\"flex_column av_two_third  flex_column_div av-zero-column-padding   \" style='border-radius:0px; '><p><div style='padding-bottom:30px;font-size:35px;' class='av-special-heading av-special-heading-h1  blockquote modern-quote   av-thin-font av-inherit-size'><h1 class='av-special-heading-tag'  itemprop=\"headline\"  >M\u00e9dias<strong>.<\/strong><\/h1><div class='special-heading-border'><div class='special-heading-inner-border' ><\/div><\/div><\/div><br \/>\n<section class=\"av_textblock_section\"  itemscope=\"itemscope\" itemtype=\"https:\/\/schema.org\/CreativeWork\" ><div class='avia_textblock '   itemprop=\"text\" ><p>Freddy Tr\u00fctsch<br \/>\nCommunication<\/p>\n<p>T +41 79 340 68 34<br \/>\nM: <a href=\"mailto:freddy.truetsch@esaf2019.ch\">freddy.truetsch@esaf2019.ch<\/a><\/p>\n<\/div><\/section><\/p><\/div>\n<\/div><\/div><\/div><!-- close content main div --><\/div><\/div><div id='after_section_2' class='main_color av_default_container_wrap container_wrap sidebar_right'   ><div class='container' ><div class='template-page content  av-content-small alpha units'><div class='post-entry post-entry-type-page post-entry-513'><div class='entry-content-wrapper clearfix'>\n<\/div><\/div><\/div><!-- close content main div --><\/div><\/div><div id='av_section_3' class='avia-section main_color avia-section-default avia-no-shadow avia-bg-style-scroll  container_wrap sidebar_right' style = 'background-color: #efefef; '  ><div class='container' ><div class='template-page content  av-content-small alpha units'><div class='post-entry post-entry-type-page post-entry-513'><div class='entry-content-wrapper clearfix'>\n<div style='padding-bottom:30px;font-size:35px;' class='av-special-heading av-special-heading-h1  blockquote modern-quote   av-thin-font av-inherit-size'><h1 class='av-special-heading-tag'  itemprop=\"headline\"  >Akkreditierung<strong>.<\/strong><\/h1><div class='special-heading-border'><div class='special-heading-inner-border' ><\/div><\/div><\/div>\n<section class=\"av_textblock_section\"  itemscope=\"itemscope\" itemtype=\"https:\/\/schema.org\/CreativeWork\" ><div class='avia_textblock '   itemprop=\"text\" ><p>Die Akkreditierungsfrist ist am <strong>15. April 2019<\/strong> abgelaufen. Wir danken Ihnen f\u00fcr Ihr Verst\u00e4ndnis.<\/p>\n<\/div><\/section>\n<div style='height:50px' class='hr hr-invisible '><span class='hr-inner ' ><span class='hr-inner-style'><\/span><\/span><\/div>\n<section class=\"av_textblock_section\"  itemscope=\"itemscope\" itemtype=\"https:\/\/schema.org\/CreativeWork\" ><div class='avia_textblock '   itemprop=\"text\" ><p><strong>Kontakt bei Fragen zur Akkreditierung:<\/strong><\/p>\n<p>Telefon: 041 228 20 16<br \/>\nMail: <a href=\"mailto:akkreditierung@esaf2019.ch\">akkreditierung@esaf2019.ch<\/a><\/p>\n<\/div><\/section>\n<\/div><\/div><\/div><!-- close content main div --><\/div><\/div><div id='after_section_3' class='main_color av_default_container_wrap container_wrap sidebar_right'   ><div class='container' ><div class='template-page content  av-content-small alpha units'><div class='post-entry post-entry-type-page post-entry-513'><div class='entry-content-wrapper clearfix'><div style='height:50px' class='hr hr-invisible '><span class='hr-inner ' ><span class='hr-inner-style'><\/span><\/span><\/div><\/p>\n<\/div><\/div><\/div><!-- close content main div --><\/div><\/div><div id='av_section_4' class='avia-section main_color avia-section-small avia-no-border-styling avia-bg-style-scroll  container_wrap sidebar_right' style = 'background-color: #ffffff; '  ><div class='container' ><div class='template-page content  av-content-small alpha units'><div class='post-entry post-entry-type-page post-entry-513'><div class='entry-content-wrapper clearfix'>\n<div style='padding-bottom:20px;font-size:35px;' class='av-special-heading av-special-heading-h1  blockquote modern-quote   av-thin-font av-inherit-size'><h1 class='av-special-heading-tag'  itemprop=\"headline\"  >Communiqu\u00e9s de presse<strong>.<\/strong><\/h1><div class='special-heading-border'><div class='special-heading-inner-border' ><\/div><\/div><\/div>\n<div class=\"flex_column av_one_third  flex_column_div av-zero-column-padding first  \" style='border-radius:0px; '><div class='avia-button-wrap avia-button-left '><a href='https:\/\/www.esaf2019.ch\/fr\/medias\/communiques-de-presse\/' class='avia-button  avia-icon_select-no avia-color-theme-color avia-size-x-large avia-position-left '   ><span class='avia_iconbox_title' >plus d\u2019informations<\/span><\/a><\/div><\/div><div style='height:50px' class='hr hr-invisible '><span class='hr-inner ' ><span class='hr-inner-style'><\/span><\/span><\/div>\n<\/div><\/div><\/div><!-- close content main div --><\/div><\/div><div id='after_section_4' class='main_color av_default_container_wrap container_wrap sidebar_right'   ><div class='container' ><div class='template-page content  av-content-small alpha units'><div class='post-entry post-entry-type-page post-entry-513'><div class='entry-content-wrapper clearfix'>\n<\/div><\/div><\/div><!-- close content main div --><\/div><\/div><div id='av_section_5' class='avia-section main_color avia-section-large avia-no-border-styling avia-bg-style-scroll  container_wrap sidebar_right'   ><div class='container' ><div class='template-page content  av-content-small alpha units'><div class='post-entry post-entry-type-page post-entry-513'><div class='entry-content-wrapper clearfix'>\n<div style='padding-bottom:20px;font-size:35px;' class='av-special-heading av-special-heading-h1  blockquote modern-quote   av-thin-font av-inherit-size'><h1 class='av-special-heading-tag'  itemprop=\"headline\"  >Download affiche du festival<strong>.<\/strong><\/h1><div class='special-heading-border'><div class='special-heading-inner-border' ><\/div><\/div><\/div>\n<div class=\"flex_column av_one_half  flex_column_div av-zero-column-padding first  \" style='border-radius:0px; '><div class='avia-button-wrap avia-button-left '><a href='https:\/\/www.esaf2019.ch\/fr\/wp-content\/uploads\/sites\/3\/2017\/09\/ESAF2019_Festplakat_A4_fr.pdf' class='avia-button  avia-icon_select-no avia-color-theme-color avia-size-x-large avia-position-left '  target=\"_blank\"   ><span class='avia_iconbox_title' >Download affiche du festival A4<\/span><\/a><\/div><\/div><div class=\"flex_column av_one_half  flex_column_div av-zero-column-padding   \" style='border-radius:0px; '><div class='avia-button-wrap avia-button-left '><a href='https:\/\/www.esaf2019.ch\/fr\/wp-content\/uploads\/sites\/3\/2017\/09\/ESAF2019_Festplakat_A3_fr.pdf' class='avia-button  avia-icon_select-no avia-color-theme-color avia-size-x-large avia-position-left '  target=\"_blank\"   ><span class='avia_iconbox_title' >Download affiche du festival A3<\/span><\/a><\/div><\/div>\n<\/div><\/div><\/div><!-- close content main div --><\/div><\/div><div id='after_section_5' class='main_color av_default_container_wrap container_wrap sidebar_right'   ><div class='container' ><div class='template-page content  av-content-small alpha units'><div class='post-entry post-entry-type-page post-entry-513'><div class='entry-content-wrapper clearfix'>\n<\/div><\/div><\/div><!-- close content main div --><\/div><\/div><div id='av_section_6' class='avia-section main_color avia-section-large avia-no-border-styling avia-bg-style-scroll  container_wrap sidebar_right'   ><div class='container' ><div class='template-page content  av-content-small alpha units'><div class='post-entry post-entry-type-page post-entry-513'><div class='entry-content-wrapper clearfix'>\n<div style='padding-bottom:20px;font-size:35px;' class='av-special-heading av-special-heading-h1  blockquote modern-quote   av-thin-font av-inherit-size'><h1 class='av-special-heading-tag'  itemprop=\"headline\"  >Download photos<strong>.<\/strong><\/h1><div class='special-heading-border'><div class='special-heading-inner-border' ><\/div><\/div><\/div>\n<div class=\"flex_column av_one_half  flex_column_div av-zero-column-padding first  \" style='border-radius:0px; '><section class=\"av_textblock_section\"  itemscope=\"itemscope\" itemtype=\"https:\/\/schema.org\/CreativeWork\" ><div class='avia_textblock '   itemprop=\"text\" ><p>Chaque photo choisie et publi\u00e9e doit \u00eatre avec la signature (Bylines): &#8220;Cr\u00e9ateur: nom du photographe selon la photo&#8221; et &#8220;le droit d&#8217;auteur (Copyright): F\u00eate f\u00e9d\u00e9rale de lutte et des jeux alpestres 2019 Zoug&#8221;. Les photos ne doivent pas \u00eatre modifi\u00e9es.<\/p>\n<\/div><\/section><\/div><div class=\"flex_column av_one_half  flex_column_div av-zero-column-padding   \" style='border-radius:0px; '><section class=\"av_textblock_section\"  itemscope=\"itemscope\" itemtype=\"https:\/\/schema.org\/CreativeWork\" ><div class='avia_textblock '   itemprop=\"text\" ><p>Toute utilisation abusive des photos li\u00e9es \u00e0 ce site Web a des cons\u00e9quences selon l&#8217;article 61ff de la Loi sur le droit d&#8217;auteur.<\/p>\n<p>Nous serons heureux de vous fournir d&#8217;autres motifs sur diff\u00e9rents sujets sur demande. Inscrivez-vous directement aupr\u00e8s de nous via le contact Media.<\/p>\n<\/div><\/section><\/div><div class='avia-button-wrap avia-button-left '><a href='https:\/\/www.esaf2019.ch\/fr\/photos\/' class='avia-button  avia-icon_select-no avia-color-theme-color avia-size-x-large avia-position-left '  target=\"_blank\"   ><span class='avia_iconbox_title' >Download photos<\/span><\/a><\/div>\n<\/div><\/div><\/div><!-- close content main div --><\/div><\/div><div id='after_section_6' class='main_color av_default_container_wrap container_wrap sidebar_right'   ><div class='container' ><div class='template-page content  av-content-small alpha units'><div class='post-entry post-entry-type-page post-entry-513'><div class='entry-content-wrapper clearfix'>\n","protected":false},"excerpt":{"rendered":"","protected":false},"author":2,"featured_media":0,"parent":0,"menu_order":0,"comment_status":"closed","ping_status":"closed","template":"","meta":{"footnotes":""},"class_list":["post-513","page","type-page","status-publish","hentry"],"_links":{"self":[{"href":"https:\/\/www.esaf2019.ch\/fr\/wp-json\/wp\/v2\/pages\/513","targetHints":{"allow":["GET"]}}],"collection":[{"href":"https:\/\/www.esaf2019.ch\/fr\/wp-json\/wp\/v2\/pages"}],"about":[{"href":"https:\/\/www.esaf2019.ch\/fr\/wp-json\/wp\/v2\/types\/page"}],"author":[{"embeddable":true,"href":"https:\/\/www.esaf2019.ch\/fr\/wp-json\/wp\/v2\/users\/2"}],"replies":[{"embeddable":true,"href":"https:\/\/www.esaf2019.ch\/fr\/wp-json\/wp\/v2\/comments?post=513"}],"version-history":[{"count":49,"href":"https:\/\/www.esaf2019.ch\/fr\/wp-json\/wp\/v2\/pages\/513\/revisions"}],"predecessor-version":[{"id":5349,"href":"https:\/\/www.esaf2019.ch\/fr\/wp-json\/wp\/v2\/pages\/513\/revisions\/5349"}],"wp:attachment":[{"href":"https:\/\/www.esaf2019.ch\/fr\/wp-json\/wp\/v2\/media?parent=513"}],"curies":[{"name":"wp","href":"https:\/\/api.w.org\/{rel}","templated":true}]}}