{"id":511,"date":"2016-05-11T13:48:37","date_gmt":"2016-05-11T13:48:37","guid":{"rendered":"http:\/\/wpoffice\/enfold-fitness\/?page_id=511"},"modified":"2019-03-06T16:30:39","modified_gmt":"2019-03-06T15:30:39","slug":"fete","status":"publish","type":"page","link":"https:\/\/www.esaf2019.ch\/fr\/fete\/","title":{"rendered":"F\u00eate"},"content":{"rendered":"<\/div><\/div><\/div><!-- close content main div --><\/div><\/div><div id='av_section_1' class='avia-section main_color avia-section-default avia-no-border-styling avia-full-stretch avia-bg-style-scroll  av-minimum-height av-minimum-height-25 container_wrap sidebar_right' style = 'background-repeat: no-repeat; background-image: url(https:\/\/www.esaf2019.ch\/fr\/wp-content\/uploads\/2018\/08\/zug.jpg); background-attachment: scroll; background-position: top center; ' data-section-bg-repeat='stretch' ><div class='container' ><div class='template-page content  av-content-small alpha units'><div class='post-entry post-entry-type-page post-entry-511'><div class='entry-content-wrapper clearfix'><\/div><\/div><\/div><!-- close content main div --><\/div><\/div><div id='after_section_1' class='main_color av_default_container_wrap container_wrap sidebar_right'   ><div class='container' ><div class='template-page content  av-content-small alpha units'><div class='post-entry post-entry-type-page post-entry-511'><div class='entry-content-wrapper clearfix'>\n<\/div><\/div><\/div><!-- close content main div --><\/div><\/div><div id='av_section_2' class='avia-section main_color avia-section-large avia-no-border-styling avia-bg-style-scroll  container_wrap sidebar_right'   ><div class='container' ><div class='template-page content  av-content-small alpha units'><div class='post-entry post-entry-type-page post-entry-511'><div class='entry-content-wrapper clearfix'>\n<div class=\"flex_column av_one_half  flex_column_div av-zero-column-padding first  \" style='border-radius:0px; '><section class=\"av_textblock_section\"  itemscope=\"itemscope\" itemtype=\"https:\/\/schema.org\/CreativeWork\" ><div class='avia_textblock '   itemprop=\"text\" ><p>La \u00abF\u00e9d\u00e9rale\u00bb est le plus grand \u00e9v\u00e9nement sportif r\u00e9current et \u00e9galement l\u2019une des plus grandes f\u00eates populaires de Suisse. Elle change de lieu tous les trois ans. Apr\u00e8s Estavayer en 2016, la prochaine \u00abF\u00e9d\u00e9rale\u00bb aura lieu \u00e0 Zoug du 23 au 25 ao\u00fbt 2019. Pour la troisi\u00e8me fois seulement depuis la cr\u00e9ation de l&#8217;Association f\u00e9d\u00e9rale de lutte suisse il y a plus de 120 ans, la \u00abF\u00e9d\u00e9rale\u00bb se d\u00e9roulera de nouveau dans le canton de Zoug, les deux derni\u00e8res fois remontant \u00e0 1943 et 1961.<\/p>\n<\/div><\/section><\/div><div class=\"flex_column av_one_half  flex_column_div av-zero-column-padding   \" style='border-radius:0px; '><section class=\"av_textblock_section\"  itemscope=\"itemscope\" itemtype=\"https:\/\/schema.org\/CreativeWork\" ><div class='avia_textblock '   itemprop=\"text\" ><p>Environ 300&#8217;000 visiteuses et visiteurs sont attendus \u00e0 la F\u00eate f\u00e9d\u00e9rale de lutte suisse et des jeux alpestres Zoug 2019 et plus de 50&#8217;000 supporteurs enthousiastes suivront, en direct et sur place, les comp\u00e9titions de lutte dans les sept ronds de sciure et les comp\u00e9titions du lancer de la pierre, dans l&#8217;ar\u00e8ne temporaire \u00e9rig\u00e9e tout sp\u00e9cialement, le plus grand stade de Suisse.<\/p>\n<\/div><\/section><\/div><div style='height:50px' class='hr hr-invisible '><span class='hr-inner ' ><span class='hr-inner-style'><\/span><\/span><\/div>\n<\/div><\/div><\/div><!-- close content main div --><\/div><\/div><div id='after_section_2' class='main_color av_default_container_wrap container_wrap sidebar_right'   ><div class='container' ><div class='template-page content  av-content-small alpha units'><div class='post-entry post-entry-type-page post-entry-511'><div class='entry-content-wrapper clearfix'>\n<\/div><\/div><\/div><!-- close content main div --><\/div><\/div><div id='av-layout-grid-1' class='av-layout-grid-container entry-content-wrapper alternate_color av-flex-cells  container_wrap sidebar_right'   >\n<div class=\"flex_cell no_margin av_one_half   avia-full-stretch av-zero-padding \" style='background-image:url(https:\/\/www.esaf2019.ch\/fr\/wp-content\/uploads\/2017\/06\/792-content1-20161027113042.jpeg); background-position:center left; background-repeat:no-repeat; background-attachment:scroll; vertical-align:middle; padding:0px; '><div class='flex_cell_inner' ><\/div><\/div><div class=\"flex_cell no_margin av_one_half   \" style='vertical-align:middle; padding:100px; background-color:#efefef; '><div class='flex_cell_inner' ><p><div style='padding-bottom:20px;color:#000000;font-size:35px;' class='av-special-heading av-special-heading-h1 custom-color-heading blockquote modern-quote   av-thin-font av-inherit-size'><h1 class='av-special-heading-tag'  itemprop=\"headline\"  >Information tickets et camping<strong>.<\/strong><\/h1><div class='special-heading-border'><div class='special-heading-inner-border' style='border-color:#000000'><\/div><\/div><\/div><br \/>\n<section class=\"av_textblock_section\"  itemscope=\"itemscope\" itemtype=\"https:\/\/schema.org\/CreativeWork\" ><div class='avia_textblock  av_inherit_color'  style='color:#000000; '  itemprop=\"text\" ><p>Nous vous remercions pour l\u2019int\u00e9r\u00eat que vous portez \u00e0 notre f\u00eate. Les tickets pour la FFLS 2019 ne sont pas encore disponibles. La vente de tickets d\u00e9butera au d\u00e9but 2019. <a href=\"https:\/\/www.esaf2019.ch\/fr\/fete\/tickets\/\">(Lisez plus..)<\/a>\u00a0Le syst\u00e8me de r\u00e9servation pour le camping sera accessible d\u00e8s le 25. ao\u00fbt 2018. Nous remercions tous les amis de la lutte pour leur compr\u00e9hension et leur patience!<\/p>\n<\/div><\/section><\/p>\n<\/div><\/div>\n<\/div>\n<\/div><\/div><\/div><!-- close content main div --><\/div><\/div><div id='av_section_3' class='avia-section main_color avia-section-large avia-no-border-styling avia-bg-style-scroll  container_wrap sidebar_right'   ><div class='container' ><div class='template-page content  av-content-small alpha units'><div class='post-entry post-entry-type-page post-entry-511'><div class='entry-content-wrapper clearfix'>\n<div style='padding-bottom:20px;font-size:35px;' class='av-special-heading av-special-heading-h1  blockquote modern-quote   av-thin-font av-inherit-size'><h1 class='av-special-heading-tag'  itemprop=\"headline\"  >Facts &#8211; Figures<strong>.<\/strong><\/h1><div class='special-heading-border'><div class='special-heading-inner-border' ><\/div><\/div><\/div>\n<\/div><\/div><\/div><!-- close content main div --><\/div><\/div><div id='after_section_3' class='main_color av_default_container_wrap container_wrap sidebar_right'   ><div class='container' ><div class='template-page content  av-content-small alpha units'><div class='post-entry post-entry-type-page post-entry-511'><div class='entry-content-wrapper clearfix'>\n<\/div><\/div><\/div><!-- close content main div --><\/div><\/div><div id='av-layout-grid-2' class='av-layout-grid-container entry-content-wrapper main_color av-flex-cells  container_wrap sidebar_right'   >\n<div class=\"flex_cell no_margin av_one_third   avia-full-stretch \" style='vertical-align:middle; padding:50px; '><div class='flex_cell_inner' ><div style='color:#0a0a0a' class=\"avia-animated-number av-force-default-color avia-color-font-custom  avia_animate_when_visible\" style='color:#0a0a0a'><strong class=\"heading avia-animated-number-title\" style='font-size:50px'><span class=\"avia-single-number __av-single-number\" data-number=\"280\">280<\/span><\/strong><div class='avia-animated-number-content' style='font-size:22px'><p>lutteurs<\/p>\n<\/div><\/div>\n<\/div><\/div><div class=\"flex_cell no_margin av_one_third   avia-full-stretch \" style='vertical-align:middle; padding:50px; background-color:#0071b7; '><div class='flex_cell_inner' ><div style='color:#ffffff' class=\"avia-animated-number av-force-default-color avia-color-font-custom  avia_animate_when_visible\" style='color:#ffffff'><strong class=\"heading avia-animated-number-title\" style='font-size:50px'><span class=\"avia-single-number __av-single-number\" data-number=\"8\">8<\/span><span class=\"avia-no-number\">\u2019<\/span><span class=\"avia-single-number __av-single-number\" data-number=\"000\">000<\/span><span class=\"avia-no-number\"> places<\/span><\/strong><div class='avia-animated-number-content' style='font-size:22px'><p>public viewing<\/p>\n<\/div><\/div>\n<\/div><\/div><div class=\"flex_cell no_margin av_one_third   avia-full-stretch \" style='vertical-align:middle; padding:50px; '><div class='flex_cell_inner' ><div style='color:#000000' class=\"avia-animated-number av-force-default-color avia-color-font-custom  avia_animate_when_visible\" style='color:#000000'><strong class=\"heading avia-animated-number-title\" style='font-size:50px'><span class=\"avia-single-number __av-single-number\" data-number=\"8\">8<\/span><span class=\"avia-no-number\">\u2019<\/span><span class=\"avia-single-number __av-single-number\" data-number=\"000\">000<\/span><\/strong><div class='avia-animated-number-content' style='font-size:22px'><p>b\u00e9n\u00e9voles<\/p>\n<\/div><\/div>\n<\/div><\/div>\n<\/div>\n<\/div><\/div><\/div><!-- close content main div --><\/div><\/div><div id='av-layout-grid-3' class='av-layout-grid-container entry-content-wrapper main_color av-flex-cells  container_wrap sidebar_right'   >\n<div class=\"flex_cell no_margin av_one_third   avia-full-stretch \" style='vertical-align:middle; padding:50px; background-color:#0071b7; '><div class='flex_cell_inner' ><div style='color:#ffffff' class=\"avia-animated-number av-force-default-color avia-color-font-custom  avia_animate_when_visible\" style='color:#ffffff'><strong class=\"heading avia-animated-number-title\" style='font-size:50px'><span class=\"avia-single-number __av-single-number\" data-number=\"300\">300<\/span><span class=\"avia-no-number\">\u2019<\/span><span class=\"avia-single-number __av-single-number\" data-number=\"000\">000<\/span><\/strong><div class='avia-animated-number-content' style='font-size:22px'><p>visiteurs \/ 3 jours<\/p>\n<\/div><\/div>\n<\/div><\/div><div class=\"flex_cell no_margin av_one_third   avia-full-stretch \" style='vertical-align:middle; padding:50px; '><div class='flex_cell_inner' ><div style='color:#000000' class=\"avia-animated-number av-force-default-color avia-color-font-custom  avia_animate_when_visible\" style='color:#000000'><strong class=\"heading avia-animated-number-title\" style='font-size:50px'><span class=\"avia-single-number __av-single-number\" data-number=\"120\">120<\/span><span class=\"avia-no-number\">\u2019<\/span><span class=\"avia-single-number __av-single-number\" data-number=\"000\">000<\/span><\/strong><div class='avia-animated-number-content' style='font-size:22px'><p>heure de travail<\/p>\n<\/div><\/div>\n<\/div><\/div><div class=\"flex_cell no_margin av_one_third   avia-full-stretch \" style='vertical-align:middle; padding:50px; background-color:#0071b7; '><div class='flex_cell_inner' ><div style='color:#ffffff' class=\"avia-animated-number av-force-default-color avia-color-font-custom  avia_animate_when_visible\" style='color:#ffffff'><strong class=\"heading avia-animated-number-title\" style='font-size:50px'><span class=\"avia-single-number __av-single-number\" data-number=\"8\">8<\/span><span class=\"avia-no-number\">\u2019<\/span><span class=\"avia-single-number __av-single-number\" data-number=\"500\">500<\/span><\/strong><div class='avia-animated-number-content' style='font-size:22px'><p>jours-homme de l&#8217;arm\u00e9e \/ protection civile<\/p>\n<\/div><\/div>\n<\/div><\/div>\n<\/div>\n<\/div><\/div><\/div><!-- close content main div --><\/div><\/div><div id='av-layout-grid-4' class='av-layout-grid-container entry-content-wrapper main_color av-flex-cells  container_wrap sidebar_right'   >\n<div class=\"flex_cell no_margin av_one_third   avia-full-stretch \" style='vertical-align:middle; padding:50px; background-color:#ffffff; '><div class='flex_cell_inner' ><div style='color:#0a0a0a' class=\"avia-animated-number av-force-default-color avia-color-font-custom  avia_animate_when_visible\" style='color:#0a0a0a'><strong class=\"heading avia-animated-number-title\" style='font-size:50px'><span class=\"avia-no-number\">plus <\/span><span class=\"avia-single-number __av-single-number\" data-number=\"70\">70<\/span><span class=\"avia-no-number\"> <\/span><\/strong><div class='avia-animated-number-content' style='font-size:22px'><p>hectares p.l. place<\/p>\n<\/div><\/div>\n<\/div><\/div><div class=\"flex_cell no_margin av_one_third   avia-full-stretch \" style='vertical-align:middle; padding:50px; background-color:#0071b7; '><div class='flex_cell_inner' ><div style='color:#ffffff' class=\"avia-animated-number av-force-default-color avia-color-font-custom  avia_animate_when_visible\" style='color:#ffffff'><strong class=\"heading avia-animated-number-title\" style='font-size:50px'><span class=\"avia-single-number __av-single-number\" data-number=\"56\">56<\/span><span class=\"avia-no-number\">\u2019<\/span><span class=\"avia-single-number __av-single-number\" data-number=\"500\">500<\/span><\/strong><div class='avia-animated-number-content' style='font-size:22px'><p>ar\u00e8ne places<\/p>\n<\/div><\/div>\n<\/div><\/div><div class=\"flex_cell no_margin av_one_third   avia-full-stretch \" style='vertical-align:middle; padding:50px; '><div class='flex_cell_inner' ><div style='color:#000000' class=\"avia-animated-number av-force-default-color avia-color-font-custom  avia_animate_when_visible\" style='color:#000000'><strong class=\"heading avia-animated-number-title\" style='font-size:50px'><span class=\"avia-single-number __av-single-number\" data-number=\"850\">850<\/span><span class=\"avia-no-number\"> places<\/span><\/strong><div class='avia-animated-number-content' style='font-size:22px'><p>lancer de la pierre<\/p>\n<\/div><\/div>\n<\/div><\/div>\n<\/div>\n","protected":false},"excerpt":{"rendered":"","protected":false},"author":2,"featured_media":0,"parent":0,"menu_order":0,"comment_status":"closed","ping_status":"closed","template":"","meta":{"footnotes":""},"class_list":["post-511","page","type-page","status-publish","hentry"],"_links":{"self":[{"href":"https:\/\/www.esaf2019.ch\/fr\/wp-json\/wp\/v2\/pages\/511","targetHints":{"allow":["GET"]}}],"collection":[{"href":"https:\/\/www.esaf2019.ch\/fr\/wp-json\/wp\/v2\/pages"}],"about":[{"href":"https:\/\/www.esaf2019.ch\/fr\/wp-json\/wp\/v2\/types\/page"}],"author":[{"embeddable":true,"href":"https:\/\/www.esaf2019.ch\/fr\/wp-json\/wp\/v2\/users\/2"}],"replies":[{"embeddable":true,"href":"https:\/\/www.esaf2019.ch\/fr\/wp-json\/wp\/v2\/comments?post=511"}],"version-history":[{"count":112,"href":"https:\/\/www.esaf2019.ch\/fr\/wp-json\/wp\/v2\/pages\/511\/revisions"}],"predecessor-version":[{"id":5226,"href":"https:\/\/www.esaf2019.ch\/fr\/wp-json\/wp\/v2\/pages\/511\/revisions\/5226"}],"wp:attachment":[{"href":"https:\/\/www.esaf2019.ch\/fr\/wp-json\/wp\/v2\/media?parent=511"}],"curies":[{"name":"wp","href":"https:\/\/api.w.org\/{rel}","templated":true}]}}