{"id":5043,"date":"2019-02-08T17:24:48","date_gmt":"2019-02-08T16:24:48","guid":{"rendered":"https:\/\/www.esaf2019.ch\/fr\/?page_id=5043"},"modified":"2019-02-20T11:47:51","modified_gmt":"2019-02-20T10:47:51","slug":"downloads","status":"publish","type":"page","link":"https:\/\/www.esaf2019.ch\/fr\/downloads\/","title":{"rendered":"Downloads"},"content":{"rendered":"<\/div><\/div><\/div><!-- close content main div --><\/div><\/div><div id='av_section_1' class='avia-section main_color avia-section-default avia-no-border-styling avia-full-stretch avia-bg-style-scroll  av-minimum-height av-minimum-height-25 container_wrap sidebar_right' style = 'background-repeat: no-repeat; background-image: url(https:\/\/www.esaf2019.ch\/fr\/wp-content\/uploads\/2018\/09\/esaf16.jpg); background-attachment: scroll; background-position: top left; ' data-section-bg-repeat='stretch' ><div class='container' ><div class='template-page content  av-content-small alpha units'><div class='post-entry post-entry-type-page post-entry-5043'><div class='entry-content-wrapper clearfix'><\/div><\/div><\/div><!-- close content main div --><\/div><\/div><div id='after_section_1' class='main_color av_default_container_wrap container_wrap sidebar_right'   ><div class='container' ><div class='template-page content  av-content-small alpha units'><div class='post-entry post-entry-type-page post-entry-5043'><div class='entry-content-wrapper clearfix'>\n<div style='padding-bottom:30px;font-size:35px;' class='av-special-heading av-special-heading-h4  blockquote modern-quote   av-thin-font av-inherit-size'><h4 class='av-special-heading-tag'  itemprop=\"headline\"  >Downloads<strong>.<\/strong><\/h4><div class ='av-subheading av-subheading_below ' style='font-size:15px;'><p>Medienmitteilungen, Plakate, Bilder<\/p>\n<\/div><div class='special-heading-border'><div class='special-heading-inner-border' ><\/div><\/div><\/div>\n<\/div><\/div><\/div><!-- close content main div --><\/div><\/div><div id='av_section_2' class='avia-section main_color avia-section-large avia-no-border-styling avia-bg-style-scroll  container_wrap sidebar_right'   ><div class='container' ><div class='template-page content  av-content-small alpha units'><div class='post-entry post-entry-type-page post-entry-5043'><div class='entry-content-wrapper clearfix'>\n<div style='padding-bottom:20px;font-size:35px;' class='av-special-heading av-special-heading-h1  blockquote modern-quote   av-thin-font av-inherit-size'><h1 class='av-special-heading-tag'  itemprop=\"headline\"  >Medienmitteilungen<strong>.<\/strong><\/h1><div class='special-heading-border'><div class='special-heading-inner-border' ><\/div><\/div><\/div>\n<div class=\"flex_column av_one_third  flex_column_div av-zero-column-padding first  \" style='border-radius:0px; '><div class='avia-button-wrap avia-button-left '><a href='https:\/\/www.esaf2019.ch\/fr\/medias\/communiques-de-presse\/' class='avia-button  avia-icon_select-no avia-color-theme-color avia-size-x-large avia-position-left '  target=\"_blank\"   ><span class='avia_iconbox_title' >zu den Medienmitteilungen<\/span><\/a><\/div><\/div>\n<\/div><\/div><\/div><!-- close content main div --><\/div><\/div><div id='after_section_2' class='main_color av_default_container_wrap container_wrap sidebar_right'   ><div class='container' ><div class='template-page content  av-content-small alpha units'><div class='post-entry post-entry-type-page post-entry-5043'><div class='entry-content-wrapper clearfix'>\n<\/div><\/div><\/div><!-- close content main div --><\/div><\/div><div id='av_section_3' class='avia-section main_color avia-section-large avia-no-border-styling avia-bg-style-scroll  container_wrap sidebar_right'   ><div class='container' ><div class='template-page content  av-content-small alpha units'><div class='post-entry post-entry-type-page post-entry-5043'><div class='entry-content-wrapper clearfix'>\n<div style='padding-bottom:20px;font-size:35px;' class='av-special-heading av-special-heading-h1  blockquote modern-quote   av-thin-font av-inherit-size'><h1 class='av-special-heading-tag'  itemprop=\"headline\"  >Download Festplakat<strong>.<\/strong><\/h1><div class='special-heading-border'><div class='special-heading-inner-border' ><\/div><\/div><\/div>\n<div class=\"flex_column av_one_half  flex_column_div av-zero-column-padding first  \" style='border-radius:0px; '><div class='avia-button-wrap avia-button-left '><a href='https:\/\/www.esaf2019.ch\/wp-content\/uploads\/2017\/09\/ESAF2019_Festplakat_A4_dt.pdf' class='avia-button  avia-icon_select-no avia-color-theme-color avia-size-x-large avia-position-left '  target=\"_blank\"   ><span class='avia_iconbox_title' >Download Festplakat A4<\/span><\/a><\/div><\/div><div class=\"flex_column av_one_half  flex_column_div av-zero-column-padding   \" style='border-radius:0px; '><div class='avia-button-wrap avia-button-left '><a href='https:\/\/www.esaf2019.ch\/wp-content\/uploads\/2017\/09\/ESAF2019_Festplakat_A3_dt.pdf' class='avia-button  avia-icon_select-no avia-color-theme-color avia-size-x-large avia-position-left '  target=\"_blank\"   ><span class='avia_iconbox_title' >Download Festplakat A3<\/span><\/a><\/div><\/div>\n<\/div><\/div><\/div><!-- close content main div --><\/div><\/div><div id='after_section_3' class='main_color av_default_container_wrap container_wrap sidebar_right'   ><div class='container' ><div class='template-page content  av-content-small alpha units'><div class='post-entry post-entry-type-page post-entry-5043'><div class='entry-content-wrapper clearfix'>\n<\/div><\/div><\/div><!-- close content main div --><\/div><\/div><div id='av_section_4' class='avia-section main_color avia-section-large avia-no-border-styling avia-bg-style-scroll  container_wrap sidebar_right'   ><div class='container' ><div class='template-page content  av-content-small alpha units'><div class='post-entry post-entry-type-page post-entry-5043'><div class='entry-content-wrapper clearfix'>\n<div style='padding-bottom:20px;font-size:35px;' class='av-special-heading av-special-heading-h1  blockquote modern-quote   av-thin-font av-inherit-size'><h1 class='av-special-heading-tag'  itemprop=\"headline\"  >Download Bilder<strong>.<\/strong><\/h1><div class='special-heading-border'><div class='special-heading-inner-border' ><\/div><\/div><\/div>\n<div class=\"flex_column av_one_half  flex_column_div av-zero-column-padding first  \" style='border-radius:0px; '><section class=\"av_textblock_section\"  itemscope=\"itemscope\" itemtype=\"https:\/\/schema.org\/CreativeWork\" ><div class='avia_textblock '   itemprop=\"text\" ><p>Hier finden Sie eine Auswahl an druckf\u00e4higen Bildern f\u00fcr redaktionelle Zwecke zum kostenlosen Download.<\/p>\n<p>Jedes bezogene und publizierte Bild muss mit den Bylines &#8220;Ersteller: Name des Fotografen gem\u00e4ss Foto&#8221; und &#8220;Copyright: Eidg. Schwing- und \u00c4lplerfest 2019 Zug&#8221; gekennzeichnet werden. Die Fotos d\u00fcrfen nicht ver\u00e4ndert werden.<\/p>\n<\/div><\/section><\/div><div class=\"flex_column av_one_half  flex_column_div av-zero-column-padding   \" style='border-radius:0px; '><section class=\"av_textblock_section\"  itemscope=\"itemscope\" itemtype=\"https:\/\/schema.org\/CreativeWork\" ><div class='avia_textblock '   itemprop=\"text\" ><p>Jede missbr\u00e4uchliche Verwendung der von dieser Website bezogenen Bilder hat Folgen gem\u00e4ss Art 61ff des Urheberrechtsgesetzes.<\/p>\n<p>Weitere Motive zu diversen Themen stellen wir Ihnen auf Anfrage gerne zur Verf\u00fcgung. Melden Sie sich direkt bei uns \u00fcber den Medienkontakt.<\/p>\n<\/div><\/section><\/div><div class=\"flex_column av_one_half  flex_column_div av-zero-column-padding first  \" style='border-radius:0px; '><div class='avia-button-wrap avia-button-left '><a href='https:\/\/www.esaf2019.ch\/fr\/photos\/' class='avia-button  avia-icon_select-no avia-color-theme-color avia-size-x-large avia-position-left '  target=\"_blank\"   ><span class='avia_iconbox_title' >Download Bilder<\/span><\/a><\/div><\/div><\/div><\/div><\/div><!-- close content main div --><\/div><\/div><div id='after_section_4' class='main_color av_default_container_wrap container_wrap sidebar_right'   ><div class='container' ><div class='template-page content  av-content-small alpha units'><div class='post-entry post-entry-type-page post-entry-5043'><div class='entry-content-wrapper clearfix'>\n","protected":false},"excerpt":{"rendered":"","protected":false},"author":9,"featured_media":0,"parent":0,"menu_order":0,"comment_status":"closed","ping_status":"closed","template":"","meta":{"footnotes":""},"class_list":["post-5043","page","type-page","status-publish","hentry"],"_links":{"self":[{"href":"https:\/\/www.esaf2019.ch\/fr\/wp-json\/wp\/v2\/pages\/5043","targetHints":{"allow":["GET"]}}],"collection":[{"href":"https:\/\/www.esaf2019.ch\/fr\/wp-json\/wp\/v2\/pages"}],"about":[{"href":"https:\/\/www.esaf2019.ch\/fr\/wp-json\/wp\/v2\/types\/page"}],"author":[{"embeddable":true,"href":"https:\/\/www.esaf2019.ch\/fr\/wp-json\/wp\/v2\/users\/9"}],"replies":[{"embeddable":true,"href":"https:\/\/www.esaf2019.ch\/fr\/wp-json\/wp\/v2\/comments?post=5043"}],"version-history":[{"count":4,"href":"https:\/\/www.esaf2019.ch\/fr\/wp-json\/wp\/v2\/pages\/5043\/revisions"}],"predecessor-version":[{"id":5153,"href":"https:\/\/www.esaf2019.ch\/fr\/wp-json\/wp\/v2\/pages\/5043\/revisions\/5153"}],"wp:attachment":[{"href":"https:\/\/www.esaf2019.ch\/fr\/wp-json\/wp\/v2\/media?parent=5043"}],"curies":[{"name":"wp","href":"https:\/\/api.w.org\/{rel}","templated":true}]}}