{"id":4847,"date":"2019-01-21T08:59:06","date_gmt":"2019-01-21T07:59:06","guid":{"rendered":"https:\/\/www.esaf2019.ch\/fr\/?page_id=4847"},"modified":"2019-02-14T17:39:45","modified_gmt":"2019-02-14T16:39:45","slug":"durabilite","status":"publish","type":"page","link":"https:\/\/www.esaf2019.ch\/fr\/durabilite\/","title":{"rendered":"Durabilit\u00e9"},"content":{"rendered":"<\/div><\/div><\/div><!-- close content main div --><\/div><\/div><div id='schwingen' class='av-layout-grid-container entry-content-wrapper alternate_color av-flex-cells  container_wrap sidebar_right'   >\n<div class=\"flex_cell no_margin av_one_half   avia-full-stretch av-zero-padding \" style='background-image:url(https:\/\/www.esaf2019.ch\/fr\/wp-content\/uploads\/2019\/01\/abfall.jpg); background-position:center left; background-repeat:no-repeat; background-attachment:scroll; vertical-align:bottom; padding:0px; '><div class='flex_cell_inner' ><\/div><\/div><div class=\"flex_cell no_margin av_one_half   \" style='vertical-align:middle; padding:100px; background-color:#0071b7; '><div class='flex_cell_inner' ><p><div style='padding-bottom:20px;color:#ffffff;font-size:35px;' class='av-special-heading av-special-heading-h1 custom-color-heading blockquote modern-quote  av-thin-font av-inherit-size'><h1 class='av-special-heading-tag'  itemprop=\"headline\"  >DEVELOPPEMENT DURABLE<strong>.<\/strong><\/h1><div class ='av-subheading av-subheading_below av_custom_color' style='font-size:15px;'><p>La premi\u00e8re FFLS climatiquement neutre<\/p>\n<\/div><div class='special-heading-border'><div class='special-heading-inner-border' style='border-color:#ffffff'><\/div><\/div><\/div><br \/>\n<section class=\"av_textblock_section\"  itemscope=\"itemscope\" itemtype=\"https:\/\/schema.org\/CreativeWork\" ><div class='avia_textblock  av_inherit_color'  style='color:#ffffff; '  itemprop=\"text\" ><p>La vision de la FFLS 2019 Zoug ne vise pas seulement \u00e0 organiser une F\u00eate f\u00e9d\u00e9rale de lutte suisse et des jeux alpestres \u00e0 la fois conviviale et sportive: le plus grand \u00e9v\u00e9nement sportif de Suisse devrait \u00e9galement conna\u00eetre un succ\u00e8s \u00e9cologique. Le CO de la FFLS 2019 Zoug s\u2019est donc fix\u00e9 pour objectif de r\u00e9aliser la premi\u00e8re F\u00eate suisse de lutte s\u2019inscrivant dans une gestion globale de la durabilit\u00e9. Elle sera la premi\u00e8re FFLS climatiquement neutre.<\/p>\n<\/div><\/section><\/p>\n<\/div><\/div>\n<\/div>\n<div class=\"flex_column av_one_half  flex_column_div av-zero-column-padding first  \" style='border-radius:0px; '><p><section class=\"av_textblock_section\"  itemscope=\"itemscope\" itemtype=\"https:\/\/schema.org\/CreativeWork\" ><div class='avia_textblock '   itemprop=\"text\" ><p><strong>Les pierres angulaires d\u2019une f\u00eate durable sur le plan \u00e9cologique<\/strong><\/p>\n<p>La FFLS 2019 Zoug prend diverses mesures pour que l\u2019\u00e9v\u00e9nement soit le plus durable possible \u00e9cologiquement parlant.<\/p>\n<ul>\n<li>La FFLS 2019 Zoug est id\u00e9alement accessible avec les transports en commun, ainsi qu\u2019en v\u00e9lo et \u00e0 pied. Le d\u00e9placement avec les transports publics est inclus dans les billets. De grandes places de stationnement pour v\u00e9los sont disponibles pour les visiteuses et visiteurs de la r\u00e9gion.<\/li>\n<li>La FFLS 2019 Zoug renonce \u00e0 un carnet de f\u00eate complet, \u00e9conomisant ainsi plus de 18 tonnes de papier.<\/li>\n<li>La FFLS 2019 Zoug introduit pour la premi\u00e8re fois un concept de d\u00e9p\u00f4t visant \u00e0 r\u00e9duire la quantit\u00e9 de d\u00e9chets et \u00e0 augmenter le recyclage.<\/li>\n<li>Les sponsors de la FFLS 2019 Zoug se sont engag\u00e9s \u00e0 effectuer des \u00e9chantillonnages \u00e9cologiques et \u00e0 apporter une contribution importante au fonds de d\u00e9veloppement durable.<\/li>\n<li>La FFLS 2019 Zoug s\u2019est engag\u00e9e \u00e0 restituer, apr\u00e8s la f\u00eate, les terres utilis\u00e9es \u00e0 l\u2019agriculture sous forme valoris\u00e9e.<\/li>\n<li>La FFLS 2019 s\u2019efforce de recycler autant de mat\u00e9riaux que possible, tels que la sciure de bois ou les b\u00e2ches publicitaires.<\/li>\n<\/ul>\n<\/div><\/section><br \/>\n<div style='height:50px' class='hr hr-invisible '><span class='hr-inner ' ><span class='hr-inner-style'><\/span><\/span><\/div><br \/>\n<div class='avia-button-wrap avia-button-left '><a href='https:\/\/www.esaf2019.ch\/fr\/wp-content\/uploads\/2019\/01\/CP_climatiquement-neutre-ESAF-Zoug.pdf' class='avia-button  avia-icon_select-no avia-color-theme-color avia-size-small avia-position-left '  target=\"_blank\"   ><span class='avia_iconbox_title' >Communiqu\u00e9 de presse du 21 janvier 2019<\/span><\/a><\/div><\/p><\/div><div class=\"flex_column av_one_half  flex_column_div av-zero-column-padding   \" style='border-radius:0px; '><p><section class=\"av_textblock_section\"  itemscope=\"itemscope\" itemtype=\"https:\/\/schema.org\/CreativeWork\" ><div class='avia_textblock '   itemprop=\"text\" ><p><strong>Partenariat avec la Fondation myclimate<\/strong><\/p>\n<p>Dans le domaine de la durabilit\u00e9 \u00e9cologique, la FFLS travaille avec la Fondation suisse myclimate. La FFLS 2019 Zoug a mis en place un fonds de durabilit\u00e9 pour financer des mesures de compensation \u00e9cologique en Suisse et \u00e0 l\u2019\u00e9tranger. Parall\u00e8lement \u00e0 cela, la FFLS 2019 calculera pour la premi\u00e8re fois une empreinte \u00e9cologique, qui sera ensuite disponible pour l\u2019AFLS en tant que base de donn\u00e9es pour les prochaines f\u00eates<\/p>\n<\/div><\/section><br \/>\n<div style='height:50px' class='hr hr-invisible '><span class='hr-inner ' ><span class='hr-inner-style'><\/span><\/span><\/div><br \/>\n<section class=\"av_textblock_section\"  itemscope=\"itemscope\" itemtype=\"https:\/\/schema.org\/CreativeWork\" ><div class='avia_textblock '   itemprop=\"text\" ><p><strong>Pour toute question et plus d\u2019informations<\/strong><\/p>\n<p><img loading=\"lazy\" decoding=\"async\" class=\"size-medium wp-image-1593 alignright\" src=\"https:\/\/www.esaf2019.ch\/wp-content\/uploads\/2017\/06\/ESAF_OK_Andreas_Lustenberger-300x200.jpeg\" alt=\"Andreas Lustenberger\" width=\"300\" height=\"200\" srcset=\"https:\/\/www.esaf2019.ch\/fr\/wp-content\/uploads\/2017\/06\/ESAF_OK_Andreas_Lustenberger-300x200.jpeg 300w, https:\/\/www.esaf2019.ch\/fr\/wp-content\/uploads\/2017\/06\/ESAF_OK_Andreas_Lustenberger-768x511.jpeg 768w, https:\/\/www.esaf2019.ch\/fr\/wp-content\/uploads\/2017\/06\/ESAF_OK_Andreas_Lustenberger-1030x686.jpeg 1030w, https:\/\/www.esaf2019.ch\/fr\/wp-content\/uploads\/2017\/06\/ESAF_OK_Andreas_Lustenberger-1500x999.jpeg 1500w, https:\/\/www.esaf2019.ch\/fr\/wp-content\/uploads\/2017\/06\/ESAF_OK_Andreas_Lustenberger-705x469.jpeg 705w, https:\/\/www.esaf2019.ch\/fr\/wp-content\/uploads\/2017\/06\/ESAF_OK_Andreas_Lustenberger-450x300.jpeg 450w\" sizes=\"auto, (max-width: 300px) 100vw, 300px\" \/><\/p>\n<p>Andreas Lustenberger, resp. EM Durabilit\u00e9<\/p>\n<p><a href=\"mailto:andreas.lustenberger@esaf2019.ch\">andreas.lustenberger@esaf2019.ch<\/a><\/p>\n<\/div><\/section><\/p><\/div><\/p>\n","protected":false},"excerpt":{"rendered":"","protected":false},"author":9,"featured_media":0,"parent":0,"menu_order":0,"comment_status":"closed","ping_status":"closed","template":"","meta":{"footnotes":""},"class_list":["post-4847","page","type-page","status-publish","hentry"],"_links":{"self":[{"href":"https:\/\/www.esaf2019.ch\/fr\/wp-json\/wp\/v2\/pages\/4847","targetHints":{"allow":["GET"]}}],"collection":[{"href":"https:\/\/www.esaf2019.ch\/fr\/wp-json\/wp\/v2\/pages"}],"about":[{"href":"https:\/\/www.esaf2019.ch\/fr\/wp-json\/wp\/v2\/types\/page"}],"author":[{"embeddable":true,"href":"https:\/\/www.esaf2019.ch\/fr\/wp-json\/wp\/v2\/users\/9"}],"replies":[{"embeddable":true,"href":"https:\/\/www.esaf2019.ch\/fr\/wp-json\/wp\/v2\/comments?post=4847"}],"version-history":[{"count":10,"href":"https:\/\/www.esaf2019.ch\/fr\/wp-json\/wp\/v2\/pages\/4847\/revisions"}],"predecessor-version":[{"id":4897,"href":"https:\/\/www.esaf2019.ch\/fr\/wp-json\/wp\/v2\/pages\/4847\/revisions\/4897"}],"wp:attachment":[{"href":"https:\/\/www.esaf2019.ch\/fr\/wp-json\/wp\/v2\/media?parent=4847"}],"curies":[{"name":"wp","href":"https:\/\/api.w.org\/{rel}","templated":true}]}}