{"id":4824,"date":"2019-01-14T12:19:17","date_gmt":"2019-01-14T11:19:17","guid":{"rendered":"https:\/\/www.esaf2019.ch\/fr\/?page_id=4824"},"modified":"2019-05-23T08:39:31","modified_gmt":"2019-05-23T06:39:31","slug":"programme-festife","status":"publish","type":"page","link":"https:\/\/www.esaf2019.ch\/fr\/fete\/programme-festife\/","title":{"rendered":"Programme festife"},"content":{"rendered":"<\/div><\/div><\/div><!-- close content main div --><\/div><\/div><div id='av_section_1' class='avia-section main_color avia-section-default avia-no-border-styling avia-full-stretch avia-bg-style-scroll  av-minimum-height av-minimum-height-25 container_wrap sidebar_right' style = 'background-repeat: no-repeat; background-image: url(https:\/\/www.esaf2019.ch\/fr\/wp-content\/uploads\/2019\/06\/aufbau-1-von-13.jpg); background-attachment: scroll; background-position: top left; ' data-section-bg-repeat='stretch' ><div class='container' ><div class='template-page content  av-content-small alpha units'><div class='post-entry post-entry-type-page post-entry-4824'><div class='entry-content-wrapper clearfix'><\/div><\/div><\/div><!-- close content main div --><\/div><\/div><div id='after_section_1' class='main_color av_default_container_wrap container_wrap sidebar_right'   ><div class='container' ><div class='template-page content  av-content-small alpha units'><div class='post-entry post-entry-type-page post-entry-4824'><div class='entry-content-wrapper clearfix'>\n<div style='padding-bottom:30px;font-size:35px;' class='av-special-heading av-special-heading-h4  blockquote modern-quote   av-thin-font av-inherit-size'><h4 class='av-special-heading-tag'  itemprop=\"headline\"  >Programme festife<strong>.<\/strong><\/h4><div class='special-heading-border'><div class='special-heading-inner-border' ><\/div><\/div><\/div>\n<\/div><\/div><\/div><!-- close content main div --><\/div><\/div><div id='av_section_2' class='avia-section main_color avia-section-large avia-no-border-styling avia-bg-style-scroll  container_wrap sidebar_right'   ><div class='container' ><div class='template-page content  av-content-small alpha units'><div class='post-entry post-entry-type-page post-entry-4824'><div class='entry-content-wrapper clearfix'>\n<div class=\"flex_column av_two_third  flex_column_div av-zero-column-padding first  \" style='border-radius:0px; '><p><div style='padding-bottom:30px;font-size:30px;' class='av-special-heading av-special-heading-h4  blockquote modern-quote   av-thin-font av-inherit-size'><h4 class='av-special-heading-tag'  itemprop=\"headline\"  >Vendredi, 23 ao\u00fbt 2019<strong>.<\/strong><\/h4><div class='special-heading-border'><div class='special-heading-inner-border' ><\/div><\/div><\/div><br \/>\n<div class='avia-data-table-wrap avia_scrollable_table'><table class='avia-table avia-data-table avia-table-1  avia_pricing_default'  itemscope=\"itemscope\" itemtype=\"https:\/\/schema.org\/Table\" ><tbody><tr class=''><th class='avia-desc-col'>11h00<\/th><td class=''>Ouverture officielle de la place de lutte ainsi que de la place de f\u00eate<\/td><\/tr><tr class=''><th class='avia-desc-col'>13h00<\/th><td class=''>R\u00e9ception de la banni\u00e8re \u00e0 Zoug<\/td><\/tr><tr class=''><th class='avia-desc-col'>14h00<\/th><td class=''>D\u00e9part du cort\u00e8ge<\/td><\/tr><tr class=''><th class='avia-desc-col'>15h00<\/th><td class=''>Annonce du classement des lutteurs (1re passe)<\/td><\/tr><tr class=''><th class='avia-desc-col'>20h00<\/th><td class=''> <a href=\"https:\/\/www.esaf2019.ch\/fr\/fete\/programme-festife\/unterhaltungsprogramm\">Concerts sur l\u2019aire de f\u00eate<\/a><br \/>\n<\/td><\/tr><tr class=''><th class='avia-desc-col'>03h00<\/th><td class=''>Fermeture des restaurants, stands et bars<\/td><\/tr><\/tbody><\/table><\/div><\/p><\/div><div  class='hr hr-full hr-no-shadow '><span class='hr-inner ' ><span class='hr-inner-style'><\/span><\/span><\/div>\n<div style='padding-bottom:30px;font-size:30px;' class='av-special-heading av-special-heading-h4  blockquote modern-quote   av-thin-font av-inherit-size'><h4 class='av-special-heading-tag'  itemprop=\"headline\"  >Samedi, 24 ao\u00fbt 2019<strong>.<\/strong><\/h4><div class='special-heading-border'><div class='special-heading-inner-border' ><\/div><\/div><\/div>\n<div class=\"flex_column av_one_half  flex_column_div av-zero-column-padding first  \" style='border-radius:0px; '><p><div style='padding-bottom:30px;font-size:30px;' class='av-special-heading av-special-heading-h5  blockquote modern-quote   av-thin-font av-inherit-size'><h5 class='av-special-heading-tag'  itemprop=\"headline\"  >La lutte<strong>.<\/strong><\/h5><div class='special-heading-border'><div class='special-heading-inner-border' ><\/div><\/div><\/div><br \/>\n<div class='avia-data-table-wrap avia_scrollable_table'><table class='avia-table avia-data-table avia-table-2  avia_pricing_default'  itemscope=\"itemscope\" itemtype=\"https:\/\/schema.org\/Table\" ><tbody><tr class=''><th class='avia-desc-col'>05h30<\/th><td class=''>Ouverture des restaurants et stands<\/td><\/tr><tr class=''><th class='avia-desc-col'>07h00-17h15<\/th><td class=''>Public Viewing sur l\u2019aire de f\u00eate<\/td><\/tr><tr class=''><th class='avia-desc-col'>07h30<\/th><td class=''>Entr\u00e9e des lutteurs dans l\u2019Ar\u00e8ne &#8220;Zug Arena&#8221;<\/td><\/tr><tr class=''><th class='avia-desc-col'>07h45<\/th><td class=''>Hymne national<\/td><\/tr><tr class=''><th class='avia-desc-col'>08h00<\/th><td class=''>D\u00e9but des luttes (1er et 2e passe )<\/td><\/tr><tr class=''><th class='avia-desc-col'>10h00-10h30<\/th><td class=''>Pr\u00e9sentation des prix vivants dans l\u2019ar\u00e8ne<\/td><\/tr><tr class=''><th class='avia-desc-col'>12h00-13h30<\/th><td class=''>Pause de midi<\/td><\/tr><tr class=''><th class='avia-desc-col'>13h30<\/th><td class=''>Reprise des luttes (3e et 4e passe )<\/td><\/tr><tr class=''><th class='avia-desc-col'>16h00<\/th><td class=''>Pr\u00e9sentation des prix vivants dans l\u2019ar\u00e8ne<\/td><\/tr><tr class=''><th class='avia-desc-col'>17h15<\/th><td class=''>Fin des luttes<\/td><\/tr><tr class=''><th class='avia-desc-col'>d\u00e8 20h00<\/th><td class=''> <a href=\"https:\/\/www.esaf2019.ch\/fr\/fete\/programme-festife\/unterhaltungsprogramm\">Concerts sur l\u2019aire de f\u00eate<\/a><\/td><\/tr><tr class=''><th class='avia-desc-col'>03h00<\/th><td class=''>Fermeture des restaurants, stands et bars<\/td><\/tr><\/tbody><\/table><\/div><\/p><\/div><div class=\"flex_column av_one_half  flex_column_div av-zero-column-padding   \" style='border-radius:0px; '><p><div style='padding-bottom:30px;font-size:30px;' class='av-special-heading av-special-heading-h5  blockquote modern-quote   av-thin-font av-inherit-size'><h5 class='av-special-heading-tag'  itemprop=\"headline\"  >Lancer de la pierre<strong>.<\/strong><\/h5><div class='special-heading-border'><div class='special-heading-inner-border' ><\/div><\/div><\/div><br \/>\n<div class='avia-data-table-wrap avia_scrollable_table'><table class='avia-table avia-data-table avia-table-3  avia_pricing_default'  itemscope=\"itemscope\" itemtype=\"https:\/\/schema.org\/Table\" ><tbody><tr class=''><th class='avia-desc-col'>08h00<\/th><td class=''>D\u00e9but de la comp\u00e9tition <\/td><\/tr><tr class=''><th class='avia-desc-col'>14h00<\/th><td class=''>Finale lancer de pierre 20 kg<\/td><\/tr><tr class=''><th class='avia-desc-col'>14h30<\/th><td class=''>Finale lancer de pierre 40 kg<\/td><\/tr><tr class=''><th class='avia-desc-col'>15h30<\/th><td class=''>Proclamation des r\u00e9sultats du lancer de pierres 20kg et 40kg et la pierre d\u2019Unspunnen<\/td><\/tr><\/tbody><\/table><\/div><\/p><\/div><div  class='hr hr-full hr-no-shadow '><span class='hr-inner ' ><span class='hr-inner-style'><\/span><\/span><\/div>\n<div class=\"flex_column av_two_third  flex_column_div av-zero-column-padding first  \" style='border-radius:0px; '><p><div style='padding-bottom:30px;font-size:30px;' class='av-special-heading av-special-heading-h4  blockquote modern-quote   av-thin-font av-inherit-size'><h4 class='av-special-heading-tag'  itemprop=\"headline\"  >Dimanche, 25 ao\u00fbt 2019<strong>.<\/strong><\/h4><div class='special-heading-border'><div class='special-heading-inner-border' ><\/div><\/div><\/div><br \/>\n<div class='avia-data-table-wrap avia_scrollable_table'><table class='avia-table avia-data-table avia-table-4  avia_pricing_default'  itemscope=\"itemscope\" itemtype=\"https:\/\/schema.org\/Table\" ><tbody><tr class=''><th class='avia-desc-col'>05h30<\/th><td class=''>Ouverture des restaurants et stands<\/td><\/tr><tr class=''><th class='avia-desc-col'>7H00 \u00c0 17H15 ENV.<\/th><td class=''>Public Viewing sur l\u2019aire de f\u00eate<\/td><\/tr><tr class=''><th class='avia-desc-col'>07h45<\/th><td class=''>Reprise des luttes (5e passe)<\/td><\/tr><tr class=''><th class='avia-desc-col'>09h30<\/th><td class=''>C\u00e9r\u00e9monie officielle dans l\u2019ar\u00e8ne<\/td><\/tr><tr class=''><th class='avia-desc-col'>10h30<\/th><td class=''>D\u00e9claration des r\u00e9sultats pour les lutteurs \u00e9limin\u00e9s apr\u00e8s 4 passes <\/td><\/tr><tr class=''><th class='avia-desc-col'>10h30<\/th><td class=''>Reprise des luttes (6e passe)<\/td><\/tr><tr class=''><th class='avia-desc-col'>11h00<\/th><td class=''>Pr\u00e9sentation des prix vivants dans l&#8217;ar\u00e8ne<\/td><\/tr><tr class=''><th class='avia-desc-col'>12h00-13h30<\/th><td class=''>Pause de midi<\/td><\/tr><tr class=''><th class='avia-desc-col'>13h30<\/th><td class=''>Passe des couronnes (7e passe)<\/td><\/tr><tr class=''><th class='avia-desc-col'>14h00<\/th><td class=''>Proclamation des r\u00e9sultats pour les lutteurs \u00e9limin\u00e9s apr\u00e8s 6 passes <\/td><\/tr><tr class=''><th class='avia-desc-col'>14h45<\/th><td class=''>Lancer de la pierre d&#8217;Unspunnen: finale dans l\u2019ar\u00e8ne<\/td><\/tr><tr class=''><th class='avia-desc-col'>15h15<\/th><td class=''>Passe des couronnes (8e passe)<\/td><\/tr><tr class=''><th class='avia-desc-col'>15h30<\/th><td class=''>Pr\u00e9sentation des prix vivants dans l\u2019ar\u00e8ne<\/td><\/tr><tr class=''><th class='avia-desc-col'>16h45<\/th><td class=''>Passe finale<\/td><\/tr><tr class=''><th class='avia-desc-col'>17h05<\/th><td class=''>Interview en direct avec le nouveau roi de la lutte<\/td><\/tr><tr class=''><th class='avia-desc-col'>17h15<\/th><td class=''>Acte final dans l\u2019ar\u00e8ne<\/td><\/tr><tr class=''><th class='avia-desc-col'>18h15<\/th><td class=''>Proclamation des r\u00e9sultats dans l\u2019ar\u00e8ne<\/td><\/tr><tr class=''><th class='avia-desc-col'>22h00<\/th><td class=''>Fermeture des restaurants, stands et bars<\/td><\/tr><\/tbody><\/table><\/div><\/p><\/div><div  class='hr hr-full hr-no-shadow '><span class='hr-inner ' ><span class='hr-inner-style'><\/span><\/span><\/div>\n<div class=\"flex_column av_two_third  flex_column_div av-zero-column-padding first  \" style='border-radius:0px; '><p><div style='padding-bottom:30px;font-size:30px;' class='av-special-heading av-special-heading-h4  blockquote modern-quote   av-thin-font av-inherit-size'><h4 class='av-special-heading-tag'  itemprop=\"headline\"  >Lundi, 26 ao\u00fbt 2019<strong>.<\/strong><\/h4><div class='special-heading-border'><div class='special-heading-inner-border' ><\/div><\/div><\/div><br \/>\n<div class='avia-data-table-wrap avia_scrollable_table'><table class='avia-table avia-data-table avia-table-5  avia_pricing_default'  itemscope=\"itemscope\" itemtype=\"https:\/\/schema.org\/Table\" ><tbody><tr class=''><th class='avia-desc-col'>JUSQU\u2019\u00c0 14H00 ENV.<\/th><td class=''>le bistrot des dons est ouvert<\/td><\/tr><\/tbody><\/table><\/div><\/p><\/div><div  class='hr hr-full hr-no-shadow '><span class='hr-inner ' ><span class='hr-inner-style'><\/span><\/span><\/div>\n<\/div><\/div><\/div><!-- close content main div --><\/div><\/div><div id='after_section_2' class='main_color av_default_container_wrap container_wrap sidebar_right'   ><div class='container' ><div class='template-page content  av-content-small alpha units'><div class='post-entry post-entry-type-page post-entry-4824'><div class='entry-content-wrapper clearfix'><div id='av-masonry-1' class='av-masonry noHover av-fixed-size av-no-gap av-hover-overlay-active av-masonry-col-4 av-caption-always av-caption-style- av-masonry-gallery    '  ><div class='av-masonry-container isotope av-js-disabled ' ><div class='av-masonry-entry isotope-item av-masonry-item-no-image '><\/div><a href=\"https:\/\/www.esaf2019.ch\/fr\/wp-content\/uploads\/2017\/06\/ESAF-2019-Kanton-Zug-1030x687.jpg\" id='av-masonry-1-item-1697' data-av-masonry-item='1697' class='av-masonry-entry isotope-item post-1697 attachment type-attachment status-inherit hentry  av-masonry-item-with-image' title=\"ESAF Zug - Eidg. Schwing- und \u00c4lplerfest 2019\"  itemprop=\"thumbnailUrl\" ><div class='av-inner-masonry-sizer'><\/div><figure class='av-inner-masonry main_color'><div class=\"av-masonry-outerimage-container\"><div class=\"av-masonry-image-container\" style=\"background-image: url(https:\/\/www.esaf2019.ch\/fr\/wp-content\/uploads\/2017\/06\/ESAF-2019-Kanton-Zug-705x470.jpg);\"><img decoding=\"async\" src=\"https:\/\/www.esaf2019.ch\/fr\/wp-content\/uploads\/2017\/06\/ESAF-2019-Kanton-Zug-705x470.jpg\" title=\"ESAF Zug &#8211; Eidg. Schwing- und \u00c4lplerfest 2019\" alt=\"ESAF Zug - Eidg. Schwing- und \u00c4lplerfest 2019\" \/><\/div><\/div><\/figure><\/a><!--end av-masonry entry--><a href=\"https:\/\/www.esaf2019.ch\/fr\/wp-content\/uploads\/2018\/06\/steinstossen-341.jpg\" id='av-masonry-1-item-4161' data-av-masonry-item='4161' class='av-masonry-entry isotope-item post-4161 attachment type-attachment status-inherit hentry  av-masonry-item-with-image' title=\"\"  itemprop=\"thumbnailUrl\" ><div class='av-inner-masonry-sizer'><\/div><figure class='av-inner-masonry main_color'><div class=\"av-masonry-outerimage-container\"><div class=\"av-masonry-image-container\" style=\"background-image: url(https:\/\/www.esaf2019.ch\/fr\/wp-content\/uploads\/2018\/06\/steinstossen-341-705x470.jpg);\"><img decoding=\"async\" src=\"https:\/\/www.esaf2019.ch\/fr\/wp-content\/uploads\/2018\/06\/steinstossen-341-705x470.jpg\" title=\"steinstossen-341\" alt=\"\" \/><\/div><\/div><\/figure><\/a><!--end av-masonry entry--><a href=\"https:\/\/www.esaf2019.ch\/fr\/wp-content\/uploads\/2018\/08\/esafdiversweb-1-von-18.jpg\" id='av-masonry-1-item-4213' data-av-masonry-item='4213' class='av-masonry-entry isotope-item post-4213 attachment type-attachment status-inherit hentry  av-masonry-item-with-image' title=\"\"  itemprop=\"thumbnailUrl\" ><div class='av-inner-masonry-sizer'><\/div><figure class='av-inner-masonry main_color'><div class=\"av-masonry-outerimage-container\"><div class=\"av-masonry-image-container\" style=\"background-image: url(https:\/\/www.esaf2019.ch\/fr\/wp-content\/uploads\/2018\/08\/esafdiversweb-1-von-18-705x470.jpg);\"><img decoding=\"async\" src=\"https:\/\/www.esaf2019.ch\/fr\/wp-content\/uploads\/2018\/08\/esafdiversweb-1-von-18-705x470.jpg\" title=\"esafdiversweb (1 von 18)\" alt=\"\" \/><\/div><\/div><\/figure><\/a><!--end av-masonry entry--><a href=\"https:\/\/www.esaf2019.ch\/fr\/wp-content\/uploads\/2018\/08\/besucher-412.jpg\" id='av-masonry-1-item-4207' data-av-masonry-item='4207' class='av-masonry-entry isotope-item post-4207 attachment type-attachment status-inherit hentry  av-masonry-item-with-image' title=\"\"  itemprop=\"thumbnailUrl\" ><div class='av-inner-masonry-sizer'><\/div><figure class='av-inner-masonry main_color'><div class=\"av-masonry-outerimage-container\"><div class=\"av-masonry-image-container\" style=\"background-image: url(https:\/\/www.esaf2019.ch\/fr\/wp-content\/uploads\/2018\/08\/besucher-412-705x470.jpg);\"><img decoding=\"async\" src=\"https:\/\/www.esaf2019.ch\/fr\/wp-content\/uploads\/2018\/08\/besucher-412-705x470.jpg\" title=\"schwingarena Estavayer, eidgenoessisches Schwingfest\" alt=\"\" \/><\/div><\/div><\/figure><\/a><!--end av-masonry entry--><\/div><\/div><\/p>\n","protected":false},"excerpt":{"rendered":"","protected":false},"author":9,"featured_media":0,"parent":511,"menu_order":0,"comment_status":"closed","ping_status":"closed","template":"","meta":{"footnotes":""},"class_list":["post-4824","page","type-page","status-publish","hentry"],"_links":{"self":[{"href":"https:\/\/www.esaf2019.ch\/fr\/wp-json\/wp\/v2\/pages\/4824","targetHints":{"allow":["GET"]}}],"collection":[{"href":"https:\/\/www.esaf2019.ch\/fr\/wp-json\/wp\/v2\/pages"}],"about":[{"href":"https:\/\/www.esaf2019.ch\/fr\/wp-json\/wp\/v2\/types\/page"}],"author":[{"embeddable":true,"href":"https:\/\/www.esaf2019.ch\/fr\/wp-json\/wp\/v2\/users\/9"}],"replies":[{"embeddable":true,"href":"https:\/\/www.esaf2019.ch\/fr\/wp-json\/wp\/v2\/comments?post=4824"}],"version-history":[{"count":17,"href":"https:\/\/www.esaf2019.ch\/fr\/wp-json\/wp\/v2\/pages\/4824\/revisions"}],"predecessor-version":[{"id":5732,"href":"https:\/\/www.esaf2019.ch\/fr\/wp-json\/wp\/v2\/pages\/4824\/revisions\/5732"}],"up":[{"embeddable":true,"href":"https:\/\/www.esaf2019.ch\/fr\/wp-json\/wp\/v2\/pages\/511"}],"wp:attachment":[{"href":"https:\/\/www.esaf2019.ch\/fr\/wp-json\/wp\/v2\/media?parent=4824"}],"curies":[{"name":"wp","href":"https:\/\/api.w.org\/{rel}","templated":true}]}}