{"id":4803,"date":"2019-01-14T11:59:28","date_gmt":"2019-01-14T10:59:28","guid":{"rendered":"https:\/\/www.esaf2019.ch\/fr\/?page_id=4803"},"modified":"2019-08-14T07:13:27","modified_gmt":"2019-08-14T05:13:27","slug":"visites-guidees-du-chantier","status":"publish","type":"page","link":"https:\/\/www.esaf2019.ch\/fr\/fete\/visites-guidees-du-chantier\/","title":{"rendered":"Visites guid\u00e9es du chantier"},"content":{"rendered":"<\/div><\/div><\/div><!-- close content main div --><\/div><\/div><div id='schwingen' class='av-layout-grid-container entry-content-wrapper alternate_color av-flex-cells  container_wrap sidebar_right'   >\n<div class=\"flex_cell no_margin av_one_half   avia-full-stretch av-zero-padding \" style='background-image:url(https:\/\/www.esaf2019.ch\/fr\/wp-content\/uploads\/2019\/01\/baustelle07.jpg); background-position:center left; background-repeat:no-repeat; background-attachment:scroll; vertical-align:bottom; padding:0px; '><div class='flex_cell_inner' ><\/div><\/div><div class=\"flex_cell no_margin av_one_half   \" style='vertical-align:middle; padding:100px; background-color:#0071b7; '><div class='flex_cell_inner' ><p><div style='padding-bottom:20px;color:#ffffff;font-size:35px;' class='av-special-heading av-special-heading-h1 custom-color-heading blockquote modern-quote   av-thin-font av-inherit-size'><h1 class='av-special-heading-tag'  itemprop=\"headline\"  >VISITES GUIDEES DU CHANTIER ZUG ARENA.<strong>.<\/strong><\/h1><div class='special-heading-border'><div class='special-heading-inner-border' style='border-color:#ffffff'><\/div><\/div><\/div><br \/>\n<section class=\"av_textblock_section\"  itemscope=\"itemscope\" itemtype=\"https:\/\/schema.org\/CreativeWork\" ><div class='avia_textblock  av_inherit_color'  style='color:#ffffff; '  itemprop=\"text\" ><p>Dans le cadre d\u2019une visite guid\u00e9e, d\u00e9couvrez la construction de notre Arena pouvant accueillir 56 500 visiteurs et qui est la plus grande ar\u00e8ne temporaire au monde. Nous vous familiariserons avec la lutte suisse et vous apprendrez combien de travail se cache derri\u00e8re l\u2019organisation de la F\u00eate f\u00e9d\u00e9rale de lutte. Vous pourrez vous asseoir dans une tribune et exp\u00e9rimenter la dimension de cette ar\u00e8ne.<\/p>\n<\/div><\/section><\/p>\n<\/div><\/div><\/div><div class=\"flex_column av_one_half  flex_column_div av-zero-column-padding first  \" style='border-radius:0px; '><p><div style='padding-bottom:20px;font-size:30px;' class='av-special-heading av-special-heading-h1  blockquote modern-quote   av-thin-font av-inherit-size'><h1 class='av-special-heading-tag'  itemprop=\"headline\"  >Bon a savoir<strong>.<\/strong><\/h1><div class='special-heading-border'><div class='special-heading-inner-border' ><\/div><\/div><\/div><br \/>\n<section class=\"av_textblock_section\"  itemscope=\"itemscope\" itemtype=\"https:\/\/schema.org\/CreativeWork\" ><div class='avia_textblock '   itemprop=\"text\" ><p>Nous avons commenc\u00e9s le 29 juillet, environ 3 semaines et demie avant la f\u00eate avec les visites guid\u00e9es et les proposons jusqu\u2019au 21 ao\u00fbt. Si les visites guid\u00e9es propos\u00e9es devaient \u00eatre enti\u00e8rement r\u00e9serv\u00e9es. Pour des raisons de s\u00e9curit\u00e9, il n\u2019est pas possible de visiter le chantier sans guide. Le chantier de construction sera ferm\u00e9.<\/p>\n<p><strong>Dur\u00e9e de la visite guid\u00e9e:<\/strong> environ 1,5 heure<\/p>\n<p><strong>Taille du groupe:<\/strong> max. 30 participants<\/p>\n<p><strong>Co\u00fbts:<\/strong> CHF 20.00 par personne. Ce prix comprend un bon d\u2019une valeur de CHF 5.00, que vous pourrez \u00e9changer au centre pour visiteurs et d\u00e8s le 10 ao\u00fbt 2019 dans le bistrot des dons. Paiement sur place.<\/p>\n<p><strong>Rendez-vous:<\/strong> 1\/4 heure avant le d\u00e9but du tour au comptoir d\u2019accueil dans les \u00e9curies des taureaux. De l\u00e0, vous serez conduit \u00e0 l\u2019Arena en petit train touristique et ramen\u00e9 \u00e0 bon port.<\/p>\n<\/div><\/section><\/p><\/div><div class=\"flex_column av_one_half  flex_column_div av-zero-column-padding   \" style='border-radius:0px; '><p><div style='padding-bottom:20px;font-size:30px;' class='av-special-heading av-special-heading-h1  blockquote modern-quote  av-thin-font av-inherit-size'><h1 class='av-special-heading-tag'  itemprop=\"headline\"  >Complet<strong>.<\/strong><\/h1><div class='special-heading-border'><div class='special-heading-inner-border' ><\/div><\/div><\/div><br \/>\n<section class=\"av_textblock_section\"  itemscope=\"itemscope\" itemtype=\"https:\/\/schema.org\/CreativeWork\" ><div class='avia_textblock  av_inherit_color'  style='color:#ffffff; '  itemprop=\"text\" ><p>Les visites guid\u00e9es sont prise. On ne peut plus r\u00e9serve. Nous sommes d\u00e9sol\u00e9s.<\/p>\n<\/div><\/section><\/p><\/div><div class=\"flex_column av_one_full  flex_column_div av-zero-column-padding first  \" style='border-radius:0px; '><p><div style='padding-bottom:20px;font-size:30px;' class='av-special-heading av-special-heading-h1  blockquote modern-quote   av-thin-font av-inherit-size'><h1 class='av-special-heading-tag'  itemprop=\"headline\"  >Contact pour toute question<strong>.<\/strong><\/h1><div class='special-heading-border'><div class='special-heading-inner-border' ><\/div><\/div><\/div><br \/>\n<section class=\"av_textblock_section\"  itemscope=\"itemscope\" itemtype=\"https:\/\/schema.org\/CreativeWork\" ><div class='avia_textblock '   itemprop=\"text\" ><p>Abteilung Infrastruktur<br \/>\nBrigitte Huwyler<br \/>\nRessort Baustellenf\u00fchrungen<br \/>\n041 228 2012<br \/>\n<a href=\"mailto:baustellenfuehrungen@esaf2019.ch\">baustellenfuehrungen@esaf2019.ch<\/a><\/p>\n<\/div><\/section><\/p><\/div><div id='av-masonry-1' class='av-masonry noHover av-fixed-size av-no-gap av-hover-overlay-active av-masonry-col-4 av-caption-always av-caption-style- av-masonry-gallery    '  ><div class='av-masonry-container isotope av-js-disabled ' ><div class='av-masonry-entry isotope-item av-masonry-item-no-image '><\/div><a href=\"https:\/\/www.esaf2019.ch\/fr\/wp-content\/uploads\/2019\/06\/maechler_sidler.jpg\" id='av-masonry-1-item-5832' data-av-masonry-item='5832' class='av-masonry-entry isotope-item post-5832 attachment type-attachment status-inherit hentry  av-masonry-item-with-image' title=\"\"  itemprop=\"thumbnailUrl\" ><div class='av-inner-masonry-sizer'><\/div><figure class='av-inner-masonry main_color'><div class=\"av-masonry-outerimage-container\"><div class=\"av-masonry-image-container\" style=\"background-image: url(https:\/\/www.esaf2019.ch\/fr\/wp-content\/uploads\/2019\/06\/maechler_sidler-705x470.jpg);\"><img decoding=\"async\" src=\"https:\/\/www.esaf2019.ch\/fr\/wp-content\/uploads\/2019\/06\/maechler_sidler-705x470.jpg\" title=\"maechler_sidler\" alt=\"\" \/><\/div><\/div><\/figure><\/a><!--end av-masonry entry--><a href=\"https:\/\/www.esaf2019.ch\/fr\/wp-content\/uploads\/2019\/06\/maechler_sidler-1.jpg\" id='av-masonry-1-item-5833' data-av-masonry-item='5833' class='av-masonry-entry isotope-item post-5833 attachment type-attachment status-inherit hentry  av-masonry-item-with-image' title=\"\"  itemprop=\"thumbnailUrl\" ><div class='av-inner-masonry-sizer'><\/div><figure class='av-inner-masonry main_color'><div class=\"av-masonry-outerimage-container\"><div class=\"av-masonry-image-container\" style=\"background-image: url(https:\/\/www.esaf2019.ch\/fr\/wp-content\/uploads\/2019\/06\/maechler_sidler-1-705x529.jpg);\"><img decoding=\"async\" src=\"https:\/\/www.esaf2019.ch\/fr\/wp-content\/uploads\/2019\/06\/maechler_sidler-1-705x529.jpg\" title=\"maechler_sidler\" alt=\"\" \/><\/div><\/div><\/figure><\/a><!--end av-masonry entry--><\/div><\/div><\/p>\n","protected":false},"excerpt":{"rendered":"","protected":false},"author":9,"featured_media":0,"parent":511,"menu_order":0,"comment_status":"closed","ping_status":"closed","template":"","meta":{"footnotes":""},"class_list":["post-4803","page","type-page","status-publish","hentry"],"_links":{"self":[{"href":"https:\/\/www.esaf2019.ch\/fr\/wp-json\/wp\/v2\/pages\/4803","targetHints":{"allow":["GET"]}}],"collection":[{"href":"https:\/\/www.esaf2019.ch\/fr\/wp-json\/wp\/v2\/pages"}],"about":[{"href":"https:\/\/www.esaf2019.ch\/fr\/wp-json\/wp\/v2\/types\/page"}],"author":[{"embeddable":true,"href":"https:\/\/www.esaf2019.ch\/fr\/wp-json\/wp\/v2\/users\/9"}],"replies":[{"embeddable":true,"href":"https:\/\/www.esaf2019.ch\/fr\/wp-json\/wp\/v2\/comments?post=4803"}],"version-history":[{"count":12,"href":"https:\/\/www.esaf2019.ch\/fr\/wp-json\/wp\/v2\/pages\/4803\/revisions"}],"predecessor-version":[{"id":6089,"href":"https:\/\/www.esaf2019.ch\/fr\/wp-json\/wp\/v2\/pages\/4803\/revisions\/6089"}],"up":[{"embeddable":true,"href":"https:\/\/www.esaf2019.ch\/fr\/wp-json\/wp\/v2\/pages\/511"}],"wp:attachment":[{"href":"https:\/\/www.esaf2019.ch\/fr\/wp-json\/wp\/v2\/media?parent=4803"}],"curies":[{"name":"wp","href":"https:\/\/api.w.org\/{rel}","templated":true}]}}