{"id":4535,"date":"2018-09-26T08:22:03","date_gmt":"2018-09-26T06:22:03","guid":{"rendered":"https:\/\/www.esaf2019.ch\/fr\/?page_id=4535"},"modified":"2018-10-31T11:04:54","modified_gmt":"2018-10-31T10:04:54","slug":"dons","status":"publish","type":"page","link":"https:\/\/www.esaf2019.ch\/fr\/dons\/","title":{"rendered":"Dons"},"content":{"rendered":"<\/div><\/div><\/div><!-- close content main div --><\/div><\/div><div id='av_section_1' class='avia-section header_color avia-section-default avia-no-border-styling avia-full-stretch avia-bg-style-scroll  av-minimum-height av-minimum-height-25 container_wrap sidebar_right' style = 'background-repeat: no-repeat; background-image: url(https:\/\/www.esaf2019.ch\/fr\/wp-content\/uploads\/2017\/12\/fahne.jpg); background-attachment: scroll; background-position: top center; ' data-section-bg-repeat='stretch' ><div class='container' ><div class='template-page content  av-content-small alpha units'><div class='post-entry post-entry-type-page post-entry-4535'><div class='entry-content-wrapper clearfix'><\/div><\/div><\/div><!-- close content main div --><\/div><\/div><div id='after_section_1' class='main_color av_default_container_wrap container_wrap sidebar_right'   ><div class='container' ><div class='template-page content  av-content-small alpha units'><div class='post-entry post-entry-type-page post-entry-4535'><div class='entry-content-wrapper clearfix'>\n<\/div><\/div><\/div><!-- close content main div --><\/div><\/div><div id='av_section_2' class='avia-section main_color avia-section-large avia-no-border-styling avia-bg-style-scroll  container_wrap sidebar_right'   ><div class='container' ><div class='template-page content  av-content-small alpha units'><div class='post-entry post-entry-type-page post-entry-4535'><div class='entry-content-wrapper clearfix'>\n<div style='padding-bottom:30px;font-size:35px;' class='av-special-heading av-special-heading-h4  blockquote modern-quote   av-thin-font av-inherit-size'><h4 class='av-special-heading-tag'  itemprop=\"headline\"  >Spitzensport und Volksfest<strong>.<\/strong><\/h4><div class='special-heading-border'><div class='special-heading-inner-border' ><\/div><\/div><\/div>\n<div class=\"flex_column av_one_half  flex_column_div av-zero-column-padding first  \" style='border-radius:0px; '><section class=\"av_textblock_section\"  itemscope=\"itemscope\" itemtype=\"https:\/\/schema.org\/CreativeWork\" ><div class='avia_textblock '   itemprop=\"text\" ><p>Das Eidgen\u00f6ssische Schwing- und \u00c4lplerfest (ESAF) findet alle drei Jahre in einer anderen Region der Schweiz statt, nur gerade alle 15 Jahre auf Innerschweizer Boden. Erst zum dritten Mal seit der Gr\u00fcndung des Eidgen\u00f6ssischen Schwingerverbandes vor \u00fcber 120 Jahren kommt damit das \u00abEidgen\u00f6ssische\u00bb nach 1943 und 1961 wieder im Zugerland zur Austragung, vom 23. bis 25.8.2019. Fast 60 Jahre hat es seit der letzten Austragung gedauert. Das \u00abEidgen\u00f6ssische\u00bb ist das gr\u00f6sste wiederkehrende Sportereignis der Schweiz und auch eines der gr\u00f6ssten Volksfeste unseres Landes. Rund 350 000 Festbesuchende werden in Zug erwartet. Zahlreiche Medien werden die Eindr\u00fccke dieses friedlichen Zusammentreffens in die ganze Nation hinaustragen.<\/p>\n<\/div><\/section><\/div><div class=\"flex_column av_one_half  flex_column_div av-zero-column-padding   \" style='border-radius:0px; '><p><section class=\"av_textblock_section\"  itemscope=\"itemscope\" itemtype=\"https:\/\/schema.org\/CreativeWork\" ><div class='avia_textblock '   itemprop=\"text\" ><p>56 000 begeisterte Anh\u00e4nger unseres Nationalsportes werden die Schwingwettk\u00e4mpfe in den sieben S\u00e4gemehlringen live vor Ort in der eigens daf\u00fcr erstellten tempor\u00e4ren Arena, dem gr\u00f6ssten Stadion der Schweiz, mitverfolgen. Am Anlass in Zug werden 280 Schwinger und 100 Steinst\u00f6sser teilnehmen. Es gilt als Tradition, dass alle Athleten f\u00fcr ihre Leistungen ein Andenken in Form einer Ehrengabe entgegen nehmen k\u00f6nnen. Dazu sind wir auf Ihre Unterst\u00fctzung angewiesen und w\u00fcrden uns \u00fcber Ihre Gabenspende freuen.<\/p>\n<\/div><\/section><br \/>\n<div class='avia-button-wrap avia-button-left '><a href='https:\/\/www.esaf2019.ch\/gaben\/#gabenspende' class='avia-button  avia-icon_select-no avia-color-theme-color avia-size-x-large avia-position-left '   ><span class='avia_iconbox_title' >Jetzt Gabenspender werden<\/span><\/a><\/div><\/p><\/div>\n<\/div><\/div><\/div><!-- close content main div --><\/div><\/div><div id='after_section_2' class='main_color av_default_container_wrap container_wrap sidebar_right'   ><div class='container' ><div class='template-page content  av-content-small alpha units'><div class='post-entry post-entry-type-page post-entry-4535'><div class='entry-content-wrapper clearfix'>\n<\/div><\/div><\/div><!-- close content main div --><\/div><\/div><div id='av-layout-grid-1' class='av-layout-grid-container entry-content-wrapper main_color av-flex-cells  container_wrap sidebar_right'   >\n<div class=\"flex_cell no_margin av_one_third   avia-full-stretch \" style='vertical-align:middle; padding:50px; background-color:#0071b7; '><div class='flex_cell_inner' ><div style='color:#ffffff' class=\"avia-animated-number av-force-default-color avia-color-font-custom  avia_animate_when_visible\" style='color:#ffffff'><strong class=\"heading avia-animated-number-title\" style='font-size:50px'><span class=\"avia-single-number __av-single-number\" data-number=\"300\">300<\/span><span class=\"avia-no-number\">\u2019<\/span><span class=\"avia-single-number __av-single-number\" data-number=\"000\">000<\/span><\/strong><div class='avia-animated-number-content' style='font-size:22px'><p>Besucher<\/p>\n<\/div><\/div>\n<\/div><\/div><div class=\"flex_cell no_margin av_one_third   avia-full-stretch \" style='vertical-align:middle; padding:50px; background-color:#0071b7; '><div class='flex_cell_inner' ><div style='color:#ffffff' class=\"avia-animated-number av-force-default-color avia-color-font-custom  avia_animate_when_visible\" style='color:#ffffff'><strong class=\"heading avia-animated-number-title\" style='font-size:50px'><span class=\"avia-single-number __av-single-number\" data-number=\"110\">110<\/span><\/strong><div class='avia-animated-number-content' style='font-size:22px'><p>OK Mitglieder<\/p>\n<\/div><\/div>\n<\/div><\/div><div class=\"flex_cell no_margin av_one_third   avia-full-stretch \" style='vertical-align:middle; padding:50px; background-color:#0071b7; '><div class='flex_cell_inner' ><div style='color:#ffffff' class=\"avia-animated-number av-force-default-color avia-color-font-custom  avia_animate_when_visible\" style='color:#ffffff'><strong class=\"heading avia-animated-number-title\" style='font-size:50px'><span class=\"avia-single-number __av-single-number\" data-number=\"4\">4<\/span><span class=\"avia-no-number\">\u2019<\/span><span class=\"avia-single-number __av-single-number\" data-number=\"000\">000<\/span><\/strong><div class='avia-animated-number-content' style='font-size:22px'><p>Helfer-\/innen<\/p>\n<\/div><\/div>\n<\/div><\/div>\n<\/div>\n<\/div><\/div><\/div><!-- close content main div --><\/div><\/div><div id='av_section_3' class='avia-section main_color avia-section-large avia-no-border-styling avia-bg-style-scroll  container_wrap sidebar_right'   ><div class='container' ><div class='template-page content  av-content-small alpha units'><div class='post-entry post-entry-type-page post-entry-4535'><div class='entry-content-wrapper clearfix'>\n<div style='padding-bottom:30px;font-size:35px;' class='av-special-heading av-special-heading-h4  blockquote modern-quote   av-thin-font av-inherit-size'><h4 class='av-special-heading-tag'  itemprop=\"headline\"  >Was Sie f\u00fcr Ihre Gabenspende erhalten<strong>.<\/strong><\/h4><div class='special-heading-border'><div class='special-heading-inner-border' ><\/div><\/div><\/div>\n<div class='avia-image-container  av-styling-   avia-align-center '  itemscope=\"itemscope\" itemtype=\"https:\/\/schema.org\/ImageObject\"  ><div class='avia-image-container-inner'><a href='https:\/\/www.esaf2019.ch\/wp-content\/uploads\/2018\/07\/Gabenflyer-ESAF-2019.pdf' class='avia_image'   target=\"_blank\" ><img class='avia_image ' src='https:\/\/www.esaf2019.ch\/fr\/wp-content\/uploads\/2017\/12\/Spenden.gif' alt='' title='Spenden'  itemprop=\"thumbnailUrl\"  \/><\/a><\/div><\/div>\n<\/div><\/div><\/div><!-- close content main div --><\/div><\/div><div id='after_section_3' class='main_color av_default_container_wrap container_wrap sidebar_right'   ><div class='container' ><div class='template-page content  av-content-small alpha units'><div class='post-entry post-entry-type-page post-entry-4535'><div class='entry-content-wrapper clearfix'><\/div><\/div><\/div><!-- close content main div --><\/div><\/div><div id='av_section_4' class='avia-section main_color avia-section-large avia-no-border-styling avia-bg-style-scroll  container_wrap sidebar_right'   ><div class='container' ><div class='template-page content  av-content-small alpha units'><div class='post-entry post-entry-type-page post-entry-4535'><div class='entry-content-wrapper clearfix'>\n<div class=\"flex_column av_one_third  flex_column_div av-zero-column-padding first  \" style='border-radius:0px; '><p><div style='padding-bottom:30px;font-size:35px;' class='av-special-heading av-special-heading-h4  blockquote modern-quote   av-thin-font av-inherit-size'><h4 class='av-special-heading-tag'  itemprop=\"headline\"  >Gabentempel<strong>.<\/strong><\/h4><div class='special-heading-border'><div class='special-heading-inner-border' ><\/div><\/div><\/div><br \/>\n<section class=\"av_textblock_section\"  itemscope=\"itemscope\" itemtype=\"https:\/\/schema.org\/CreativeWork\" ><div class='avia_textblock '   itemprop=\"text\" ><p>Offizielle Er\u00f6ffnung: Freitag, 9. August 2019<br \/>\nUnterhaltungsprogramm und \u00f6ffentliche Besichtigung:<br \/>\nab Samstag, 10. August 2019<br \/>\nTausende von Besuchenden werden die Lebendpreise und Gaben w\u00e4hrend 14 Tagen bestaunen k\u00f6nnen. Dies ist eine einzigartige Pr\u00e4sentationsplattform f\u00fcr Ihre Organisation.<\/p>\n<\/div><\/section><\/p><\/div><div class=\"flex_column av_one_third  flex_column_div av-zero-column-padding   \" style='border-radius:0px; '><p><div style='padding-bottom:30px;font-size:35px;' class='av-special-heading av-special-heading-h4  blockquote modern-quote   av-thin-font av-inherit-size'><h4 class='av-special-heading-tag'  itemprop=\"headline\"  >Gabenbeiz<strong>.<\/strong><\/h4><div class='special-heading-border'><div class='special-heading-inner-border' ><\/div><\/div><\/div><br \/>\n<section class=\"av_textblock_section\"  itemscope=\"itemscope\" itemtype=\"https:\/\/schema.org\/CreativeWork\" ><div class='avia_textblock '   itemprop=\"text\" ><p>Mit einem abwechslungsreichen Unterhaltungsprogramm und einer Auswahl an w\u00e4hrschaften Speisen k\u00f6nnen Sie sich in der Gabenbeiz auf das grosse Fest einstimmen und einen gem\u00fctlichen Abend mit Freunden, Bekannten, Kunden und\/oder Gesch\u00e4ftspartnern geniessen. Individuelle Veranstaltungen und Platzreservationen sind m\u00f6glich.<\/p>\n<\/div><\/section><\/p><\/div><div class=\"flex_column av_one_third  flex_column_div av-zero-column-padding   \" style='border-radius:0px; '><p><div style='padding-bottom:30px;font-size:35px;' class='av-special-heading av-special-heading-h4  blockquote modern-quote   av-thin-font av-inherit-size'><h4 class='av-special-heading-tag'  itemprop=\"headline\"  >Kontakt<strong>.<\/strong><\/h4><div class='special-heading-border'><div class='special-heading-inner-border' ><\/div><\/div><\/div><br \/>\n<section class=\"av_textblock_section\"  itemscope=\"itemscope\" itemtype=\"https:\/\/schema.org\/CreativeWork\" ><div class='avia_textblock '   itemprop=\"text\" ><p>Kurt H\u00e4fliger<br \/>\nGabenchef<br \/>\n079 752 3648<br \/>\n<a href=\"mailto:kurt.haefliger@esaf2019.ch\">kurt.haefliger@esaf2019.ch<\/a><\/p>\n<p>Postadresse<br \/>\nVerein ESAF 2019 Zug<br \/>\n6300 Zug<\/p>\n<\/div><\/section><\/p><\/div>\n<\/div><\/div><\/div><!-- close content main div --><\/div><\/div><div id='after_section_4' class='main_color av_default_container_wrap container_wrap sidebar_right'   ><div class='container' ><div class='template-page content  av-content-small alpha units'><div class='post-entry post-entry-type-page post-entry-4535'><div class='entry-content-wrapper clearfix'><\/p>\n<\/div><\/div><\/div><!-- close content main div --><\/div><\/div><div id='gabenspende' class='avia-section main_color avia-section-large avia-no-border-styling avia-bg-style-scroll  container_wrap sidebar_right'   ><div class='container' ><div class='template-page content  av-content-small alpha units'><div class='post-entry post-entry-type-page post-entry-4535'><div class='entry-content-wrapper clearfix'>\n<div style='padding-bottom:20px;font-size:35px;' class='av-special-heading av-special-heading-h1  blockquote modern-quote modern-centered   av-thin-font av-inherit-size'><h1 class='av-special-heading-tag'  itemprop=\"headline\"  >Eintrag in der Spenderliste<strong>.<\/strong><\/h1><div class ='av-subheading av-subheading_below ' style='font-size:15px;'><p>Vielen Dank f\u00fcr Ihr Interesse.<br \/>\nGerne kontaktieren wir Sie bez\u00fcglich Ihrer gew\u00fcnschten Gabenspende.<\/p>\n<\/div><div class='special-heading-border'><div class='special-heading-inner-border' ><\/div><\/div><\/div>\n<div class=\"flex_column av_one_fourth  flex_column_div av-zero-column-padding first  \" style='border-radius:0px; '><\/div><div class=\"flex_column av_one_half  flex_column_div av-zero-column-padding   \" style='border-radius:0px; '><section class=\"avia_codeblock_section avia_code_block_0\"  itemscope=\"itemscope\" itemtype=\"https:\/\/schema.org\/CreativeWork\" ><div class='avia_codeblock '  itemprop=\"text\" > [avia_codeblock_placeholder uid=\"0\"] <\/div><\/section><\/div>\n<\/div><\/div><\/div><!-- close content main div --><\/div><\/div><div id='after_section_5' class='main_color av_default_container_wrap container_wrap sidebar_right'   ><div class='container' ><div class='template-page content  av-content-small alpha units'><div class='post-entry post-entry-type-page post-entry-4535'><div class='entry-content-wrapper clearfix'>\n","protected":false},"excerpt":{"rendered":"","protected":false},"author":9,"featured_media":0,"parent":0,"menu_order":0,"comment_status":"closed","ping_status":"closed","template":"","meta":{"footnotes":""},"class_list":["post-4535","page","type-page","status-publish","hentry"],"_links":{"self":[{"href":"https:\/\/www.esaf2019.ch\/fr\/wp-json\/wp\/v2\/pages\/4535","targetHints":{"allow":["GET"]}}],"collection":[{"href":"https:\/\/www.esaf2019.ch\/fr\/wp-json\/wp\/v2\/pages"}],"about":[{"href":"https:\/\/www.esaf2019.ch\/fr\/wp-json\/wp\/v2\/types\/page"}],"author":[{"embeddable":true,"href":"https:\/\/www.esaf2019.ch\/fr\/wp-json\/wp\/v2\/users\/9"}],"replies":[{"embeddable":true,"href":"https:\/\/www.esaf2019.ch\/fr\/wp-json\/wp\/v2\/comments?post=4535"}],"version-history":[{"count":3,"href":"https:\/\/www.esaf2019.ch\/fr\/wp-json\/wp\/v2\/pages\/4535\/revisions"}],"predecessor-version":[{"id":4654,"href":"https:\/\/www.esaf2019.ch\/fr\/wp-json\/wp\/v2\/pages\/4535\/revisions\/4654"}],"wp:attachment":[{"href":"https:\/\/www.esaf2019.ch\/fr\/wp-json\/wp\/v2\/media?parent=4535"}],"curies":[{"name":"wp","href":"https:\/\/api.w.org\/{rel}","templated":true}]}}