{"id":4522,"date":"2018-09-26T08:05:11","date_gmt":"2018-09-26T06:05:11","guid":{"rendered":"https:\/\/www.esaf2019.ch\/fr\/?page_id=4522"},"modified":"2019-07-15T14:48:32","modified_gmt":"2019-07-15T12:48:32","slug":"donnateurs","status":"publish","type":"page","link":"https:\/\/www.esaf2019.ch\/fr\/dons\/donnateurs\/","title":{"rendered":"Donnateurs"},"content":{"rendered":"<\/div><\/div><\/div><!-- close content main div --><\/div><\/div><div id='av_section_1' class='avia-section header_color avia-section-default avia-no-border-styling avia-full-stretch avia-bg-style-scroll  av-minimum-height av-minimum-height-25 container_wrap sidebar_right' style = 'background-repeat: no-repeat; background-image: url(https:\/\/www.esaf2019.ch\/fr\/wp-content\/uploads\/2018\/09\/Gaben1.jpg); background-attachment: scroll; background-position: top center; ' data-section-bg-repeat='stretch' ><div class='container' ><div class='template-page content  av-content-small alpha units'><div class='post-entry post-entry-type-page post-entry-4522'><div class='entry-content-wrapper clearfix'><\/div><\/div><\/div><!-- close content main div --><\/div><\/div><div id='after_section_1' class='main_color av_default_container_wrap container_wrap sidebar_right'   ><div class='container' ><div class='template-page content  av-content-small alpha units'><div class='post-entry post-entry-type-page post-entry-4522'><div class='entry-content-wrapper clearfix'>\n<div style='padding-bottom:30px;font-size:35px;' class='av-special-heading av-special-heading-h4  blockquote modern-quote   av-thin-font av-inherit-size'><h4 class='av-special-heading-tag'  itemprop=\"headline\"  >Nos donnateurs<strong>.<\/strong><\/h4><div class='special-heading-border'><div class='special-heading-inner-border' ><\/div><\/div><\/div>\n<div class=\"flex_column av_one_full  flex_column_div av-zero-column-padding first  \" style='border-radius:0px; '><section class=\"av_textblock_section\"  itemscope=\"itemscope\" itemtype=\"https:\/\/schema.org\/CreativeWork\" ><div class='avia_textblock '   itemprop=\"text\" ><p>Merci beaucoup pour votre soutien.<\/p>\n<\/div><\/section><\/div>\n<\/div><\/div><\/div><!-- close content main div --><\/div><\/div><div id='av_section_2' class='avia-section main_color avia-section-large avia-no-border-styling avia-bg-style-scroll  container_wrap sidebar_right'   ><div class='container' ><div class='template-page content  av-content-small alpha units'><div class='post-entry post-entry-type-page post-entry-4522'><div class='entry-content-wrapper clearfix'>\n<div class=\"flex_column av_one_third  flex_column_div av-zero-column-padding first  \" style='border-radius:0px; '><p><div style='padding-bottom:4px;' class='av-special-heading av-special-heading-h6  blockquote modern-quote  '><h6 class='av-special-heading-tag'  itemprop=\"headline\"  >A<\/h6><div class='special-heading-border'><div class='special-heading-inner-border' ><\/div><\/div><\/div><br \/>\n<section class=\"av_textblock_section\"  itemscope=\"itemscope\" itemtype=\"https:\/\/schema.org\/CreativeWork\" ><div class='avia_textblock '   itemprop=\"text\" ><p>A+Z Treuhand und Beratung AG, Zug<br \/>\naa group, financial consulting ag, Rotkreuz<br \/>\nABACONS Treuhand, Z\u00fcrich<br \/>\nAbegglen Melchior, Schnitzereien, Matten bei Interlaken<br \/>\nabona TREUHAND AG, Unter\u00e4geri<br \/>\nAbt Holzbau AG, Baar<br \/>\nAdolf Nussbaumer, Fensterbau AG, Alosen<br \/>\nAeberhard-Baumgartner Karl, Langenthal<br \/>\nAeschbacher Hans, Reutigen<br \/>\nAeschlimann Immobilien AG, D\u00e4llikon<br \/>\nAlbert Bauprodukte GmbH, K\u00e4giswil<br \/>\nAlex Gemperle AG, H\u00fcnenberg<br \/>\nAllianz, Hauptagentur Rotkreuz<br \/>\nAllkamin AG, Cham<br \/>\nAlois Arnold AG, Allenwinden &amp; Unter\u00e4geri<br \/>\nAlois Bucher &amp; Sohn AG, H\u00fcnenberg<br \/>\nAlpwirtschaft Brunegg, Neu\u00e4geri<br \/>\nAltorfer Fritz, M\u00f6hlin<br \/>\nAMAG Import AG, Schinznach Bad<br \/>\nAMC Schweiz AG, Rotkreuz<br \/>\nAmrein Ruedi &amp; Beck Erika, Eschenbach<br \/>\nAMS, Austrocknungs AG, Aarberg<br \/>\nAmstutz Produkte AG, Eschenbach<br \/>\nanag \u00f6fen, Baar<br \/>\nAnderhub Druck-Service AG, Rotkreuz<br \/>\nArbor AG, Boll<br \/>\nArthur Weber AG, Seewen<br \/>\nATRO NUBLI AG, Kantonsrat Karl Nussbaumer, Menzingen<br \/>\nAuto Gewerbe Verband Schweiz, Sektion Zug<br \/>\nAutohilfe Zug GmbH, M. Uster, Steinhausen<br \/>\nAV Weibel AG, Menzingen<br \/>\nAxessa Verm\u00f6gen &amp; Immobilien, Unter\u00e4geri<\/p>\n<\/div><\/section><\/p><\/div><div class=\"flex_column av_one_third  flex_column_div av-zero-column-padding   \" style='border-radius:0px; '><p><div style='padding-bottom:4px;' class='av-special-heading av-special-heading-h6  blockquote modern-quote  '><h6 class='av-special-heading-tag'  itemprop=\"headline\"  >B<\/h6><div class='special-heading-border'><div class='special-heading-inner-border' ><\/div><\/div><\/div><br \/>\n<section class=\"av_textblock_section\"  itemscope=\"itemscope\" itemtype=\"https:\/\/schema.org\/CreativeWork\" ><div class='avia_textblock '   itemprop=\"text\" ><p>B + H Treuhand AG, Inwil \/ LU<br \/>\nBatec Schaltanlagen AG, Zug<br \/>\nBau Gips GmbH, Finstersee<br \/>\nBaumag AG, Rolf Blaser, Baar<br \/>\nBaur Urs, Rickenbach<br \/>\nBautech AG, K\u00fcssnacht am Rigi<br \/>\nBel\u00e4ge 3plus AG, H\u00fcnenberg See<br \/>\nbentru Geb\u00e4udereinigung GmbH, Beck Jasmin &amp; Bruno, Baar<br \/>\nBergbahnen Meiringen-Hasliberg AG, Hasliberg Wasserwendi<br \/>\nBerweger GmbH, Uerzlikon<br \/>\nBetschart Schreinerei GmbH, Betschart Marlis &amp; Paul, Walchwil<br \/>\nBetschart Walter, Forstunternehmung, Arth<br \/>\nBG Ingenieure und Berater AG, Baar \u2013 Heinz Suter, Muotathal \/ Brunnen<br \/>\nBieri&#8217;s Festmobiliar, Allenwinden<br \/>\nBilsport Automobile AG, Gwatt<br \/>\nBinzegger Priska + Paul, Alosen<br \/>\nBirrer Bau AG, Walchwil<br \/>\nBischofberger Handels AG, Baar<br \/>\nBIXE AG, Harley-Davidson Zentral-Schweiz, H\u00fcnenberg<br \/>\nBl\u00e4ttler Kevin, Emmen<br \/>\nBlattmann und Odermatt AG, Schreinerei &amp; K\u00fcchenbau, Morgarten<br \/>\nBlidor Immobilien AG, Langnau am Albis<br \/>\nBeat Boesiger, Steinbildhauer, Urdorf<br \/>\nBonnafy Fran\u00e7ois &amp; Elena, Matran \/ FR<br \/>\nHelmut Breschan AG, H\u00fcnenberg<br \/>\nBr\u00fclisauer Erwin, Motorger\u00e4te, Ober\u00e4geri<br \/>\nBrunner Eveline &amp; Heiri, Steinhausen<br \/>\nbruno strub AG, Baar<br \/>\nBS Bau, Unter\u00e4geri<br \/>\nBsch\u00fcssig, Pasta Premium AG, Frauenfeld<br \/>\nBS Fenster- und T\u00fcrenbau AG, Sursee \/ Sempach<br \/>\nbuchhaltungs und revisions ag, Zug<br \/>\nBuchhaltungsservice Zug, R. Uster, Zug<br \/>\nB\u00fchler Ernst &amp; Alice, Amriswil<br \/>\nB\u00fcrgerrat der Stadt Zug, Zug<br \/>\nB\u00fcrgi-Infra-Grill und K\u00fcchenmaschinen AG, Goldau am Rigi<br \/>\nBurkart Architekten AG, Baar<br \/>\nBurkhardt Landmaschinen, Sins<br \/>\nB\u00fcrki Haustechnik AG, Langenthal<br \/>\nB\u00fctikofer &amp; Partner AG, Versicherungstreuhand, Baar<br \/>\nBW Mode GmbH, Z\u00fcrich<br \/>\nByland Peter, Uezwil<\/p>\n<\/div><\/section><\/p><\/div><div class=\"flex_column av_one_third  flex_column_div av-zero-column-padding   \" style='border-radius:0px; '><p><div style='padding-bottom:4px;' class='av-special-heading av-special-heading-h6  blockquote modern-quote  '><h6 class='av-special-heading-tag'  itemprop=\"headline\"  >C &#8211; F<\/h6><div class='special-heading-border'><div class='special-heading-inner-border' ><\/div><\/div><\/div><br \/>\n<section class=\"av_textblock_section\"  itemscope=\"itemscope\" itemtype=\"https:\/\/schema.org\/CreativeWork\" ><div class='avia_textblock '   itemprop=\"text\" ><p>Calebo Capital AG, Z\u00fcrich<br \/>\nCamping Naas &#8211; Sod, Morgarten<br \/>\nCetra Alimentari SA, Mezzovico<br \/>\nChakroun Gaby, Zug<br \/>\nChristen Andreas B., Niederbipp<br \/>\nChristoph R\u00f6lli Malergesch\u00e4ft AG, Steinhausen<br \/>\nCoiffeur Stadtmuur, Zug<br \/>\nConvicta Treuhand AG, Sursee<br \/>\nD\u00e4nzer Steuerberatung, Zug<br \/>\nDevonas Gips AG, Cunter<br \/>\nDr. jur. R\u00fcttimann Albert, Zug<br \/>\nDr. Martina Lulic-Stalder, Zug<br \/>\nDr. W. A. G\u00fcnther Holding AG, Zug<br \/>\nDurrer Walter &amp; Elsi, Edlibach<br \/>\nEberli Schreinerei AG, Wiezikon<br \/>\nECKBANK CENTER BIERI, Cham<br \/>\nJoachim Eder, St\u00e4nderat, Unter\u00e4geri<br \/>\nEggimann Paul, Gr\u00fcnen<br \/>\nEgli Fredy, Margel, Baar<br \/>\nEhrensberger Arnold, Adlikon b. Andelfingen<br \/>\nEidgen\u00f6ssischer Schwingerverband<br \/>\nEiffage Suisse AG, Root<br \/>\nElektro M\u00fcller AG, Baar<br \/>\nElsener Othmar, Menzingen<br \/>\nEnz Hermann, Zug<br \/>\nErzinger Audio-Video-Elektro, Baar<br \/>\nETTER SOEHNE AG, Zug<br \/>\nevent &amp; more, Zug<br \/>\nFamilie Bieri, Edlibach<br \/>\nFamilie Dallmaier, McDonald\u2019s Bern<br \/>\nFamilie Langenegger, Matthof, Baar<br \/>\nFamilie van Messel, Ober\u00e4geri<br \/>\nFeldschl\u00f6sschen Getr\u00e4nke AG, Rheinfelden<br \/>\nFensterbau &#8211; Schreinerei, Walchwil<br \/>\nFerien- und Sportzentrum, Hoch-Ybrig AG, Unteriberg<br \/>\nFestool Schweiz AG, Dietikon<br \/>\nFirst Advisory Group, Vaduz<br \/>\nFischer &amp; Margraf, Bettwaren, Zug<br \/>\nFl\u00fcck-Zumbrunn, Kathrin &amp; Urspeter, Baar<br \/>\nFONTAVIS AG, Baar<br \/>\nFranz Twerenbold AG, Baar<br \/>\nFredi Sidler Transport AG, Rotkreuz<br \/>\nFretz Kanal-Service AG, Cham<br \/>\nFrey+Cie Elektro AG Zug, Zug<br \/>\nFrira-Sport \u00c4geri, Unter\u00e4geri<br \/>\nFrommenwiler Kurt, Ittigen<br \/>\nFux Tank AG, Baar<\/p>\n<\/div><\/section><\/p><\/div><div class=\"flex_column av_one_third  flex_column_div av-zero-column-padding first  \" style='border-radius:0px; '><p><div style='padding-bottom:4px;' class='av-special-heading av-special-heading-h6  blockquote modern-quote  '><h6 class='av-special-heading-tag'  itemprop=\"headline\"  >G &#8211; H<\/h6><div class='special-heading-border'><div class='special-heading-inner-border' ><\/div><\/div><\/div><br \/>\n<section class=\"av_textblock_section\"  itemscope=\"itemscope\" itemtype=\"https:\/\/schema.org\/CreativeWork\" ><div class='avia_textblock '   itemprop=\"text\" ><p>G&amp;A Architekten AG, Altdorf<br \/>\nGalvano Studio, Zug<br \/>\nG. Baumgartner AG, Hagendorn<br \/>\nGarage Wenger AG, Interlaken<br \/>\nGartenbau Landtwing AG, Steinhausen<br \/>\nGartenpflege Marcel Sch\u00fcrpf, Oberarth<br \/>\nGasthaus B\u00e4ren, Ober\u00e4geri<br \/>\nGasthaus Hirschen, Familie K\u00fchne, Ober\u00e4geri<br \/>\nGasthaus Wildenmann am Zugersee, Fam. B\u00fcrli, Buonas<br \/>\nGawaplast AG, Neuhausen am Rheinfall<br \/>\nGebr. Baur AG, Baar<br \/>\nGebr. Iten AG, Unter\u00e4geri<br \/>\nGebr. Mathis Elektro AG, Root<br \/>\nGebr. Odermatt AG, Engelberg<br \/>\nGen. L\u00e4nd. Bauen, Walchwil und Umgebung<br \/>\nGeozug Ingenieure AG, Baar<br \/>\nGeze Schweiz AG, Reiden<br \/>\nGisler Walter, Menzingen<br \/>\nGloggner AG, Perlen<br \/>\nGloggner Alois, Perlen<br \/>\nGloggner Sepp, Perlen<br \/>\nGrab Landtechnik, Unter\u00e4geri<br \/>\nGraf &amp; Partner Versicherungsbroker AG, Unter\u00e4geri<br \/>\nGraphax AG, IT-Komplettl\u00f6sungen f\u00fcr KMU, Dietikon<br \/>\nGr\u00fcebler + Hausheer Immobilien AG, H\u00fcnenberg<br \/>\nGustav Keller AG, Thalwil<br \/>\nGygli Trading AG, Zug<br \/>\nH.P. Frey, Buchhaltungs &amp; Verwaltungs AG, Baar<br \/>\nHans Nussbaumer, Elementbau &amp; Architekturb\u00fcro AG, Alosen<br \/>\nHausheer Seppi &amp; Germi, Cham<br \/>\nH\u00e4usler Immobilien &amp; Verwaltungs AG, Unter\u00e4geri<br \/>\nHaustechnik Alfred Meier AG, Unter\u00e4geri<br \/>\nHEBI DRUCK AG, Baar<br \/>\nHegglin Josef und Lydia, Menzingen<br \/>\nHegglin Peter, St\u00e4nderat, Edlibach<br \/>\nHeim AG Heizsysteme, Aadorf<br \/>\nHeinrich AG, Spenglerei, Ober\u00e4geri<br \/>\nHeinz Schild AG, Holzbildhauerei, Brienzwiler<br \/>\nHeinzer-Sp\u00e4ni Karl, Ried<br \/>\nHelfenstein Gerhard, Unter\u00e4geri<br \/>\nHenri Badoux SA, Aigle<br \/>\nHensler Heizungen AG, Baar<br \/>\nHermann Stefan, Walchwil<br \/>\nHerzog Albin AG, Ottenbach<br \/>\nHilti Schweiz AG, Adliswil<br \/>\nHodel Heinz, Unter\u00e4geri<br \/>\nHodel und Staub GmbH, Unter\u00e4geri<br \/>\nHorseshoe Event-Bar, Oberarth<br \/>\nHostettler Group, Sursee<br \/>\nHotel Kirchb\u00fchl, Fam. Brawand, Grindelwald<br \/>\nHotz Goldmann, Advokatur \/ Notariat, Baar<br \/>\nHolz Limacher AG, K\u00e4giswil<br \/>\nHotz Roland &amp; Denisa, Burgweid 3, Baar<br \/>\nHansj\u00f6rg Hug AG, Bedachungen, Unter\u00e4geri<br \/>\nHummel Schweiz AG, Baar<br \/>\nH\u00fcrlimann, Vieh- und Schweinehandel, Morgarten<br \/>\nH\u00fcrlimann + Beck, Architekten AG, Walchwil<br \/>\nH\u00fcrlimann Gartenbau, Walchwil<br \/>\nH\u00fcrlimann Holzbau AG, Allenwinden \/ Unter\u00e4geri<br \/>\nH\u00fcrlimann Markus &amp; Frieda, Edlibach<br \/>\nHuwiler + Partner Treuhand AG, Cham<br \/>\nHuwyler Klima AG, Root<br \/>\nH.U.H. Imports INC, Newmarket, ON L3Y 8Z1 \/ Canada<\/p>\n<\/div><\/section><\/p><\/div><div class=\"flex_column av_one_third  flex_column_div av-zero-column-padding   \" style='border-radius:0px; '><p><div style='padding-bottom:4px;' class='av-special-heading av-special-heading-h6  blockquote modern-quote  '><h6 class='av-special-heading-tag'  itemprop=\"headline\"  >I &#8211; O<\/h6><div class='special-heading-border'><div class='special-heading-inner-border' ><\/div><\/div><\/div><br \/>\n<section class=\"av_textblock_section\"  itemscope=\"itemscope\" itemtype=\"https:\/\/schema.org\/CreativeWork\" ><div class='avia_textblock '   itemprop=\"text\" ><p>IBG Engineering, Baar<br \/>\nInderbitzin Arnold, Arth<br \/>\nInderbitzin Peter &amp; Brigitte, Goldau<br \/>\nInnerschweizer Schwingerverband<br \/>\nInfanger Susi + Kurt, Unter\u00e4geri<br \/>\nIT DISTRICT GmbH, Cham<br \/>\nIten-Arnold Elektro AG, Unter\u00e4geri<br \/>\nIten Ernalyn &amp; Josef, Obergesteln<br \/>\nIten Landmaschinen, Alosen<br \/>\nIten Ruth &amp; Herbert, Alosen<br \/>\nJego AG, H\u00fcnenberg<br \/>\njosef elsener ag, Finstersee<br \/>\nJosef Iten AG, Kanalreinigungen, Unter\u00e4geri<br \/>\nKarl Nauer AG, Landmaschinen, Menzingen<br \/>\nRechtsanwalt Philippe Kaiser, Zug<br \/>\nKathriner Jakob, Sarnen<br \/>\nKeiser Fensterbau, Oberwil &#8211; Zug<br \/>\nKeiser Urs, Architekt, Zug<br \/>\nKempf AG Bauunternehmung, Menzingen<br \/>\nKENWOOD SWISS AG, Baar<br \/>\nKKV AG, Zug<br \/>\nKlinik Meissenberg AG, Zug<br \/>\nKn\u00fcsel Treuhand Immobilien AG, Rotkreuz<br \/>\nKorporation Baar \u2013 Dorf, Baar<br \/>\nKorporation Unter\u00e4geri, Unter\u00e4geri<br \/>\nKorporation Zug, Zug<br \/>\nK\u00fcnzli Silvia, Baar<br \/>\nKuster Natursteine, Schmerikon<br \/>\nLandis Bau AG, Zug<br \/>\nLandolt Kanalunterhalt AG, Langenthal<br \/>\nLandtwing Werner, Embrach<br \/>\nLangenegger Gartenbau AG, Huebhof, Baar<br \/>\nLangenegger Patrik AG, Ofenbau &amp; Plattenbel\u00e4ge, Baar<br \/>\nLeister Technologies AG, K\u00e4giswil<br \/>\nLeitec-Umbau GmbH, Stans<br \/>\nLeuenberger Architekten AG, Sursee \/ Inwil<br \/>\nLeuenberger Fritz AG, Bauunternehmung, Herzogenbuchsee<br \/>\nLeuenberger Res, Ennetmoos<br \/>\nLimacher Jocelyne + Werner, Gourmet Metzgerei, H\u00fcnenberg<br \/>\nLobsiger AG, Sch\u00fcpfen<br \/>\nLuzerner Kant. Schwingerverband mit den 9 Schwingklubs<br \/>\nMAB M\u00f6belfabrik Betschart AG, Muotathal<br \/>\nMaler Blaser Team AG, Baar<br \/>\nMaler Matter AG, Baar<br \/>\nMartin Ruckli AG, Traktoren &amp; Landmaschinen, Buttisholz<br \/>\nmathis &amp; meier architekten ag, Ober\u00e4geri<br \/>\nMathis Beat, Glockengesch\u00e4ft, Wolfenschiessen<br \/>\nMeier Metallbau AG, Morgarten<br \/>\nMeier Natursteine AG, Morgarten<br \/>\nRita und Pius Meier, Alosen<br \/>\nMETA10, Baar<br \/>\nMetSuisse Distribution AG, Zug<br \/>\nMetzgerei Gurtner AG, Flims Dorf<br \/>\nMetzgerei Rogenmoser AG, Baar<br \/>\nMetzgerei Villiger AG, Unter\u00e4geri<br \/>\nMigros, Z\u00fcrich<br \/>\nMineralquellen Adelboden AG, Adelboden<br \/>\nM\u00f6beltrend GmbH, Belp<br \/>\nMoser Peter GmbH, Motorger\u00e4te, Cham<br \/>\nMuff Kurt, Kerns<br \/>\nM\u00fcller Nicolas, Rotkreuz<br \/>\nM\u00fcller Transport AG, Dietikon<br \/>\nNetztech Handels AG, Baar<br \/>\nNeum\u00fcller G\u00e4rten, H\u00fcnenberg<br \/>\nNussbaumer Holzbau AG, Baar<br \/>\nOb- und Nidwaldner Kantonaler Schwingerverband<br \/>\nOdermatt Projektierung, Walchwil<br \/>\nOK ESAF 2013, Burgdorf im Emmental<br \/>\nOK ESAF 2016, Estavayer<br \/>\nOK ESAF Pratteln im Baselbiet<br \/>\nOliver&#8217;s Schreinerei AG, Menzingen<\/p>\n<\/div><\/section><\/p><\/div><div class=\"flex_column av_one_third  flex_column_div av-zero-column-padding   \" style='border-radius:0px; '><p><div style='padding-bottom:4px;' class='av-special-heading av-special-heading-h6  blockquote modern-quote  '><h6 class='av-special-heading-tag'  itemprop=\"headline\"  >P &#8211; S<\/h6><div class='special-heading-border'><div class='special-heading-inner-border' ><\/div><\/div><\/div><br \/>\n<section class=\"av_textblock_section\"  itemscope=\"itemscope\" itemtype=\"https:\/\/schema.org\/CreativeWork\" ><div class='avia_textblock '   itemprop=\"text\" ><p>PanGas AG, Dagmersellen<br \/>\nPelafen AG, Bauschreinerei, Baar<br \/>\nGerhard Pfister, Nationalrat ZG, Ober\u00e4geri<br \/>\nPhysio &amp; Sport, Steinhausen<br \/>\nPneu Egger AG, Filiale Baar, Aarau<br \/>\nPoetsch Kurt, Basel<br \/>\nPrematic AG, Affeltrangen \/ TG<br \/>\nProbst Dieter, Trottmann Renata, Zug<br \/>\nProfi Blech AG, K\u00e4giswil<br \/>\nQCAM AG, Zug<br \/>\nQuality Treuhand AG, Z\u00fcrich<br \/>\nR. Hegglin AG, Sanit\u00e4r \/ Heizung, Edlibach<br \/>\nRalph Rogenmoser, Maler, Ober\u00e4geri<br \/>\nRamseier Suisse AG, Sursee<br \/>\nReichlin Alois, Gasthof Kreuzegg, Menzingen<br \/>\nReichmuth Othmar, Regierungsrat Schwyz<br \/>\nRestaurant Hirschen, Sattel<br \/>\nRestaurant Raten, Ober\u00e4geri<br \/>\nRiedweg Walter, H\u00fcnenberg See<br \/>\nR\u00f6hre Moos AG, Kunststoffrohre, H\u00fcnenberg<br \/>\nRoland K\u00e4lin Architekten GmbH, Menzingen<br \/>\nR\u00f6ssli Schwiizer Beiz, Menzingen<br \/>\nRoth Gartenbau AG, Walchwil<br \/>\nRoto Frank (Schweiz) GmbH, Dietikon<br \/>\nPeter Rust &amp; Co. AG, Walchwil<br \/>\nRust Immobilien AG, Walchwil<br \/>\nR\u00fcegg Chemin\u00e9e Schweiz AG, Hinwil<br \/>\nSchatt Consulting AG, Rotkreuz<br \/>\nScheidegger Petra &amp; Michael, Alchenstorf<br \/>\nSchenker Storen AG, Sch\u00f6nenwerd<br \/>\nSchlumpf Roman, Steinhausen<br \/>\nSchlussgang, Die Schwingerzeitung, Luzern<br \/>\nSchmid AG Innendekorationen, Rickenbach<br \/>\nSchmid Keramik, Finstersee<br \/>\nSchmid Peter, Melk- und Stalltechnik, Baar<br \/>\nSchmidlin Spenglerei &amp; Bedachungen, Unter\u00e4geri<br \/>\nSchneider Umweltservice AG, Meilen<br \/>\nSchorno AG, Perlen<br \/>\nSchreiner Hotz, H\u00fcnenberg<br \/>\nSchreinerei Arnold AG, Meierskappel<br \/>\nSchreinerei Durrer GmbH, Stalden<br \/>\nSchreinerei M&amp;K Iten AG, Morgarten<br \/>\nSchumpf + Partner AG, Zug<br \/>\nSchweizer Bauer, Bern<br \/>\nSchweizer Obstverband, Schweizer Apfelsaft, Zug<br \/>\nSchweizer Obstverband, Schweizer Fr\u00fcchte, Zug<br \/>\nSchweizerische Mobiliar, Versicherungsgesellschaft AG<br \/>\nSchwemmholzdeko.ch, Unter\u00e4geri<br \/>\nSchwingerfreunde Andermatt, Andermatt<br \/>\nSchwingerkameraden Malters, Schmid &amp; R\u00fcssli Holzbau, Markus Schmid AG<br \/>\nSchwingklub \u00c4gerital<br \/>\nSchwingklub, Cham &#8211; Ennetsee<br \/>\nSchwingklub Einsiedeln<br \/>\nSchwingklub K\u00fcssnacht<br \/>\nSchwingklub March &#8211; H\u00f6fe<br \/>\nSchwingklub Muotathal<br \/>\nSchwingklub Oberwil \u2013 Zug<br \/>\nSchwingklub Zug &#8211; Umgebung<br \/>\nSchwingerverband am Mythen<br \/>\nSchwingerverband am Rigi<br \/>\nSchwyzer Kantonaler Schwingerverband<br \/>\nSeminar Hotel am \u00c4gerisee, Unter\u00e4geri<br \/>\nSenn Urs, Walchwil<br \/>\nSepp Ziswiler Holzhandwerk, Neuheim<br \/>\nSidler Gartenbau GmbH, Cham<br \/>\nSihlta Treuhand und Revisions AG, Thalwil<br \/>\nSIPA, Cham<br \/>\nSommer Patrick, Burgdorf<br \/>\nStadelmann Ruedi &amp; Irma, Daiwil<br \/>\nStaub Gartenbau, Ober\u00e4geri<br \/>\nS-TEC electronics AG, Unter\u00e4geri<br \/>\nStehli Martin &amp; Mischa, Neuheim<br \/>\nSteigmeier Akustik + Bauphysik GmbH, Baden<br \/>\nSteiner Myrtha, Z\u00fcrich<br \/>\nSteinmann Haustechnik AG, Baar<br \/>\nStephan Thalmann AG, Baugesch\u00e4ft, Ramersberg<br \/>\nStieger RM Holzbau GmbH, Oberriet<br \/>\nStigamo AG, Baar<br \/>\nSt\u00f6ckli Swiss Sports AG, Malters<br \/>\nStrickler Reisen AG, Neuheim<br \/>\nStyger Z\u00e4une, Unter\u00e4geri<br \/>\nSwiss Life AG, Generalagentur Zug, Steinhausen<br \/>\nSwisscanto Invest by Z\u00fcrcher Kantonalbank<\/p>\n<\/div><\/section><\/p><\/div><div class=\"flex_column av_one_third  flex_column_div av-zero-column-padding first  \" style='border-radius:0px; '><p><div style='padding-bottom:4px;' class='av-special-heading av-special-heading-h6  blockquote modern-quote  '><h6 class='av-special-heading-tag'  itemprop=\"headline\"  >T &#8211; Z<\/h6><div class='special-heading-border'><div class='special-heading-inner-border' ><\/div><\/div><\/div><br \/>\n<section class=\"av_textblock_section\"  itemscope=\"itemscope\" itemtype=\"https:\/\/schema.org\/CreativeWork\" ><div class='avia_textblock '   itemprop=\"text\" ><p>T&amp;N Telekom &amp; Netzwerk AG, Dietlikon<br \/>\nTanner M\u00f6bel GmbH, Stressless Partner, G\u00fcmligen \/ Fl\u00fchli<br \/>\nTellco AG, Vorsorge. Bank. Immobilien, Schwyz<br \/>\nTexfil M. Th. Spillmann, H\u00fcnenberg<br \/>\ntheScreener, Zug<br \/>\nThiemo H\u00e4chler AG, Ober\u00e4geri<br \/>\nTh\u00f6mus AG, Thomas Binggeli, Niederscherli<br \/>\nTissot AG, Le Locle<br \/>\ntomic &amp; horat, architektur gmbh, Steinhausen<br \/>\nTribur Invent, H\u00fcnenberg<br \/>\nTV Rolf Valentin, Menzingen<br \/>\nUlrich Fridolin, Neuheim<br \/>\nVanoli-Kryenb\u00fchl Esther, Ober\u00e4geri<br \/>\nVerein Schwingerfreunde St\u00f6ckliclub, Eglisau<br \/>\nVogel Design AG, Ruswil<br \/>\nVollenweider Bau AG, Merenschwand<br \/>\nvRbikes.ch ag, Zug<br \/>\nVSCI Carrosserie Brandenberg, Zug<br \/>\nV-ZUG AG, Zug<br \/>\nWacker Neuson AG, Volketswil<br \/>\nWagner Fredi GmbH, Schreinerei &amp; Holzschnitzerei, Kerns<br \/>\nWagner Uznach AG, Uznach<br \/>\nRoman Weibel Gartenbau GmbH, H\u00fcnenberg<br \/>\nWellness &amp; Sporthotel Adula, Waldhaus, Flims<br \/>\nWessner Emil Glockenhandel, Siebnen<br \/>\nWhirlpoolcenter Z\u00fcrichsee, Reichenburg<br \/>\nWilhelm Schmidlin AG, Oberarth<br \/>\nWobatech AG, Wollerau<br \/>\nPeter Wyss Sanit\u00e4r &amp; Heizung, Alosen<br \/>\nZaugg Schliesstechnik AG, Baar<br \/>\nZuger Kantonalbank, Zug<br \/>\nZuger Kantonaler Schwingerverband<br \/>\nZ\u00fcrcher BTA AG, Neuheim<\/p>\n<\/div><\/section><\/p><\/div><\/div><\/div><\/div><!-- close content main div --><\/div><\/div><div id='after_section_2' class='main_color av_default_container_wrap container_wrap sidebar_right'   ><div class='container' ><div class='template-page content  av-content-small alpha units'><div class='post-entry post-entry-type-page post-entry-4522'><div class='entry-content-wrapper clearfix'>\n","protected":false},"excerpt":{"rendered":"","protected":false},"author":9,"featured_media":0,"parent":4535,"menu_order":0,"comment_status":"closed","ping_status":"closed","template":"","meta":{"footnotes":""},"class_list":["post-4522","page","type-page","status-publish","hentry"],"_links":{"self":[{"href":"https:\/\/www.esaf2019.ch\/fr\/wp-json\/wp\/v2\/pages\/4522","targetHints":{"allow":["GET"]}}],"collection":[{"href":"https:\/\/www.esaf2019.ch\/fr\/wp-json\/wp\/v2\/pages"}],"about":[{"href":"https:\/\/www.esaf2019.ch\/fr\/wp-json\/wp\/v2\/types\/page"}],"author":[{"embeddable":true,"href":"https:\/\/www.esaf2019.ch\/fr\/wp-json\/wp\/v2\/users\/9"}],"replies":[{"embeddable":true,"href":"https:\/\/www.esaf2019.ch\/fr\/wp-json\/wp\/v2\/comments?post=4522"}],"version-history":[{"count":30,"href":"https:\/\/www.esaf2019.ch\/fr\/wp-json\/wp\/v2\/pages\/4522\/revisions"}],"predecessor-version":[{"id":5888,"href":"https:\/\/www.esaf2019.ch\/fr\/wp-json\/wp\/v2\/pages\/4522\/revisions\/5888"}],"up":[{"embeddable":true,"href":"https:\/\/www.esaf2019.ch\/fr\/wp-json\/wp\/v2\/pages\/4535"}],"wp:attachment":[{"href":"https:\/\/www.esaf2019.ch\/fr\/wp-json\/wp\/v2\/media?parent=4522"}],"curies":[{"name":"wp","href":"https:\/\/api.w.org\/{rel}","templated":true}]}}