{"id":3752,"date":"2018-08-17T16:31:48","date_gmt":"2018-08-17T14:31:48","guid":{"rendered":"https:\/\/www.esaf2019.ch\/fr\/?page_id=3752"},"modified":"2019-02-12T15:59:09","modified_gmt":"2019-02-12T14:59:09","slug":"lutte","status":"publish","type":"page","link":"https:\/\/www.esaf2019.ch\/fr\/sport\/lutte\/","title":{"rendered":"La lutte suisse"},"content":{"rendered":"<\/div><\/div><\/div><!-- close content main div --><\/div><\/div><div id='schwingen' class='av-layout-grid-container entry-content-wrapper alternate_color av-flex-cells  container_wrap sidebar_right'   >\n<div class=\"flex_cell no_margin av_one_half   avia-full-stretch av-zero-padding \" style='background-image:url(https:\/\/www.esaf2019.ch\/fr\/wp-content\/uploads\/2018\/08\/schwingenweb-9-von-14.jpg); background-position:center left; background-repeat:no-repeat; background-attachment:scroll; vertical-align:bottom; padding:0px; '><div class='flex_cell_inner' ><\/div><\/div><div class=\"flex_cell no_margin av_one_half   \" style='vertical-align:middle; padding:100px; background-color:#0071b7; '><div class='flex_cell_inner' ><p><div style='padding-bottom:20px;color:#ffffff;font-size:35px;' class='av-special-heading av-special-heading-h1 custom-color-heading blockquote modern-quote  av-thin-font av-inherit-size'><h1 class='av-special-heading-tag'  itemprop=\"headline\"  >La lutte suisse<strong>.<\/strong><\/h1><div class='special-heading-border'><div class='special-heading-inner-border' style='border-color:#ffffff'><\/div><\/div><\/div><br \/>\n<section class=\"av_textblock_section\"  itemscope=\"itemscope\" itemtype=\"https:\/\/schema.org\/CreativeWork\" ><div class='avia_textblock  av_inherit_color'  style='color:#ffffff; '  itemprop=\"text\" ><p>La lutte suisse est un sport typiquement national et est principalement exerc\u00e9, sous cette forme, en Suisse. Au fil des ann\u00e9es, cette discipline sportive s&#8217;est d\u00e9velopp\u00e9e en tant que sport national et jouit d&#8217;une grande popularit\u00e9 et d&#8217;un large soutien au sein de la population.<\/p>\n<p>La lutte suisse est un duel entre deux individus puissants, avec ses propres r\u00e8gles,\u00a0 mouvements et prises. Les &#8220;m\u00e9chants&#8221;, ainsi sont nomm\u00e9s les meilleurs lutteurs, s&#8217;affrontent au cours de f\u00eates de lutte de plus ou moins grande importance et tous les 3 ans, un roi f\u00e9d\u00e9ral de la lutte est \u00e9lu lors de la f\u00eate f\u00e9d\u00e9rale de lutte suisse et des jeux alpestres.<\/p>\n<\/div><\/section><\/p>\n<\/div><\/div>\n<\/div>\n<\/div><\/div><\/div><!-- close content main div --><\/div><\/div><div id='av_section_1' class='avia-section main_color avia-section-default avia-no-border-styling avia-bg-style-scroll  container_wrap sidebar_right'   ><div class='container' ><div class='template-page content  av-content-small alpha units'><div class='post-entry post-entry-type-page post-entry-3752'><div class='entry-content-wrapper clearfix'>\n<div style='padding-bottom:30px;font-size:35px;' class='av-special-heading av-special-heading-h1  blockquote modern-quote  av-thin-font av-inherit-size'><h1 class='av-special-heading-tag'  itemprop=\"headline\"  >Le combat<strong>.<\/strong><\/h1><div class='special-heading-border'><div class='special-heading-inner-border' ><\/div><\/div><\/div>\n<div class=\"flex_column av_one_half  flex_column_div av-zero-column-padding first  \" style='border-radius:0px; '><section class=\"av_textblock_section\"  itemscope=\"itemscope\" itemtype=\"https:\/\/schema.org\/CreativeWork\" ><div class='avia_textblock '   itemprop=\"text\" ><p>La lutte suisse a son propre syst\u00e8me de classement : avant chaque &#8220;passe&#8221; (combat) le jury proc\u00e8de au classement des lutteurs. Pour chaque nouvelle passe, le jury d\u00e9termine les adversaires qui s&#8217;affronteront lors du prochain combat. Le jury de classement, nomm\u00e9 \u00e9galement bureau de classement, se compose de 3 \u00e0 6 personnes.<\/p>\n<p>Contrairement \u00e0 un tournoi de football, il n&#8217;existe aucun &#8220;plan de lutte&#8221; avant les f\u00eates. Les passes sont d\u00e9termin\u00e9es au fur et \u00e0 mesure. Ceci est une autre particularit\u00e9 de la lutte.<\/p>\n<\/div><\/section><\/div><div class=\"flex_column av_one_half  flex_column_div av-zero-column-padding   \" style='border-radius:0px; '><section class=\"av_textblock_section\"  itemscope=\"itemscope\" itemtype=\"https:\/\/schema.org\/CreativeWork\" ><div class='avia_textblock '   itemprop=\"text\" ><p>Le combat proprement dit a lieu apr\u00e8s le classement : en r\u00e8gle g\u00e9n\u00e9rale, une passe dure 5 minutes. Elle est suivie et \u00e9valu\u00e9e par le jury d&#8217;emplacement, compos\u00e9 d&#8217;un juge plac\u00e9 sur le rond de sciure et deux juges install\u00e9s \u00e0 la table d&#8217;arbitrage (voir image \u00e0 droite).<\/p>\n<p>Au d\u00e9but du combat, les lutteurs se serrent la main. Apr\u00e8s la passe, le vainqueur essuie la sciure des \u00e9paules du perdant.<\/p>\n<\/div><\/section><\/div>\n<\/div><\/div><\/div><!-- close content main div --><\/div><\/div><div id='after_section_1' class='main_color av_default_container_wrap container_wrap sidebar_right'   ><div class='container' ><div class='template-page content  av-content-small alpha units'><div class='post-entry post-entry-type-page post-entry-3752'><div class='entry-content-wrapper clearfix'>\n<\/div><\/div><\/div><!-- close content main div --><\/div><\/div><div id='av_section_2' class='avia-section main_color avia-section-default avia-no-border-styling avia-bg-style-scroll  container_wrap sidebar_right'   ><div class='container' ><div class='template-page content  av-content-small alpha units'><div class='post-entry post-entry-type-page post-entry-3752'><div class='entry-content-wrapper clearfix'>\n<div style='padding-bottom:30px;font-size:35px;' class='av-special-heading av-special-heading-h1  blockquote modern-quote  av-thin-font av-inherit-size'><h1 class='av-special-heading-tag'  itemprop=\"headline\"  >Association<strong>.<\/strong><\/h1><div class='special-heading-border'><div class='special-heading-inner-border' ><\/div><\/div><\/div>\n<div class=\"flex_column av_one_half  flex_column_div av-zero-column-padding first  \" style='border-radius:0px; '><section class=\"av_textblock_section\"  itemscope=\"itemscope\" itemtype=\"https:\/\/schema.org\/CreativeWork\" ><div class='avia_textblock '   itemprop=\"text\" ><p>Depuis plus d\u2019un si\u00e8cle, les comp\u00e9titions de lutte se d\u00e9roulent selon un m\u00eame sch\u00e9ma sous l\u2019\u00e9gide de l\u2019Association f\u00e9d\u00e9rale de lutte suisse (AFLS). La \u00abpremi\u00e8re passe\u00bb dans un rond de sciure eut lieu en 1895, ann\u00e9e de fondation de l\u2019AFLS \u00e0 Berne.<\/p>\n<p>L\u2019augmentation du nombre de membres au fil des ann\u00e9es est impressionnante: alors qu\u2019on n\u2019en d\u00e9nombrait que 3411 en 1914, d\u00e8s 1944, ils \u00e9taient d\u00e9j\u00e0 13\u00a0100. Aujourd\u2019hui, l\u2019AFLS peut compter sur le soutien de plus de 50\u00a0000 membres passionn\u00e9s par la lutte suisse.<\/p>\n<\/div><\/section><\/div><div class=\"flex_column av_one_half  flex_column_div av-zero-column-padding   \" style='border-radius:0px; '><section class=\"av_textblock_section\"  itemscope=\"itemscope\" itemtype=\"https:\/\/schema.org\/CreativeWork\" ><div class='avia_textblock '   itemprop=\"text\" ><p>L\u2019AFLS est compos\u00e9e des cinq associations r\u00e9gionales suivantes:<\/p>\n<ul>\n<li><a href=\"http:\/\/www.schwingen-be.ch\/\" target=\"_blank\" rel=\"noopener noreferrer\">Bernisch-Kantonaler Schwingerverband (BKSV)<\/a><\/li>\n<li><a href=\"http:\/\/www.isv.ch\/\" target=\"_blank\" rel=\"noopener noreferrer\">Innerschweizer Schwingerverband (ISV)<\/a><\/li>\n<li>Nordostschweizer Schwingerverband (NOSV)<\/li>\n<li>Nordwestschweizerischer Schwingerverband (NWSV)<\/li>\n<li><a href=\"http:\/\/www.arls.ch\/\" target=\"_blank\" rel=\"noopener noreferrer\">S\u00fcdwestschweizer Schwingerverband (SWSV)<\/a><\/li>\n<\/ul>\n<\/div><\/section><\/div><\/div><\/div><\/div><!-- close content main div --><\/div><\/div><div id='after_section_2' class='main_color av_default_container_wrap container_wrap sidebar_right'   ><div class='container' ><div class='template-page content  av-content-small alpha units'><div class='post-entry post-entry-type-page post-entry-3752'><div class='entry-content-wrapper clearfix'><\/div><\/div><\/div><!-- close content main div --><\/div><\/div><div id='av_section_3' class='avia-section main_color avia-section-default avia-no-border-styling avia-bg-style-scroll  container_wrap sidebar_right'   ><div class='container' ><div class='template-page content  av-content-small alpha units'><div class='post-entry post-entry-type-page post-entry-3752'><div class='entry-content-wrapper clearfix'>\n<div style='padding-bottom:30px;font-size:35px;' class='av-special-heading av-special-heading-h1  blockquote modern-quote  av-thin-font av-inherit-size'><h1 class='av-special-heading-tag'  itemprop=\"headline\"  >Histoire<strong>.<\/strong><\/h1><div class='special-heading-border'><div class='special-heading-inner-border' ><\/div><\/div><\/div>\n<div class=\"flex_column av_one_half  flex_column_div av-zero-column-padding first  \" style='border-radius:0px; '><section class=\"av_textblock_section\"  itemscope=\"itemscope\" itemtype=\"https:\/\/schema.org\/CreativeWork\" ><div class='avia_textblock '   itemprop=\"text\" ><p>Nous ne savons pas exactement jusqu\u2019o\u00f9 remontent les racines de la lutte suisse. Une fresque du XIII<sup>e<\/sup>si\u00e8cle dans la cath\u00e9drale de Lausanne met d\u00e9j\u00e0 en sc\u00e8ne des prises typiques.<\/p>\n<p>En Suisse centrale et sur le Plateau, la lutte \u00e0 la culotte fait partie int\u00e9grante de la culture festive depuis toujours. Lors des nombreuses f\u00eates alpestres, des lutteurs s\u2019affrontaient pour un morceau de culotte de lutte, un mouton ou d\u2019autres prix en nature. Mais tout cela n\u2019\u00e9tait rien \u00e0 c\u00f4t\u00e9 de la gloire promise au vainqueur.<\/p>\n<\/div><\/section><\/div><div class=\"flex_column av_one_half  flex_column_div av-zero-column-padding   \" style='border-radius:0px; '><section class=\"av_textblock_section\"  itemscope=\"itemscope\" itemtype=\"https:\/\/schema.org\/CreativeWork\" ><div class='avia_textblock '   itemprop=\"text\" ><p>Au XIX<sup>e<\/sup>si\u00e8cle, la lutte fit son entr\u00e9e dans les villes gr\u00e2ce \u00e0 des f\u00eates de lutte m\u00e9morables et \u00e0 des professeurs de sport d\u00e9termin\u00e9s. C\u2019est ainsi que ce jeu initialement pratiqu\u00e9 par les bergers et les paysans est devenu un sport national r\u00e9pandu dans toutes les couches de la population. Ces derni\u00e8res ann\u00e9es, les f\u00eates de lutte sont devenues extraordinairement populaires. La lutte est un sport moderne qui a su pr\u00e9server ses traditions et se pr\u00e9sente d\u00e8s lors comme une discipline authentiquement suisse.<\/p>\n<\/div><\/section><\/div><\/div><\/div><\/div><!-- close content main div --><\/div><\/div><div id='after_section_3' class='main_color av_default_container_wrap container_wrap sidebar_right'   ><div class='container' ><div class='template-page content  av-content-small alpha units'><div class='post-entry post-entry-type-page post-entry-3752'><div class='entry-content-wrapper clearfix'><div id='av-masonry-1' class='av-masonry noHover av-fixed-size av-no-gap av-hover-overlay-active av-masonry-col-4 av-caption-always av-caption-style- av-masonry-gallery    '  ><div class='av-masonry-container isotope av-js-disabled ' ><div class='av-masonry-entry isotope-item av-masonry-item-no-image '><\/div><a href=\"https:\/\/www.esaf2019.ch\/fr\/wp-content\/uploads\/2018\/08\/schwingenweb-2-von-14.jpg\" id='av-masonry-1-item-3721' data-av-masonry-item='3721' class='av-masonry-entry isotope-item post-3721 attachment type-attachment status-inherit hentry  av-masonry-item-with-image' title=\"\"  itemprop=\"thumbnailUrl\" ><div class='av-inner-masonry-sizer'><\/div><figure class='av-inner-masonry main_color'><div class=\"av-masonry-outerimage-container\"><div class=\"av-masonry-image-container\" style=\"background-image: url(https:\/\/www.esaf2019.ch\/fr\/wp-content\/uploads\/2018\/08\/schwingenweb-2-von-14-705x470.jpg);\"><img decoding=\"async\" src=\"https:\/\/www.esaf2019.ch\/fr\/wp-content\/uploads\/2018\/08\/schwingenweb-2-von-14-705x470.jpg\" title=\"schwingenweb (2 von 14)\" alt=\"\" \/><\/div><\/div><\/figure><\/a><!--end av-masonry entry--><a href=\"https:\/\/www.esaf2019.ch\/fr\/wp-content\/uploads\/2018\/08\/schwingenweb-11-von-14.jpg\" id='av-masonry-1-item-3730' data-av-masonry-item='3730' class='av-masonry-entry isotope-item post-3730 attachment type-attachment status-inherit hentry  av-masonry-item-with-image' title=\"\"  itemprop=\"thumbnailUrl\" ><div class='av-inner-masonry-sizer'><\/div><figure class='av-inner-masonry main_color'><div class=\"av-masonry-outerimage-container\"><div class=\"av-masonry-image-container\" style=\"background-image: url(https:\/\/www.esaf2019.ch\/fr\/wp-content\/uploads\/2018\/08\/schwingenweb-11-von-14-705x470.jpg);\"><img decoding=\"async\" src=\"https:\/\/www.esaf2019.ch\/fr\/wp-content\/uploads\/2018\/08\/schwingenweb-11-von-14-705x470.jpg\" title=\"schwingenweb (11 von 14)\" alt=\"\" \/><\/div><\/div><\/figure><\/a><!--end av-masonry entry--><a href=\"https:\/\/www.esaf2019.ch\/fr\/wp-content\/uploads\/2018\/08\/besucher-417.jpg\" id='av-masonry-1-item-4208' data-av-masonry-item='4208' class='av-masonry-entry isotope-item post-4208 attachment type-attachment status-inherit hentry  av-masonry-item-with-image' title=\"\"  itemprop=\"thumbnailUrl\" ><div class='av-inner-masonry-sizer'><\/div><figure class='av-inner-masonry main_color'><div class=\"av-masonry-outerimage-container\"><div class=\"av-masonry-image-container\" style=\"background-image: url(https:\/\/www.esaf2019.ch\/fr\/wp-content\/uploads\/2018\/08\/besucher-417-705x470.jpg);\"><img decoding=\"async\" src=\"https:\/\/www.esaf2019.ch\/fr\/wp-content\/uploads\/2018\/08\/besucher-417-705x470.jpg\" title=\"schwingarena Estavayer, eidgenoessisches Schwingfest\" alt=\"\" \/><\/div><\/div><\/figure><\/a><!--end av-masonry entry--><a href=\"https:\/\/www.esaf2019.ch\/fr\/wp-content\/uploads\/2018\/08\/schwingenweb-8-von-14.jpg\" id='av-masonry-1-item-3727' data-av-masonry-item='3727' class='av-masonry-entry isotope-item post-3727 attachment type-attachment status-inherit hentry  av-masonry-item-with-image' title=\"\"  itemprop=\"thumbnailUrl\" ><div class='av-inner-masonry-sizer'><\/div><figure class='av-inner-masonry main_color'><div class=\"av-masonry-outerimage-container\"><div class=\"av-masonry-image-container\" style=\"background-image: url(https:\/\/www.esaf2019.ch\/fr\/wp-content\/uploads\/2018\/08\/schwingenweb-8-von-14-705x470.jpg);\"><img decoding=\"async\" src=\"https:\/\/www.esaf2019.ch\/fr\/wp-content\/uploads\/2018\/08\/schwingenweb-8-von-14-705x470.jpg\" title=\"schwingenweb (8 von 14)\" alt=\"\" \/><\/div><\/div><\/figure><\/a><!--end av-masonry entry--><\/div><\/div><\/p>\n","protected":false},"excerpt":{"rendered":"","protected":false},"author":9,"featured_media":0,"parent":560,"menu_order":0,"comment_status":"closed","ping_status":"closed","template":"","meta":{"footnotes":""},"class_list":["post-3752","page","type-page","status-publish","hentry"],"_links":{"self":[{"href":"https:\/\/www.esaf2019.ch\/fr\/wp-json\/wp\/v2\/pages\/3752","targetHints":{"allow":["GET"]}}],"collection":[{"href":"https:\/\/www.esaf2019.ch\/fr\/wp-json\/wp\/v2\/pages"}],"about":[{"href":"https:\/\/www.esaf2019.ch\/fr\/wp-json\/wp\/v2\/types\/page"}],"author":[{"embeddable":true,"href":"https:\/\/www.esaf2019.ch\/fr\/wp-json\/wp\/v2\/users\/9"}],"replies":[{"embeddable":true,"href":"https:\/\/www.esaf2019.ch\/fr\/wp-json\/wp\/v2\/comments?post=3752"}],"version-history":[{"count":6,"href":"https:\/\/www.esaf2019.ch\/fr\/wp-json\/wp\/v2\/pages\/3752\/revisions"}],"predecessor-version":[{"id":4588,"href":"https:\/\/www.esaf2019.ch\/fr\/wp-json\/wp\/v2\/pages\/3752\/revisions\/4588"}],"up":[{"embeddable":true,"href":"https:\/\/www.esaf2019.ch\/fr\/wp-json\/wp\/v2\/pages\/560"}],"wp:attachment":[{"href":"https:\/\/www.esaf2019.ch\/fr\/wp-json\/wp\/v2\/media?parent=3752"}],"curies":[{"name":"wp","href":"https:\/\/api.w.org\/{rel}","templated":true}]}}