{"id":3739,"date":"2018-08-17T16:03:13","date_gmt":"2018-08-17T14:03:13","guid":{"rendered":"https:\/\/www.esaf2019.ch\/fr\/?page_id=3739"},"modified":"2019-05-07T14:30:03","modified_gmt":"2019-05-07T12:30:03","slug":"visiteurs","status":"publish","type":"page","link":"https:\/\/www.esaf2019.ch\/fr\/visiteurs\/","title":{"rendered":"Visiteurs"},"content":{"rendered":"<div class=\"flex_column av_one_fifth  flex_column_div av-zero-column-padding first  \" style='border-radius:0px; '><\/div>\n<div class=\"flex_column av_four_fifth  flex_column_div av-zero-column-padding   \" style='border-radius:0px; '><p><div style='padding-bottom:30px;font-size:35px;' class='av-special-heading av-special-heading-h4  blockquote modern-quote   av-thin-font av-inherit-size'><h4 class='av-special-heading-tag'  itemprop=\"headline\"  >Bienvenue \u00e0 Zoug<strong>.<\/strong><\/h4><div class='special-heading-border'><div class='special-heading-inner-border' ><\/div><\/div><\/div><br \/>\n<section class=\"av_textblock_section\"  itemscope=\"itemscope\" itemtype=\"https:\/\/schema.org\/CreativeWork\" ><div class='avia_textblock '   itemprop=\"text\" ><p>Nous vous souhaitons la bienvenue \u00e0 notre f\u00eate \u00e0 Zoug.\u00a0Vous trouvez en tant que visiteur les informations importantes vous concernant sous les diff\u00e9rentes rubriques compl\u00e9t\u00e9es au fur et \u00e0 mesure.<\/p>\n<\/div><\/section><\/p><\/div>\n<div class='sort_width_container av-sort-yes' data-portfolio-id='1' ><div id='js_sort_items' ><div class='sort_by_cat hidden '><a href=\"#\" data-filter=\"all_sort\" class=\"all_sort_button active_sort\"><span class=\"inner_sort_button\"><span>Alle<\/span><small class=\"av-cat-count\"> 8 <\/small><\/span><\/a><span class='text-sep visiteurs_sort_sep'>\/<\/span><a href=\"#\" data-filter=\"visiteurs_sort\" class=\"visiteurs_sort_button\" ><span class=\"inner_sort_button\"><span>visiteurs<\/span><small class='av-cat-count'> 8 <\/small><\/span><\/a><\/div><\/div><\/div><div class=' grid-sort-container isotope no_margin-container with-title-container grid-total-even grid-col-4 grid-links-' data-portfolio-id='1'><div data-ajax-id='5438' class=' grid-entry flex_column isotope-item all_sort no_margin post-entry post-entry-5438 grid-entry-overview grid-loop-1 grid-parity-odd  visiteurs_sort  av_one_fourth first default_av_fullwidth '><article class='main_color inner-entry'  itemscope=\"itemscope\" itemtype=\"https:\/\/schema.org\/CreativeWork\" ><a href='https:\/\/www.esaf2019.ch\/fr\/visiteurs\/zug-arena\/' title='Zug Arena'  data-rel='grid-1' class='grid-image avia-hover-fx'><img loading=\"lazy\" decoding=\"async\" width=\"260\" height=\"185\" src=\"https:\/\/www.esaf2019.ch\/fr\/wp-content\/uploads\/2019\/05\/ZugArena_animiert-260x185.jpg\" class=\"attachment-portfolio_small size-portfolio_small wp-post-image\" alt=\"\" \/><\/a><div class='grid-content'><div class='avia-arrow'><\/div><header class=\"entry-content-header\"><h3 class='grid-entry-title entry-title'  itemprop=\"headline\" ><a href='https:\/\/www.esaf2019.ch\/fr\/visiteurs\/zug-arena\/' title='Zug Arena'>Zug Arena<\/a><\/h3><\/header><\/div><footer class=\"entry-footer\"><\/footer><\/article><\/div><div data-ajax-id='3692' class=' grid-entry flex_column isotope-item all_sort no_margin post-entry post-entry-3692 grid-entry-overview grid-loop-2 grid-parity-even  information-du-fete_sort visiteurs_sort  av_one_fourth  default_av_fullwidth '><article class='main_color inner-entry'  itemscope=\"itemscope\" itemtype=\"https:\/\/schema.org\/CreativeWork\" ><a href='https:\/\/www.esaf2019.ch\/fr\/visiteurs\/tickets\/' title='Tickets'  data-rel='grid-1' class='grid-image avia-hover-fx'><img loading=\"lazy\" decoding=\"async\" width=\"260\" height=\"185\" src=\"https:\/\/www.esaf2019.ch\/fr\/wp-content\/uploads\/2018\/08\/schwingen-083-260x185.jpg\" class=\"attachment-portfolio_small size-portfolio_small wp-post-image\" alt=\"\" \/><\/a><div class='grid-content'><div class='avia-arrow'><\/div><header class=\"entry-content-header\"><h3 class='grid-entry-title entry-title'  itemprop=\"headline\" ><a href='https:\/\/www.esaf2019.ch\/fr\/visiteurs\/tickets\/' title='Tickets'>Tickets<\/a><\/h3><\/header><\/div><footer class=\"entry-footer\"><\/footer><\/article><\/div><div data-ajax-id='580' class=' grid-entry flex_column isotope-item all_sort no_margin post-entry post-entry-580 grid-entry-overview grid-loop-3 grid-parity-odd  information-du-fete_sort visiteurs_sort  av_one_fourth  default_av_fullwidth '><article class='main_color inner-entry'  itemscope=\"itemscope\" itemtype=\"https:\/\/schema.org\/CreativeWork\" ><a href='https:\/\/www.esaf2019.ch\/fr\/visiteurs\/site\/' title='Site'  data-rel='grid-1' class='grid-image avia-hover-fx'><img loading=\"lazy\" decoding=\"async\" width=\"260\" height=\"185\" src=\"https:\/\/www.esaf2019.ch\/fr\/wp-content\/uploads\/2018\/07\/festgelaende-039-260x185.jpg\" class=\"attachment-portfolio_small size-portfolio_small wp-post-image\" alt=\"\" \/><\/a><div class='grid-content'><div class='avia-arrow'><\/div><header class=\"entry-content-header\"><h3 class='grid-entry-title entry-title'  itemprop=\"headline\" ><a href='https:\/\/www.esaf2019.ch\/fr\/visiteurs\/site\/' title='Site'>Site<\/a><\/h3><\/header><\/div><footer class=\"entry-footer\"><\/footer><\/article><\/div><div data-ajax-id='5535' class=' grid-entry flex_column isotope-item all_sort no_margin post-entry post-entry-5535 grid-entry-overview grid-loop-4 grid-parity-even  information-du-fete_sort visiteurs_sort  av_one_fourth  default_av_fullwidth '><article class='main_color inner-entry'  itemscope=\"itemscope\" itemtype=\"https:\/\/schema.org\/CreativeWork\" ><a href='https:\/\/www.esaf2019.ch\/fr\/visiteurs\/personneshandicapees\/' title='Personnes handicap\u00e9es.'  data-rel='grid-1' class='grid-image avia-hover-fx'><img loading=\"lazy\" decoding=\"async\" width=\"260\" height=\"185\" src=\"https:\/\/www.esaf2019.ch\/fr\/wp-content\/uploads\/2019\/05\/rollstuhl-260x185.jpg\" class=\"attachment-portfolio_small size-portfolio_small wp-post-image\" alt=\"\" \/><\/a><div class='grid-content'><div class='avia-arrow'><\/div><header class=\"entry-content-header\"><h3 class='grid-entry-title entry-title'  itemprop=\"headline\" ><a href='https:\/\/www.esaf2019.ch\/fr\/visiteurs\/personneshandicapees\/' title='Personnes handicap\u00e9es.'>Personnes handicap\u00e9es.<\/a><\/h3><\/header><\/div><footer class=\"entry-footer\"><\/footer><\/article><\/div><div data-ajax-id='3690' class=' grid-entry flex_column isotope-item all_sort no_margin post-entry post-entry-3690 grid-entry-overview grid-loop-5 grid-parity-odd  information-du-fete_sort visiteurs_sort  av_one_fourth first default_av_fullwidth '><article class='main_color inner-entry'  itemscope=\"itemscope\" itemtype=\"https:\/\/schema.org\/CreativeWork\" ><a href='https:\/\/www.esaf2019.ch\/fr\/visiteurs\/hebergement\/' title='H\u00e9bergement'  data-rel='grid-1' class='grid-image avia-hover-fx'><img loading=\"lazy\" decoding=\"async\" width=\"260\" height=\"185\" src=\"https:\/\/www.esaf2019.ch\/fr\/wp-content\/uploads\/2018\/08\/besucher-953-260x185.jpg\" class=\"attachment-portfolio_small size-portfolio_small wp-post-image\" alt=\"\" \/><\/a><div class='grid-content'><div class='avia-arrow'><\/div><header class=\"entry-content-header\"><h3 class='grid-entry-title entry-title'  itemprop=\"headline\" ><a href='https:\/\/www.esaf2019.ch\/fr\/visiteurs\/hebergement\/' title='H\u00e9bergement'>H\u00e9bergement<\/a><\/h3><\/header><\/div><footer class=\"entry-footer\"><\/footer><\/article><\/div><div data-ajax-id='5558' class=' grid-entry flex_column isotope-item all_sort no_margin post-entry post-entry-5558 grid-entry-overview grid-loop-6 grid-parity-even  information-du-fete_sort visiteurs_sort  av_one_fourth  default_av_fullwidth '><article class='main_color inner-entry'  itemscope=\"itemscope\" itemtype=\"https:\/\/schema.org\/CreativeWork\" ><a href='https:\/\/www.esaf2019.ch\/fr\/visiteurs\/accesenvoiture\/' title='Acc\u00e8s en voiture'  data-rel='grid-1' class='grid-image avia-hover-fx'><img loading=\"lazy\" decoding=\"async\" width=\"260\" height=\"185\" src=\"https:\/\/www.esaf2019.ch\/fr\/wp-content\/uploads\/2019\/05\/besucher-944-260x185.jpg\" class=\"attachment-portfolio_small size-portfolio_small wp-post-image\" alt=\"\" \/><\/a><div class='grid-content'><div class='avia-arrow'><\/div><header class=\"entry-content-header\"><h3 class='grid-entry-title entry-title'  itemprop=\"headline\" ><a href='https:\/\/www.esaf2019.ch\/fr\/visiteurs\/accesenvoiture\/' title='Acc\u00e8s en voiture'>Acc\u00e8s en voiture<\/a><\/h3><\/header><\/div><footer class=\"entry-footer\"><\/footer><\/article><\/div><div data-ajax-id='5531' class=' grid-entry flex_column isotope-item all_sort no_margin post-entry post-entry-5531 grid-entry-overview grid-loop-7 grid-parity-odd  information-du-fete_sort visiteurs_sort  av_one_fourth  default_av_fullwidth '><article class='main_color inner-entry'  itemscope=\"itemscope\" itemtype=\"https:\/\/schema.org\/CreativeWork\" ><a href='https:\/\/www.esaf2019.ch\/fr\/visiteurs\/accesentrain\/' title='Acc\u00e8s en train'  data-rel='grid-1' class='grid-image avia-hover-fx'><img loading=\"lazy\" decoding=\"async\" width=\"260\" height=\"185\" src=\"https:\/\/www.esaf2019.ch\/fr\/wp-content\/uploads\/2019\/05\/anreise_zug2-260x185.jpg\" class=\"attachment-portfolio_small size-portfolio_small wp-post-image\" alt=\"\" srcset=\"https:\/\/www.esaf2019.ch\/fr\/wp-content\/uploads\/2019\/05\/anreise_zug2-260x185.jpg 260w, https:\/\/www.esaf2019.ch\/fr\/wp-content\/uploads\/2019\/05\/anreise_zug2-600x430.jpg 600w\" sizes=\"auto, (max-width: 260px) 100vw, 260px\" \/><\/a><div class='grid-content'><div class='avia-arrow'><\/div><header class=\"entry-content-header\"><h3 class='grid-entry-title entry-title'  itemprop=\"headline\" ><a href='https:\/\/www.esaf2019.ch\/fr\/visiteurs\/accesentrain\/' title='Acc\u00e8s en train'>Acc\u00e8s en train<\/a><\/h3><\/header><\/div><footer class=\"entry-footer\"><\/footer><\/article><\/div><div data-ajax-id='5533' class=' grid-entry flex_column isotope-item all_sort no_margin post-entry post-entry-5533 grid-entry-overview grid-loop-8 grid-parity-even  post-entry-last  information-du-fete_sort visiteurs_sort  av_one_fourth  default_av_fullwidth '><article class='main_color inner-entry'  itemscope=\"itemscope\" itemtype=\"https:\/\/schema.org\/CreativeWork\" ><a href='https:\/\/www.esaf2019.ch\/fr\/visiteurs\/acceszvbbus\/' title='Acc\u00e8s en Bus (ZVB)'  data-rel='grid-1' class='grid-image avia-hover-fx'><img loading=\"lazy\" decoding=\"async\" width=\"260\" height=\"185\" src=\"https:\/\/www.esaf2019.ch\/fr\/wp-content\/uploads\/2019\/05\/zvb-260x185.jpg\" class=\"attachment-portfolio_small size-portfolio_small wp-post-image\" alt=\"\" \/><\/a><div class='grid-content'><div class='avia-arrow'><\/div><header class=\"entry-content-header\"><h3 class='grid-entry-title entry-title'  itemprop=\"headline\" ><a href='https:\/\/www.esaf2019.ch\/fr\/visiteurs\/acceszvbbus\/' title='Acc\u00e8s en Bus (ZVB)'>Acc\u00e8s en Bus (ZVB)<\/a><\/h3><\/header><\/div><footer class=\"entry-footer\"><\/footer><\/article><\/div><\/div>\n<div style='height:90px' class='hr hr-invisible '><span class='hr-inner ' ><span class='hr-inner-style'><\/span><\/span><\/div>\n<div style='padding-bottom:20px;font-size:35px;' class='av-special-heading av-special-heading-h1  blockquote modern-quote modern-centered   av-thin-font av-inherit-size'><h1 class='av-special-heading-tag'  itemprop=\"headline\"  >Facts &#8211; Figures<strong>.<\/strong><\/h1><div class='special-heading-border'><div class='special-heading-inner-border' ><\/div><\/div><\/div>\n<\/div><\/div><\/div><!-- close content main div --><\/div><\/div><div id='av-layout-grid-1' class='av-layout-grid-container entry-content-wrapper main_color av-flex-cells  container_wrap sidebar_right'   >\n<div class=\"flex_cell no_margin av_one_third   avia-full-stretch \" style='vertical-align:middle; padding:50px; '><div class='flex_cell_inner' ><div style='color:#0a0a0a' class=\"avia-animated-number av-force-default-color avia-color-font-custom  avia_animate_when_visible\" style='color:#0a0a0a'><strong class=\"heading avia-animated-number-title\" style='font-size:50px'><span class=\"avia-single-number __av-single-number\" data-number=\"280\">280<\/span><\/strong><div class='avia-animated-number-content' style='font-size:22px'><p>lutteurs<\/p>\n<\/div><\/div>\n<\/div><\/div><div class=\"flex_cell no_margin av_one_third   avia-full-stretch \" style='vertical-align:middle; padding:50px; background-color:#0071b7; '><div class='flex_cell_inner' ><div style='color:#ffffff' class=\"avia-animated-number av-force-default-color avia-color-font-custom  avia_animate_when_visible\" style='color:#ffffff'><strong class=\"heading avia-animated-number-title\" style='font-size:50px'><span class=\"avia-single-number __av-single-number\" data-number=\"8\">8<\/span><span class=\"avia-no-number\">\u2019<\/span><span class=\"avia-single-number __av-single-number\" data-number=\"000\">000<\/span><span class=\"avia-no-number\"> places<\/span><\/strong><div class='avia-animated-number-content' style='font-size:22px'><p>public viewing<\/p>\n<\/div><\/div>\n<\/div><\/div><div class=\"flex_cell no_margin av_one_third   avia-full-stretch \" style='vertical-align:middle; padding:50px; '><div class='flex_cell_inner' ><div style='color:#000000' class=\"avia-animated-number av-force-default-color avia-color-font-custom  avia_animate_when_visible\" style='color:#000000'><strong class=\"heading avia-animated-number-title\" style='font-size:50px'><span class=\"avia-single-number __av-single-number\" data-number=\"6\">6<\/span><span class=\"avia-no-number\">\u2019<\/span><span class=\"avia-single-number __av-single-number\" data-number=\"000\">000<\/span><\/strong><div class='avia-animated-number-content' style='font-size:22px'><p>b\u00e9n\u00e9voles<\/p>\n<\/div><\/div>\n<\/div><\/div>\n<\/div>\n<div style='height:90px' class='hr hr-invisible '><span class='hr-inner ' ><span class='hr-inner-style'><\/span><\/span><\/div>\n<div id='av-masonry-1' class='av-masonry noHover av-fixed-size av-no-gap av-hover-overlay-active av-masonry-col-4 av-caption-always av-caption-style- av-masonry-gallery    ' style='background-color:#ffffff; ' ><div class='av-masonry-container isotope av-js-disabled ' ><div class='av-masonry-entry isotope-item av-masonry-item-no-image '><\/div><a href=\"https:\/\/www.esaf2019.ch\/fr\/wp-content\/uploads\/2018\/08\/esafdiversweb-1-von-18.jpg\" id='av-masonry-1-item-3719' data-av-masonry-item='3719' class='av-masonry-entry isotope-item post-3719 attachment type-attachment status-inherit hentry  av-masonry-item-with-image' title=\"\"  itemprop=\"thumbnailUrl\" ><div class='av-inner-masonry-sizer'><\/div><figure class='av-inner-masonry main_color'><div class=\"av-masonry-outerimage-container\"><div class=\"av-masonry-image-container\" style=\"background-image: url(https:\/\/www.esaf2019.ch\/fr\/wp-content\/uploads\/2018\/08\/esafdiversweb-1-von-18-705x470.jpg);\"><img decoding=\"async\" src=\"https:\/\/www.esaf2019.ch\/fr\/wp-content\/uploads\/2018\/08\/esafdiversweb-1-von-18-705x470.jpg\" title=\"esafdiversweb (1 von 18)\" alt=\"\" \/><\/div><\/div><\/figure><\/a><!--end av-masonry entry--><a href=\"https:\/\/www.esaf2019.ch\/fr\/wp-content\/uploads\/2018\/08\/besucher-944.jpg\" id='av-masonry-1-item-4209' data-av-masonry-item='4209' class='av-masonry-entry isotope-item post-4209 attachment type-attachment status-inherit hentry  av-masonry-item-with-image' title=\"\"  itemprop=\"thumbnailUrl\" ><div class='av-inner-masonry-sizer'><\/div><figure class='av-inner-masonry main_color'><div class=\"av-masonry-outerimage-container\"><div class=\"av-masonry-image-container\" style=\"background-image: url(https:\/\/www.esaf2019.ch\/fr\/wp-content\/uploads\/2018\/08\/besucher-944-705x470.jpg);\"><img decoding=\"async\" src=\"https:\/\/www.esaf2019.ch\/fr\/wp-content\/uploads\/2018\/08\/besucher-944-705x470.jpg\" title=\"besucher-944\" alt=\"\" \/><\/div><\/div><\/figure><\/a><!--end av-masonry entry--><a href=\"https:\/\/www.esaf2019.ch\/fr\/wp-content\/uploads\/2018\/08\/besucher-417.jpg\" id='av-masonry-1-item-4208' data-av-masonry-item='4208' class='av-masonry-entry isotope-item post-4208 attachment type-attachment status-inherit hentry  av-masonry-item-with-image' title=\"\"  itemprop=\"thumbnailUrl\" ><div class='av-inner-masonry-sizer'><\/div><figure class='av-inner-masonry main_color'><div class=\"av-masonry-outerimage-container\"><div class=\"av-masonry-image-container\" style=\"background-image: url(https:\/\/www.esaf2019.ch\/fr\/wp-content\/uploads\/2018\/08\/besucher-417-705x470.jpg);\"><img decoding=\"async\" src=\"https:\/\/www.esaf2019.ch\/fr\/wp-content\/uploads\/2018\/08\/besucher-417-705x470.jpg\" title=\"schwingarena Estavayer, eidgenoessisches Schwingfest\" alt=\"\" \/><\/div><\/div><\/figure><\/a><!--end av-masonry entry--><a href=\"https:\/\/www.esaf2019.ch\/fr\/wp-content\/uploads\/2018\/08\/besucher-951.jpg\" id='av-masonry-1-item-4210' data-av-masonry-item='4210' class='av-masonry-entry isotope-item post-4210 attachment type-attachment status-inherit hentry  av-masonry-item-with-image' title=\"\"  itemprop=\"thumbnailUrl\" ><div class='av-inner-masonry-sizer'><\/div><figure class='av-inner-masonry main_color'><div class=\"av-masonry-outerimage-container\"><div class=\"av-masonry-image-container\" style=\"background-image: url(https:\/\/www.esaf2019.ch\/fr\/wp-content\/uploads\/2018\/08\/besucher-951-705x470.jpg);\"><img decoding=\"async\" src=\"https:\/\/www.esaf2019.ch\/fr\/wp-content\/uploads\/2018\/08\/besucher-951-705x470.jpg\" title=\"besucher-951\" alt=\"\" \/><\/div><\/div><\/figure><\/a><!--end av-masonry entry--><\/div><\/div>\n","protected":false},"excerpt":{"rendered":"","protected":false},"author":9,"featured_media":0,"parent":0,"menu_order":0,"comment_status":"closed","ping_status":"closed","template":"","meta":{"footnotes":""},"class_list":["post-3739","page","type-page","status-publish","hentry"],"_links":{"self":[{"href":"https:\/\/www.esaf2019.ch\/fr\/wp-json\/wp\/v2\/pages\/3739","targetHints":{"allow":["GET"]}}],"collection":[{"href":"https:\/\/www.esaf2019.ch\/fr\/wp-json\/wp\/v2\/pages"}],"about":[{"href":"https:\/\/www.esaf2019.ch\/fr\/wp-json\/wp\/v2\/types\/page"}],"author":[{"embeddable":true,"href":"https:\/\/www.esaf2019.ch\/fr\/wp-json\/wp\/v2\/users\/9"}],"replies":[{"embeddable":true,"href":"https:\/\/www.esaf2019.ch\/fr\/wp-json\/wp\/v2\/comments?post=3739"}],"version-history":[{"count":9,"href":"https:\/\/www.esaf2019.ch\/fr\/wp-json\/wp\/v2\/pages\/3739\/revisions"}],"predecessor-version":[{"id":5051,"href":"https:\/\/www.esaf2019.ch\/fr\/wp-json\/wp\/v2\/pages\/3739\/revisions\/5051"}],"wp:attachment":[{"href":"https:\/\/www.esaf2019.ch\/fr\/wp-json\/wp\/v2\/media?parent=3739"}],"curies":[{"name":"wp","href":"https:\/\/api.w.org\/{rel}","templated":true}]}}