{"id":3558,"date":"2018-07-24T16:17:43","date_gmt":"2018-07-24T14:17:43","guid":{"rendered":"https:\/\/www.esaf2019.ch\/fr\/?page_id=3558"},"modified":"2019-01-07T17:32:45","modified_gmt":"2019-01-07T16:32:45","slug":"helfer","status":"publish","type":"page","link":"https:\/\/www.esaf2019.ch\/fr\/fete\/helfer\/","title":{"rendered":"B\u00e9n\u00e9voles"},"content":{"rendered":"<\/div><\/div><\/div><!-- close content main div --><\/div><\/div><div id='av_section_1' class='avia-section main_color avia-section-default avia-no-border-styling avia-bg-style-scroll  av-minimum-height av-minimum-height-25 container_wrap sidebar_right' style = 'background-repeat: no-repeat; background-image: url(https:\/\/www.esaf2019.ch\/fr\/wp-content\/uploads\/2018\/08\/chrampfer.jpg); background-attachment: scroll; background-position: top center; ' data-section-bg-repeat='no-repeat' ><div class='container' ><div class='template-page content  av-content-small alpha units'><div class='post-entry post-entry-type-page post-entry-3558'><div class='entry-content-wrapper clearfix'><\/div><\/div><\/div><!-- close content main div --><\/div><\/div><div id='after_section_1' class='main_color av_default_container_wrap container_wrap sidebar_right'   ><div class='container' ><div class='template-page content  av-content-small alpha units'><div class='post-entry post-entry-type-page post-entry-3558'><div class='entry-content-wrapper clearfix'>\n<\/div><\/div><\/div><!-- close content main div --><\/div><\/div><div id='av_section_2' class='avia-section main_color avia-section-large avia-no-border-styling avia-bg-style-scroll  container_wrap sidebar_right'   ><div class='container' ><div class='template-page content  av-content-small alpha units'><div class='post-entry post-entry-type-page post-entry-3558'><div class='entry-content-wrapper clearfix'>\n<div style='padding-bottom:30px;font-size:35px;' class='av-special-heading av-special-heading-h1  blockquote modern-quote   av-thin-font av-inherit-size'><h1 class='av-special-heading-tag'  itemprop=\"headline\"  >\u00abChrampfer\u00bb mit Leidenschaft und Emotionen<strong>.<\/strong><\/h1><div class='special-heading-border'><div class='special-heading-inner-border' ><\/div><\/div><\/div>\n<div class=\"flex_column av_one_half  flex_column_div av-zero-column-padding first  \" style='border-radius:0px; '><section class=\"av_textblock_section\"  itemscope=\"itemscope\" itemtype=\"https:\/\/schema.org\/CreativeWork\" ><div class='avia_textblock '   itemprop=\"text\" ><p>Mehr als 4&#8217;000 Helferinnen und Helfer, wir nennen sie \u00abChrampfer\u00bb, suchen wir f\u00fcr das n\u00e4chste Eidgen\u00f6ssische Schwing- und \u00c4lplerfest in Zug. Nutzen Sie die Chance, als wertvolles Puzzleteil zum Erfolg dieses Grossanlasses beizutragen und melden Sie sich an. Nebst einem einmaligen Erlebnis bietet sich den \u00abChrampfern\u00bb das Privileg in die Arena zu gelangen.<\/p>\n<\/div><\/section><\/div><div class=\"flex_column av_one_half  flex_column_div av-zero-column-padding   \" style='border-radius:0px; '><section class=\"av_textblock_section\"  itemscope=\"itemscope\" itemtype=\"https:\/\/schema.org\/CreativeWork\" ><div class='avia_textblock '   itemprop=\"text\" ><p>Aus organisatorischen Gr\u00fcnden suchen wir Gruppen bestehend aus mindestens 10 Personen (Verb\u00e4nde, Vereine, Klubs).<strong> Als Einzelperson<\/strong> schliessen Sie sich bitte selbstst\u00e4ndig einer Gruppe an oder bilden mit mindestens 9 weiteren Personen eine eigene Gruppe. Ist Ihnen das nicht m\u00f6glich, freuen wir uns trotzdem auf Ihre pers\u00f6nliche Anmeldung via<strong> <a href=\"mailto:chrampfer@esaf2019.ch\">chrampfer@esaf2019.ch<\/a>.<\/strong><\/p>\n<\/div><\/section><\/div><div style='padding-bottom:30px;font-size:35px;' class='av-special-heading av-special-heading-h1  blockquote modern-quote   av-thin-font av-inherit-size'><h1 class='av-special-heading-tag'  itemprop=\"headline\"  >Dies charakterisiert die \u00abChrampfer\u00bb des ESAF Zug 2019<strong>.<\/strong><\/h1><div class='special-heading-border'><div class='special-heading-inner-border' ><\/div><\/div><\/div>\n<div class=\"flex_column av_one_half  flex_column_div av-zero-column-padding first  \" style='border-radius:0px; '><div class='avia-icon-list-container '><ul class='avia-icon-list avia-icon-list-left av-iconlist-small avia_animate_when_almost_visible'>\n<li><div  style='color:#0071b7; ' class='iconlist_icon  avia-font-entypo-fontello'><span class='iconlist-char' aria-hidden='true' data-av_icon='\ue806' data-av_iconfont='entypo-fontello'><\/span><\/div><article class=\"article-icon-entry \"  itemscope=\"itemscope\" itemtype=\"https:\/\/schema.org\/CreativeWork\" ><div class='iconlist_content_wrap'><header class=\"entry-content-header\"><div class='av_iconlist_title iconlist_title_small '  itemprop=\"headline\"  >Charakter<\/div><\/header><div class='iconlist_content '  itemprop=\"text\"  ><p>Sie sind flexibel und unkompliziert<\/p>\n<\/div><\/div><footer class=\"entry-footer\"><\/footer><\/article><div class='iconlist-timeline'><\/div><\/li>\n<li><div  style='color:#0071b7; ' class='iconlist_icon  avia-font-flaticon-sports'><span class='iconlist-char' aria-hidden='true' data-av_icon='\uf102' data-av_iconfont='flaticon-sports'><\/span><\/div><article class=\"article-icon-entry \"  itemscope=\"itemscope\" itemtype=\"https:\/\/schema.org\/CreativeWork\" ><div class='iconlist_content_wrap'><header class=\"entry-content-header\"><div class='av_iconlist_title iconlist_title_small '  itemprop=\"headline\"  >K\u00f6rperlich<\/div><\/header><div class='iconlist_content '  itemprop=\"text\"  ><p>Sie sind k\u00f6rperlich gesund und haben Durchhaltewillen<\/p>\n<\/div><\/div><footer class=\"entry-footer\"><\/footer><\/article><div class='iconlist-timeline'><\/div><\/li>\n<li><div  style='color:#0071b7; ' class='iconlist_icon  avia-font-flaticon-sports'><span class='iconlist-char' aria-hidden='true' data-av_icon='\uf10c' data-av_iconfont='flaticon-sports'><\/span><\/div><article class=\"article-icon-entry \"  itemscope=\"itemscope\" itemtype=\"https:\/\/schema.org\/CreativeWork\" ><div class='iconlist_content_wrap'><header class=\"entry-content-header\"><div class='av_iconlist_title iconlist_title_small '  itemprop=\"headline\"  >Motivation<\/div><\/header><div class='iconlist_content '  itemprop=\"text\"  ><p>Sie sind motiviert und stolz, eine tragende Rolle am ESAF Zug 2019 \u00fcbernehmen zu d\u00fcrfen<\/p>\n<\/div><\/div><footer class=\"entry-footer\"><\/footer><\/article><div class='iconlist-timeline'><\/div><\/li>\n<li><div  style='color:#0071b7; ' class='iconlist_icon  avia-font-entypo-fontello'><span class='iconlist-char' aria-hidden='true' data-av_icon='\ue862' data-av_iconfont='entypo-fontello'><\/span><\/div><article class=\"article-icon-entry \"  itemscope=\"itemscope\" itemtype=\"https:\/\/schema.org\/CreativeWork\" ><div class='iconlist_content_wrap'><header class=\"entry-content-header\"><div class='av_iconlist_title iconlist_title_small '  itemprop=\"headline\"  >Alter<\/div><\/header><div class='iconlist_content '  itemprop=\"text\"  ><p>mindestens 18 Jahre (j\u00fcngere Personen nur in Begleitung einer erwachsenen Person und mit Einwilligung durch die Stabsstelle Personal)<\/p>\n<\/div><\/div><footer class=\"entry-footer\"><\/footer><\/article><div class='iconlist-timeline'><\/div><\/li>\n<\/ul><\/div><\/div><div class=\"flex_column av_one_half  flex_column_div av-zero-column-padding   \" style='border-radius:0px; '><section class=\"av_textblock_section\"  itemscope=\"itemscope\" itemtype=\"https:\/\/schema.org\/CreativeWork\" ><div class='avia_textblock '   itemprop=\"text\" ><p>Z\u00f6gern Sie nicht, f\u00fcllen Sie das folgende Formular aus und Sie sind mit dabei. Wir freuen uns auf Sie!<\/p>\n<p>Im Namen der Stabsstelle Personal<br \/>\nMarkus Maurer<\/p>\n<p><img loading=\"lazy\" decoding=\"async\" class=\"size-medium wp-image-1590\" src=\"https:\/\/www.esaf2019.ch\/wp-content\/uploads\/2017\/06\/ESAF_OK_Markuf_Maurer-300x200.jpeg\" alt=\"Markus Maurer\" width=\"300\" height=\"200\" srcset=\"https:\/\/www.esaf2019.ch\/fr\/wp-content\/uploads\/2017\/06\/ESAF_OK_Markuf_Maurer-300x200.jpeg 300w, https:\/\/www.esaf2019.ch\/fr\/wp-content\/uploads\/2017\/06\/ESAF_OK_Markuf_Maurer-768x511.jpeg 768w, https:\/\/www.esaf2019.ch\/fr\/wp-content\/uploads\/2017\/06\/ESAF_OK_Markuf_Maurer-705x470.jpeg 705w, https:\/\/www.esaf2019.ch\/fr\/wp-content\/uploads\/2017\/06\/ESAF_OK_Markuf_Maurer-450x300.jpeg 450w, https:\/\/www.esaf2019.ch\/fr\/wp-content\/uploads\/2017\/06\/ESAF_OK_Markuf_Maurer.jpeg 1000w\" sizes=\"auto, (max-width: 300px) 100vw, 300px\" \/><\/p>\n<p><strong>\u00a0<\/strong><\/p>\n<\/div><\/section><\/div><div style='padding-bottom:30px;font-size:35px;' class='av-special-heading av-special-heading-h1  blockquote modern-quote  av-thin-font av-inherit-size'><h1 class='av-special-heading-tag'  itemprop=\"headline\"  >Wir suchen Spezialisten<strong>.<\/strong><\/h1><div class='special-heading-border'><div class='special-heading-inner-border' ><\/div><\/div><\/div>\n<section class=\"av_textblock_section\"  itemscope=\"itemscope\" itemtype=\"https:\/\/schema.org\/CreativeWork\" ><div class='avia_textblock '   itemprop=\"text\" ><p><b>Staplerfahrer<\/b><br \/>\nF\u00fcr den Auf- und Abbau der Bauten suchen wir motivierte Fahrer f\u00fcr Teleskop- und Gel\u00e4ndestapler sowie f\u00fcr Hebeb\u00fchnen. Eins\u00e4tze sind m\u00f6glich zwischen dem 10. Juni und dem 6. September 2019. Bedingung: G\u00fcltiger SUVA-anerkannter Staplerausweis der jeweiligen Kategorie. Sind Sie mit dabei? Dann melden Sie sich direkt bei <strong><a href=\"mailto:franz.aebli@landisbau.ch\" rel=\"noopener\">franz.aebli@landisbau.ch<\/a><\/strong>. Er steht Ihnen gerne auch f\u00fcr R\u00fcckfragen zur Verf\u00fcgung.<\/p>\n<p><b>Sicherheitspersonal<\/b><br \/>\nDie Abteilung \u00abSicherheit\u00bb sucht ungef\u00e4hr 150 Personen, die speziell in diesem Bereich besondere Erfahrung mitbringen. Ehemalige Polizisten und Feuerwehrleute sind besonders geeignet. Selbstverst\u00e4ndlich m\u00f6chten wir auch andere Frauen und M\u00e4nner ansprechen, die sich im Umgang mit Leuten vertraut f\u00fchlen. Interessiert? Dann melden Sie sich direkt bei\u00a0<a class=\"m_7924559149010870263m_-2665067846978890514moz-txt-link-abbreviated\" href=\"mailto:pius.schlumpf@esaf2019.ch\" target=\"_blank\" rel=\"noopener\">pius.schlumpf@esaf2019.ch<\/a>oder\u00a0<a class=\"m_7924559149010870263m_-2665067846978890514moz-txt-link-abbreviated\" href=\"mailto:marco.brotschi@esaf2019.ch\" target=\"_blank\" rel=\"noopener\">marco.brotschi@esaf2019.ch<\/a>.<\/p>\n<\/div><\/section>\n<\/div><\/div><\/div><!-- close content main div --><\/div><\/div><div id='after_section_2' class='main_color av_default_container_wrap container_wrap sidebar_right'   ><div class='container' ><div class='template-page content  av-content-small alpha units'><div class='post-entry post-entry-type-page post-entry-3558'><div class='entry-content-wrapper clearfix'>\n<div style='padding-bottom:30px;font-size:35px;' class='av-special-heading av-special-heading-h1  blockquote modern-quote modern-centered   av-thin-font av-inherit-size'><h1 class='av-special-heading-tag'  itemprop=\"headline\"  >Anmeldeformular<strong>.<\/strong><\/h1><div class ='av-subheading av-subheading_below ' style='font-size:15px;'><p>Die Felder, die mit einem Stern (*) markiert sind, m\u00fcssen ausgef\u00fcllt werden.<\/p>\n<\/div><div class='special-heading-border'><div class='special-heading-inner-border' ><\/div><\/div><\/div>\n<div class=\"flex_column av_one_fourth  flex_column_div av-zero-column-padding first  \" style='border-radius:0px; '><\/div>\n<div class=\"flex_column av_one_half  flex_column_div av-zero-column-padding   \" style='border-radius:0px; '><section class=\"avia_codeblock_section avia_code_block_0\"  itemscope=\"itemscope\" itemtype=\"https:\/\/schema.org\/CreativeWork\" ><div class='avia_codeblock '  itemprop=\"text\" > [avia_codeblock_placeholder uid=\"0\"] <\/div><\/section><\/div>\n","protected":false},"excerpt":{"rendered":"","protected":false},"author":2,"featured_media":0,"parent":511,"menu_order":0,"comment_status":"closed","ping_status":"closed","template":"","meta":{"footnotes":""},"class_list":["post-3558","page","type-page","status-publish","hentry"],"_links":{"self":[{"href":"https:\/\/www.esaf2019.ch\/fr\/wp-json\/wp\/v2\/pages\/3558","targetHints":{"allow":["GET"]}}],"collection":[{"href":"https:\/\/www.esaf2019.ch\/fr\/wp-json\/wp\/v2\/pages"}],"about":[{"href":"https:\/\/www.esaf2019.ch\/fr\/wp-json\/wp\/v2\/types\/page"}],"author":[{"embeddable":true,"href":"https:\/\/www.esaf2019.ch\/fr\/wp-json\/wp\/v2\/users\/2"}],"replies":[{"embeddable":true,"href":"https:\/\/www.esaf2019.ch\/fr\/wp-json\/wp\/v2\/comments?post=3558"}],"version-history":[{"count":6,"href":"https:\/\/www.esaf2019.ch\/fr\/wp-json\/wp\/v2\/pages\/3558\/revisions"}],"predecessor-version":[{"id":4772,"href":"https:\/\/www.esaf2019.ch\/fr\/wp-json\/wp\/v2\/pages\/3558\/revisions\/4772"}],"up":[{"embeddable":true,"href":"https:\/\/www.esaf2019.ch\/fr\/wp-json\/wp\/v2\/pages\/511"}],"wp:attachment":[{"href":"https:\/\/www.esaf2019.ch\/fr\/wp-json\/wp\/v2\/media?parent=3558"}],"curies":[{"name":"wp","href":"https:\/\/api.w.org\/{rel}","templated":true}]}}